{"id":6712,"date":"2024-03-22T12:09:00","date_gmt":"2024-03-22T11:09:00","guid":{"rendered":"https:\/\/www.coachtrigger.com\/?post_type=product&#038;p=6712"},"modified":"2024-03-22T12:09:00","modified_gmt":"2024-03-22T11:09:00","slug":"extra-hours-senior-support","status":"publish","type":"product","link":"https:\/\/coachtrigger.com\/se\/product\/extra-hours-senior-support\/","title":{"rendered":"Extra timmar seniorst\u00f6d"},"content":{"rendered":"<p>Detta paket k\u00f6per dig 10 timmar fr\u00e5n v\u00e5rt seniora supportteam.<\/p>\n<p>Du kan anv\u00e4nda dessa timmar p\u00e5 den h\u00e4r typen av extra hj\u00e4lp fr\u00e5n oss:<\/p>\n<ul>\n<li>Om du vill att vi tar fram kurser och utbildningsmoduler \u00e5t dig i v\u00e5r LMS-editor<\/li>\n<li>Coach-The-Coach-utbildning du kan beh\u00f6va hur du anv\u00e4nder CoachTrigger med dina kunder eller teammedlemmar<\/li>\n<li>Workshops om hur du ut\u00f6kar ditt program med betalda onlineutbildningar<\/li>\n<li>Workshops om hur du skapar fler inkomststr\u00f6mmar f\u00f6r ditt f\u00f6retag<\/li>\n<li>Workshops om hur man skapar fler inkommande kundf\u00f6rfr\u00e5gningar<\/li>\n<li>\u2026 eller n\u00e5got annat du vill ha seniorr\u00e5d om.<\/li>\n<\/ul>\n<p>Vi meddelar dig n\u00e4r de timmar du k\u00f6pt \u00e4r f\u00f6rbrukade och du beh\u00f6ver fylla p\u00e5.<\/p>\n<p>Om du har n\u00e5gra fr\u00e5gor om detta k\u00f6p, v\u00e4nligen maila oss p\u00e5 <a href=\"mailto:contact@coachtrigger.com\">contact@coachtrigger.com<\/a>.<\/p>","protected":false},"excerpt":{"rendered":"<p>Detta paket k\u00f6per dig 10 timmar fr\u00e5n v\u00e5rt seniora supportteam.<\/p>","protected":false},"featured_media":5107,"comment_status":"closed","ping_status":"closed","template":"","meta":{"om_disable_all_campaigns":true,"pmpro_default_level":"","_monsterinsights_skip_tracking":false,"_monsterinsights_sitenote_active":false,"_monsterinsights_sitenote_note":"","_monsterinsights_sitenote_category":0,"_uf_show_specific_survey":0,"_uf_disable_surveys":false},"product_brand":[],"product_cat":[189],"product_tag":[],"class_list":{"0":"post-6712","1":"product","2":"type-product","3":"status-publish","4":"has-post-thumbnail","6":"product_cat-uncategorized","7":"pmpro-has-access","9":"first","10":"instock","11":"taxable","12":"shipping-taxable","13":"purchasable","14":"product-type-simple"},"_links":{"self":[{"href":"https:\/\/coachtrigger.com\/se\/wp-json\/wp\/v2\/product\/6712","targetHints":{"allow":["GET"]}}],"collection":[{"href":"https:\/\/coachtrigger.com\/se\/wp-json\/wp\/v2\/product"}],"about":[{"href":"https:\/\/coachtrigger.com\/se\/wp-json\/wp\/v2\/types\/product"}],"replies":[{"embeddable":true,"href":"https:\/\/coachtrigger.com\/se\/wp-json\/wp\/v2\/comments?post=6712"}],"wp:featuredmedia":[{"embeddable":true,"href":"https:\/\/coachtrigger.com\/se\/wp-json\/wp\/v2\/media\/5107"}],"wp:attachment":[{"href":"https:\/\/coachtrigger.com\/se\/wp-json\/wp\/v2\/media?parent=6712"}],"wp:term":[{"taxonomy":"product_brand","embeddable":true,"href":"https:\/\/coachtrigger.com\/se\/wp-json\/wp\/v2\/product_brand?post=6712"},{"taxonomy":"product_cat","embeddable":true,"href":"https:\/\/coachtrigger.com\/se\/wp-json\/wp\/v2\/product_cat?post=6712"},{"taxonomy":"product_tag","embeddable":true,"href":"https:\/\/coachtrigger.com\/se\/wp-json\/wp\/v2\/product_tag?post=6712"}],"curies":[{"name":"wp","href":"https:\/\/api.w.org\/{rel}","templated":true}]}}