{"id":6698,"date":"2024-03-22T11:59:38","date_gmt":"2024-03-22T10:59:38","guid":{"rendered":"https:\/\/www.coachtrigger.com\/?post_type=product&#038;p=6698"},"modified":"2024-03-22T12:09:56","modified_gmt":"2024-03-22T11:09:56","slug":"coachtrigger-start-package","status":"publish","type":"product","link":"https:\/\/coachtrigger.com\/se\/product\/coachtrigger-start-package\/","title":{"rendered":"CoachTrigger startpaket"},"content":{"rendered":"<p>F\u00f6r nya kunder som vill ha v\u00e5r hj\u00e4lp med den f\u00f6rsta installationen, inklusive:<\/p>\n<ul>\n<li>Skr\u00e4ddarsydd vit m\u00e4rkning med din logotyp och f\u00e4rgschema p\u00e5 alla sk\u00e4rmar<\/li>\n<li>Skr\u00e4ddarsydd uppst\u00e4llning av arbetsfl\u00f6det som passar ditt s\u00e4tt att s\u00e4lja dina tj\u00e4nster<\/li>\n<li>Skr\u00e4ddarsydd produktion av alla dina kurser &amp; utbildningsmaterial i v\u00e5rt LMS<\/li>\n<li>Skr\u00e4ddarsydda ink\u00f6psmoduler f\u00f6r alla dina kurser &amp; utbildningar p\u00e5 din hemsida<\/li>\n<li>2 m\u00e5naders plattformsavgift (normalt 2 x 99$)<\/li>\n<\/ul>\n<p>Detta \u00e4r ett paket som vi erbjuder till nya kunder, inklusive 10 timmar fr\u00e5n v\u00e5rt team f\u00f6r att producera din skr\u00e4ddarsydda CoachTrigger-plattform, redo att b\u00f6rja arbeta med dina kunder.<\/p>\n<p>Om du beh\u00f6ver mer \u00e4n 10 timmars hj\u00e4lp kan du best\u00e4lla extra tidspaket n\u00e4r du vill.<\/p>\n<p>Om du har n\u00e5gra fr\u00e5gor om detta k\u00f6p, v\u00e4nligen maila oss p\u00e5 <a href=\"mailto:contact@coachtrigger.com\">contact@coachtrigger.com<\/a>.<\/p>","protected":false},"excerpt":{"rendered":"<p>F\u00f6r nya kunder som vill ha v\u00e5r hj\u00e4lp med den f\u00f6rsta installationen<\/p>","protected":false},"featured_media":5057,"comment_status":"closed","ping_status":"closed","template":"","meta":{"om_disable_all_campaigns":true,"pmpro_default_level":"","_monsterinsights_skip_tracking":false,"_monsterinsights_sitenote_active":false,"_monsterinsights_sitenote_note":"","_monsterinsights_sitenote_category":0,"_uf_show_specific_survey":0,"_uf_disable_surveys":false},"product_brand":[],"product_cat":[189],"product_tag":[],"class_list":{"0":"post-6698","1":"product","2":"type-product","3":"status-publish","4":"has-post-thumbnail","6":"product_cat-uncategorized","7":"pmpro-has-access","9":"first","10":"instock","11":"taxable","12":"shipping-taxable","13":"purchasable","14":"product-type-simple"},"_links":{"self":[{"href":"https:\/\/coachtrigger.com\/se\/wp-json\/wp\/v2\/product\/6698","targetHints":{"allow":["GET"]}}],"collection":[{"href":"https:\/\/coachtrigger.com\/se\/wp-json\/wp\/v2\/product"}],"about":[{"href":"https:\/\/coachtrigger.com\/se\/wp-json\/wp\/v2\/types\/product"}],"replies":[{"embeddable":true,"href":"https:\/\/coachtrigger.com\/se\/wp-json\/wp\/v2\/comments?post=6698"}],"wp:featuredmedia":[{"embeddable":true,"href":"https:\/\/coachtrigger.com\/se\/wp-json\/wp\/v2\/media\/5057"}],"wp:attachment":[{"href":"https:\/\/coachtrigger.com\/se\/wp-json\/wp\/v2\/media?parent=6698"}],"wp:term":[{"taxonomy":"product_brand","embeddable":true,"href":"https:\/\/coachtrigger.com\/se\/wp-json\/wp\/v2\/product_brand?post=6698"},{"taxonomy":"product_cat","embeddable":true,"href":"https:\/\/coachtrigger.com\/se\/wp-json\/wp\/v2\/product_cat?post=6698"},{"taxonomy":"product_tag","embeddable":true,"href":"https:\/\/coachtrigger.com\/se\/wp-json\/wp\/v2\/product_tag?post=6698"}],"curies":[{"name":"wp","href":"https:\/\/api.w.org\/{rel}","templated":true}]}}