{"id":5778,"date":"2024-03-20T12:45:24","date_gmt":"2024-03-20T11:45:24","guid":{"rendered":"https:\/\/www.coachtrigger.com\/?page_id=5778"},"modified":"2024-03-22T08:11:57","modified_gmt":"2024-03-22T07:11:57","slug":"blog","status":"publish","type":"page","link":"https:\/\/coachtrigger.com\/se\/blog\/","title":{"rendered":"Blogg"},"content":{"rendered":"<div data-elementor-type=\"wp-page\" data-elementor-id=\"5778\" class=\"elementor elementor-5778\" data-elementor-post-type=\"page\">\n\t\t\t\t<div class=\"elementor-element elementor-element-1304b93 e-flex e-con-boxed e-con e-parent\" data-id=\"1304b93\" data-element_type=\"container\" data-e-type=\"container\" data-settings=\"{&quot;background_background&quot;:&quot;classic&quot;}\">\n\t\t\t\t\t<div class=\"e-con-inner\">\n\t\t<div class=\"elementor-element elementor-element-fcb6c2e e-con-full e-flex e-con e-child\" data-id=\"fcb6c2e\" data-element_type=\"container\" data-e-type=\"container\">\n\t\t\t\t<div class=\"elementor-element elementor-element-d9417d2 elementor-widget elementor-widget-heading\" data-id=\"d9417d2\" data-element_type=\"widget\" data-e-type=\"widget\" data-widget_type=\"heading.default\">\n\t\t\t\t<div class=\"elementor-widget-container\">\n\t\t\t\t\t<h1 class=\"elementor-heading-title elementor-size-default\">CoachTrigger-bloggar<\/h1>\t\t\t\t<\/div>\n\t\t\t\t<\/div>\n\t\t\t\t<div class=\"elementor-element elementor-element-84fc66e elementor-widget__width-initial mg-none elementor-widget elementor-widget-text-editor\" data-id=\"84fc66e\" data-element_type=\"widget\" data-e-type=\"widget\" data-widget_type=\"text-editor.default\">\n\t\t\t\t<div class=\"elementor-widget-container\">\n\t\t\t\t\t<div class=\"bb-theme-elementor-wrap bb-elementor-custom-color\">\t\t\t\t<p>V\u00e5ra bloggar och artiklar t\u00e4cker ett brett spektrum av \u00e4mnen, fr\u00e5n branschtrender och b\u00e4sta praxis till djupg\u00e5ende guider och tankev\u00e4ckande artiklar.<\/p>\t\t\t\t<\/div>\t\t\t\t<\/div>\n\t\t\t\t<\/div>\n\t\t\t\t<\/div>\n\t\t\t\t\t<\/div>\n\t\t\t\t<\/div>\n\t\t<div class=\"elementor-element elementor-element-9f79f67 e-flex e-con-boxed e-con e-parent\" data-id=\"9f79f67\" data-element_type=\"container\" data-e-type=\"container\" data-settings=\"{&quot;background_background&quot;:&quot;classic&quot;}\">\n\t\t\t\t\t<div class=\"e-con-inner\">\n\t\t<div class=\"elementor-element elementor-element-2a8245c e-con-full e-flex e-con e-child\" data-id=\"2a8245c\" data-element_type=\"container\" data-e-type=\"container\">\n\t\t\t\t<div class=\"elementor-element elementor-element-074f100 elementor-widget elementor-widget-heading\" data-id=\"074f100\" data-element_type=\"widget\" data-e-type=\"widget\" data-widget_type=\"heading.default\">\n\t\t\t\t<div class=\"elementor-widget-container\">\n\t\t\t\t\t<h2 class=\"elementor-heading-title elementor-size-default\">Senaste bloggen<\/h2>\t\t\t\t<\/div>\n\t\t\t\t<\/div>\n\t\t<div class=\"elementor-element elementor-element-f43cf2d e-con-full e-flex e-con e-child\" data-id=\"f43cf2d\" data-element_type=\"container\" data-e-type=\"container\">\n\t\t\t\t<div class=\"elementor-element elementor-element-f9d22cb elementor-widget elementor-widget-blog-section\" data-id=\"f9d22cb\" data-element_type=\"widget\" data-e-type=\"widget\" data-widget_type=\"blog-section.default\">\n\t\t\t\t<div class=\"elementor-widget-container\">\n\t\t\t\t\t<style>\n.latest-blog-row{\n    display: flex;\n    flex-wrap: wrap;\n    margin: 0 -20px;\n}\n.latest-blog-col-lg{\n    width: 55.5%;\n    padding: 0 20px;\n}\n.latest-blog-col-sm{\n    width: 44.5%;\n    padding: 0 20px;\n}\n.latest-blog-image img{\n    width: 100%;\n    height: 530px;\n    object-fit: cover;\n    border-radius: 16px;\n}\n.latest-blog-wrape{\n    min-height: 100%;\n    border-radius: 16px;\n    background-color: #fff;\n    border: 1px solid #E9E9E9;\n    padding: 20px 40px;\n    display: flex;\n    align-items: center;\n}\n.meta-block{\n    display: flex;\n    flex-wrap: wrap;\n    align-items: center;\n    margin: 0 0 37px 0;\n}\n.meta-block img{\n    width: 50px;\n    height: 50px;\n    object-fit: cover;\n    border-radius: 100px;\n}\n.meta-block-text{\n    width: calc(100% - 50px);\n    padding: 0 0 0 12px;\n}\n.meta-block-text h5{\n    margin: 0 0 2px 0;\n    font-size: 16px;\n    line-height: 24px;\n    font-weight: 300;\n    font-family: var( --e-global-typography-6c9df83-font-family ), Sans-serif;\n}\n.meta-block-text h5:last-child{\n    margin-bottom: 0;\n}\n\n.badge-text{\n    padding: 5px 10px;\n    background-color: #E0F7FF;\n    display: table;\n    margin: 0 0 10px 0;\n    font-size: 14px;\n    line-height: 21px;\n    text-transform: uppercase;\n    border-radius: 4px;\n    font-weight: 400;\n    color: #000;\n    font-family: var( --e-global-typography-6c9df83-font-family ), Sans-serif;\n}\n.latest-blog-block h2{\n    font-size: 40px;\n    line-height: 60px;\n    font-weight: 500;\n    margin: 0 0 16px 0;\n    color: #000000;\n    font-family: var( --e-global-typography-6c9df83-font-family ), Sans-serif;\n}\n.latest-blog-block p{\n    font-size: 18px;\n    line-height: 27px;\n    font-weight: 400;\n    margin: 0 0 24px 0;\n    color: #000000;\n    font-family: var( --e-global-typography-6c9df83-font-family ), Sans-serif;\n}\n.readmore-btn{\n    display: flex;\n    align-items: center;\n    justify-content: flex-start;\n    color: #00B0F0;\n    font-size: 14px;\n    line-height: 21px;\n    font-weight: 500;\n    font-family: var( --e-global-typography-6c9df83-font-family ), Sans-serif;\n    text-transform: uppercase;\n}\n.readmore-btn:hover{\n    color: #00B0F0;\n}\n.readmore-btn img{\n    width: 21px;\n    margin: 0 0 0 2px;\n}\n\n\/* Responsive *\/\n@media (min-width:2001px) and (max-width:2560px){\n}\n@media (min-width:1801px) and (max-width:2000px){\n}\n@media (min-width:1551px) and (max-width:1800px){\n}\n@media (min-width:1300px) and (max-width:1550px){\n\n    .latest-blog-block h2{\n        font-size: 35px;\n        line-height: 45px;\n    }\n}\n@media (min-width:1200px) and (max-width:1299px){\n\n    .latest-blog-row{\n        margin: 0 -15px;\n    }\n    .latest-blog-col-lg,.latest-blog-col-sm{\n        width: 50%;\n        padding: 0 15px;\n    }\n    .latest-blog-image img{\n        height: 450px;\n    }\n    .latest-blog-block h2{\n        font-size: 30px;\n        line-height: 35px;\n    }\n    .latest-blog-block p{\n        font-size: 16px;\n        line-height: 24px;\n        margin-bottom: 20px;\n    }\n}\n@media (min-width:992px) and (max-width:1199px){\n\n    .latest-blog-row{\n        margin: 0 -15px;\n    }\n    .latest-blog-col-lg,.latest-blog-col-sm{\n        width: 50%;\n        padding: 0 15px;\n    }\n    .latest-blog-image img{\n        height: 450px;\n    }\n    .latest-blog-block h2{\n        font-size: 30px;\n        line-height: 35px;\n    }\n    .latest-blog-block p{\n        font-size: 16px;\n        line-height: 24px;\n        margin-bottom: 20px;\n    }\n}   \n@media (min-width:768px) and (max-width:991px){\n\n    .latest-blog-image img{\n        height: 430px;\n    }\n    .latest-blog-row{\n        margin: 0 -15px;\n    }\n    .latest-blog-col-lg,.latest-blog-col-sm{\n        width: 50%;\n        padding: 0 15px;\n    }\n\n    .latest-blog-wrape{\n        padding: 20px;\n    }\n    .latest-blog-block h2{\n        font-size: 25px;\n        line-height: 30px;\n    }\n    .meta-block{\n        margin-bottom: 20px;\n    }\n    .latest-blog-block p{\n        font-size: 16px;\n        line-height: 24px;\n        margin-bottom: 20px;\n    }\n}   \n@media (min-width:320px) and (max-width:767px) {\n\n    .latest-blog-image img{\n        height: auto;\n        border-radius: 16px 16px 0 0;\n    }\n    .latest-blog-row{\n        margin: 0 -15px;\n    }\n    .latest-blog-col-lg,.latest-blog-col-sm{\n        width: 100%;\n        padding: 0 15px;\n    }\n\n    .latest-blog-wrape{\n        padding: 20px;\n        border-radius: 0 0 16px 16px;\n    }\n    .latest-blog-block h2{\n        font-size: 25px;\n        line-height: 30px;\n    }\n    .meta-block{\n        margin-bottom: 20px;\n    }\n    .latest-blog-block p{\n        font-size: 16px;\n        line-height: 24px;\n        margin-bottom: 20px;\n    }\n    \n}\n@media (min-width:576px) and (max-width:767px) {\n}\n\n<\/style>\n<!-- Latest Blog Section -->\n<section class=\"latest-blog-section\">\n    <div class=\"latest-blog-parent\">\n\n            <div class=\"latest-blog-data\"> \n            <div class=\"latest-blog-row\">\n                <div class=\"latest-blog-col-lg\">\n                    <div class=\"latest-blog-image\">\n                        <a href=\"https:\/\/coachtrigger.com\/se\/how-to-propagate-mindfulness-in-an-organisation\/\"><img decoding=\"async\" src=\"https:\/\/coachtrigger.com\/wp-content\/uploads\/2024\/06\/Mindfulness-624x312.png\" alt=\"How to Propagate Mindfulness in An Organisation\"><\/a>\n                    <\/div>\n                <\/div>\n                <div class=\"latest-blog-col-sm\">\n                    <div class=\"latest-blog-wrape\">\n                        <div class=\"latest-blog-block\">\n                            <div class=\"meta-block\">\n                            <img alt='' src='https:\/\/coachtrigger.com\/wp-content\/uploads\/avatars\/0\/65d069436e191-bpthumb.png' srcset='https:\/\/coachtrigger.com\/wp-content\/uploads\/avatars\/0\/65d069436e191-bpthumb.png 2x' class='avatar avatar-32 photo' height='32' width='32' \/>                                <div class=\"meta-block-text\">\n                                    <h5>CoachTrigger<\/h5>\n                                    <h5>11 juni 2024<\/h5>\n                                <\/div>\n                            <\/div>\n                            <span class=\"badge-text\">CoachTrigger-blogg<\/span>\n                            <a href=\"https:\/\/coachtrigger.com\/se\/how-to-propagate-mindfulness-in-an-organisation\/\"><h2>Hur man sprider mindfulness i en organisation<\/h2><\/a>\n                            <p>Verkar dina anst\u00e4llda stressade och of\u00f6rm\u00f6gna att fokusera? Mindfulness kan vara vad de beh\u00f6ver. I v\u00e5r snabba, teknikfyllda v\u00e4rld m\u00e5ste organisationer t\u00e4nka p\u00e5 sin mentala h\u00e4lsa...<\/p>\n                            <a href=\"https:\/\/coachtrigger.com\/se\/how-to-propagate-mindfulness-in-an-organisation\/\" class=\"readmore-btn\">L\u00e4s mer<img decoding=\"async\" src=\"https:\/\/coachtrigger.com\/wp-content\/themes\/buddyboss-theme-child\/assets\/images\/chevron_right_blue.svg\" alt=\"chevron_right_blue\"><\/a>\n                        <\/div>\n                    <\/div>\n                <\/div>\n            <\/div>\n\n\n\n        <\/div>\n    <\/div>\n<\/section>\n\n\n\n\n\n\t\t\t\t<\/div>\n\t\t\t\t<\/div>\n\t\t\t\t<\/div>\n\t\t\t\t<\/div>\n\t\t\t\t\t<\/div>\n\t\t\t\t<\/div>\n\t\t<div class=\"elementor-element elementor-element-8043843 e-flex e-con-boxed e-con e-parent\" data-id=\"8043843\" data-element_type=\"container\" data-e-type=\"container\" data-settings=\"{&quot;background_background&quot;:&quot;classic&quot;}\">\n\t\t\t\t\t<div class=\"e-con-inner\">\n\t\t<div class=\"elementor-element elementor-element-749420e e-con-full e-flex e-con e-child\" data-id=\"749420e\" data-element_type=\"container\" data-e-type=\"container\">\n\t\t\t\t<div class=\"elementor-element elementor-element-90fa7cc elementor-widget elementor-widget-heading\" data-id=\"90fa7cc\" data-element_type=\"widget\" data-e-type=\"widget\" data-widget_type=\"heading.default\">\n\t\t\t\t<div class=\"elementor-widget-container\">\n\t\t\t\t\t<h2 class=\"elementor-heading-title elementor-size-default\">Alla bloggar<\/h2>\t\t\t\t<\/div>\n\t\t\t\t<\/div>\n\t\t<div class=\"elementor-element elementor-element-60a9a80 e-con-full e-flex e-con e-child\" data-id=\"60a9a80\" data-element_type=\"container\" data-e-type=\"container\">\n\t\t\t\t<div class=\"elementor-element elementor-element-9d8c95c all-blog-data elementor-widget elementor-widget-shortcode\" data-id=\"9d8c95c\" data-element_type=\"widget\" data-e-type=\"widget\" data-widget_type=\"shortcode.default\">\n\t\t\t\t<div class=\"elementor-widget-container\">\n\t\t\t\t\t\t\t<div class=\"elementor-shortcode\"><div id=\"ajax-load-more\" class=\"ajax-load-more-wrap default\"  data-alm-id=\"\" data-canonical-url=\"https:\/\/coachtrigger.com\/se\/how-to-propagate-mindfulness-in-an-organisation\/\" data-slug=\"how-to-propagate-mindfulness-in-an-organisation\" data-post-id=\"8681\"  data-localized=\"ajax_load_more_vars\" data-alm-object=\"ajax_load_more\"><ul aria-live=\"polite\" aria-atomic=\"true\" class=\"alm-listing alm-ajax\" data-container-type=\"ul\" data-loading-style=\"default\" data-repeater=\"default\" data-post-type=\"post\" data-order=\"DESC\" data-orderby=\"date\" data-offset=\"1\" data-posts-per-page=\"6\" data-button-label=\"Load More\" data-prev-button-label=\"Load Previous\"><\/ul><div class=\"alm-btn-wrap\" data-rel=\"ajax-load-more\"><button class=\"alm-load-more-btn more\" type=\"button\">Ladda mer<\/button><\/div><\/div><\/div>\n\t\t\t\t\t\t<\/div>\n\t\t\t\t<\/div>\n\t\t\t\t<\/div>\n\t\t\t\t<\/div>\n\t\t\t\t\t<\/div>\n\t\t\t\t<\/div>\n\t\t\t\t<\/div>","protected":false},"excerpt":{"rendered":"<p>CoachTrigger-bloggar V\u00e5ra bloggar och artiklar t\u00e4cker ett brett spektrum av \u00e4mnen, fr\u00e5n branschtrender och b\u00e4sta praxis till djupg\u00e5ende guider och tankev\u00e4ckande artiklar. Senast\u2026<\/p>","protected":false},"author":3,"featured_media":5493,"parent":0,"menu_order":0,"comment_status":"closed","ping_status":"closed","template":"elementor_header_footer","meta":{"om_disable_all_campaigns":false,"pmpro_default_level":"","_monsterinsights_skip_tracking":false,"_monsterinsights_sitenote_active":false,"_monsterinsights_sitenote_note":"","_monsterinsights_sitenote_category":0,"_uf_show_specific_survey":0,"_uf_disable_surveys":false,"footnotes":""},"class_list":["post-5778","page","type-page","status-publish","has-post-thumbnail","hentry","pmpro-has-access"],"_links":{"self":[{"href":"https:\/\/coachtrigger.com\/se\/wp-json\/wp\/v2\/pages\/5778","targetHints":{"allow":["GET"]}}],"collection":[{"href":"https:\/\/coachtrigger.com\/se\/wp-json\/wp\/v2\/pages"}],"about":[{"href":"https:\/\/coachtrigger.com\/se\/wp-json\/wp\/v2\/types\/page"}],"author":[{"embeddable":true,"href":"https:\/\/coachtrigger.com\/se\/wp-json\/wp\/v2\/users\/3"}],"replies":[{"embeddable":true,"href":"https:\/\/coachtrigger.com\/se\/wp-json\/wp\/v2\/comments?post=5778"}],"version-history":[{"count":0,"href":"https:\/\/coachtrigger.com\/se\/wp-json\/wp\/v2\/pages\/5778\/revisions"}],"wp:featuredmedia":[{"embeddable":true,"href":"https:\/\/coachtrigger.com\/se\/wp-json\/wp\/v2\/media\/5493"}],"wp:attachment":[{"href":"https:\/\/coachtrigger.com\/se\/wp-json\/wp\/v2\/media?parent=5778"}],"curies":[{"name":"wp","href":"https:\/\/api.w.org\/{rel}","templated":true}]}}