{"id":227,"date":"2017-05-30T23:22:40","date_gmt":"2017-05-30T23:22:40","guid":{"rendered":"http:\/\/import.themovation.com\/embark\/river-rafting\/?page_id=144"},"modified":"2024-03-21T16:26:03","modified_gmt":"2024-03-21T15:26:03","slug":"support-help-faq-old","status":"publish","type":"page","link":"https:\/\/coachtrigger.com\/se\/support-help-faq-old\/","title":{"rendered":"Hj\u00e4lpcenter gammalt"},"content":{"rendered":"<div data-elementor-type=\"wp-post\" data-elementor-id=\"227\" class=\"elementor elementor-227\" data-elementor-post-type=\"page\">\n\t\t\t\t\t\t<section class=\"elementor-section elementor-top-section elementor-element elementor-element-jcpoldy elementor-section-height-min-height elementor-section-full_width elementor-section-stretched elementor-section-height-default elementor-section-items-middle\" data-id=\"jcpoldy\" data-element_type=\"section\" data-e-type=\"section\" data-settings=\"{&quot;background_background&quot;:&quot;classic&quot;,&quot;stretch_section&quot;:&quot;section-stretched&quot;}\">\n\t\t\t\t\t\t\t<div class=\"elementor-background-overlay\"><\/div>\n\t\t\t\t\t\t\t<div class=\"elementor-container elementor-column-gap-default\">\n\t\t\t\t\t<div class=\"elementor-column elementor-col-100 elementor-top-column elementor-element elementor-element-bsvdawm\" data-id=\"bsvdawm\" data-element_type=\"column\" data-e-type=\"column\">\n\t\t\t<div class=\"elementor-widget-wrap elementor-element-populated\">\n\t\t\t\t\t\t<div class=\"elementor-element elementor-element-yo2cagj elementor-widget elementor-widget-spacer\" data-id=\"yo2cagj\" data-element_type=\"widget\" data-e-type=\"widget\" data-widget_type=\"spacer.default\">\n\t\t\t\t<div class=\"elementor-widget-container\">\n\t\t\t\t\t\t\t<div class=\"elementor-spacer\">\n\t\t\t<div class=\"elementor-spacer-inner\"><\/div>\n\t\t<\/div>\n\t\t\t\t\t\t<\/div>\n\t\t\t\t<\/div>\n\t\t\t\t<div class=\"elementor-element elementor-element-d1a7e44 elementor-widget elementor-widget-heading\" data-id=\"d1a7e44\" data-element_type=\"widget\" data-e-type=\"widget\" data-widget_type=\"heading.default\">\n\t\t\t\t<div class=\"elementor-widget-container\">\n\t\t\t\t\t<h2 class=\"elementor-heading-title elementor-size-xxl\">FAQ<\/h2>\t\t\t\t<\/div>\n\t\t\t\t<\/div>\n\t\t\t\t<div class=\"elementor-element elementor-element-addubne elementor-widget elementor-widget-spacer\" data-id=\"addubne\" data-element_type=\"widget\" data-e-type=\"widget\" data-widget_type=\"spacer.default\">\n\t\t\t\t<div class=\"elementor-widget-container\">\n\t\t\t\t\t\t\t<div class=\"elementor-spacer\">\n\t\t\t<div class=\"elementor-spacer-inner\"><\/div>\n\t\t<\/div>\n\t\t\t\t\t\t<\/div>\n\t\t\t\t<\/div>\n\t\t\t\t\t<\/div>\n\t\t<\/div>\n\t\t\t\t\t<\/div>\n\t\t<\/section>\n\t\t\t\t<section class=\"elementor-section elementor-top-section elementor-element elementor-element-ruyeqzk elementor-section-boxed elementor-section-height-default elementor-section-height-default\" data-id=\"ruyeqzk\" data-element_type=\"section\" data-e-type=\"section\" data-settings=\"{&quot;background_background&quot;:&quot;classic&quot;}\">\n\t\t\t\t\t\t<div class=\"elementor-container elementor-column-gap-default\">\n\t\t\t\t\t<div class=\"elementor-column elementor-col-100 elementor-top-column elementor-element elementor-element-rqrjwkf\" data-id=\"rqrjwkf\" data-element_type=\"column\" data-e-type=\"column\">\n\t\t\t<div class=\"elementor-widget-wrap elementor-element-populated\">\n\t\t\t\t\t\t<div class=\"elementor-element elementor-element-enrsgoy elementor-invisible elementor-widget elementor-widget-toggle\" data-id=\"enrsgoy\" data-element_type=\"widget\" data-e-type=\"widget\" data-settings=\"{&quot;_animation&quot;:&quot;fadeInLeft&quot;}\" data-widget_type=\"toggle.default\">\n\t\t\t\t<div class=\"elementor-widget-container\">\n\t\t\t\t\t\t\t<div class=\"elementor-toggle\">\n\t\t\t\t\t\t\t<div class=\"elementor-toggle-item\">\n\t\t\t\t\t<div id=\"elementor-tab-title-141\" class=\"elementor-tab-title\" data-tab=\"1\" role=\"button\" aria-controls=\"elementor-tab-content-141\" aria-expanded=\"false\">\n\t\t\t\t\t\t\t\t\t\t\t\t<span class=\"elementor-toggle-icon elementor-toggle-icon-left\" aria-hidden=\"true\">\n\t\t\t\t\t\t\t\t\t\t\t\t\t\t\t<span class=\"elementor-toggle-icon-closed\"><i class=\"fas fa-caret-right\"><\/i><\/span>\n\t\t\t\t\t\t\t\t<span class=\"elementor-toggle-icon-opened\"><i class=\"elementor-toggle-icon-opened fas fa-caret-up\"><\/i><\/span>\n\t\t\t\t\t\t\t\t\t\t\t\t\t<\/span>\n\t\t\t\t\t\t\t\t\t\t\t\t<a class=\"elementor-toggle-title\" tabindex=\"0\">Vilka \u00e4r f\u00f6rdelarna med CoachTrigger-plattformen?<\/a>\n\t\t\t\t\t<\/div>\n\n\t\t\t\t\t<div id=\"elementor-tab-content-141\" class=\"elementor-tab-content elementor-clearfix\" data-tab=\"1\" role=\"region\" aria-labelledby=\"elementor-tab-title-141\"><p>Som aff\u00e4rscoach, tr\u00e4nare, teamledare eller personalansvarig chef \u00e4r f\u00f6rdelarna med CoachTrigger-plattformarna m\u00e5nga.<\/p><ul><li>L\u00e4ttare att analysera vilka fr\u00e5gor individer och team har i f\u00f6retaget.<\/li><li>L\u00e4ttare att uppt\u00e4cka vilken coachning och tr\u00e4ning som \u00e4r n\u00f6dv\u00e4ndig p\u00e5 individniv\u00e5.<\/li><li>Enklare att f\u00f6lja upp hur varje person presterar p\u00e5 daglig, vecko-, m\u00e5nads- och \u00e5rsniv\u00e5.<\/li><li>Introducera v\u00e5rt unika koncept med &quot;self coaching&quot;, som g\u00f6r det m\u00f6jligt f\u00f6r varje individ att l\u00e4ttare n\u00e5 h\u00f6gre m\u00e5l och produktivitet.<\/li><li>Transparent rapportsystem f\u00f6r alla niv\u00e5er av anv\u00e4ndare och chefer.<\/li><li>Po\u00e4ngsystem f\u00f6r att motivera lagmedlemmar och skapa mer motiverande bel\u00f6ningssystem.\u00a0<\/li><li>Bibliotek f\u00f6r att ladda upp tr\u00e4ningsvideor, motiverande videor och dokument som hj\u00e4lper teammedlemmarnas utveckling.<\/li><li>Communityfunktion d\u00e4r du kan n\u00e4tverka, debattera och dela kunskap med alla andra CoachTrigger-anslutna proffs.<\/li><li>Live supportchatt f\u00f6r att hj\u00e4lpa dig med hur du f\u00e5r ut det mesta av CoachTrigger-plattformen.<\/li><li>M\u00f6jlighet att schemal\u00e4gga livevideom\u00f6ten med v\u00e5ra CoachTrigger-experter, f\u00f6r att f\u00f6rb\u00e4ttra dina kunskaper och f\u00e4rdigheter som professionell coach eller tr\u00e4nare.<\/li><\/ul><p>Det b\u00e4sta s\u00e4ttet att f\u00f6rst\u00e5 alla f\u00f6rdelar med CoachTrigger-plattformen \u00e4r att boka ett Discovery-m\u00f6te med oss. <a href=\"https:\/\/coachtrigger.com\/discovery\/\">Klicka h\u00e4r f\u00f6r att boka ditt Discovery-m\u00f6te med v\u00e5rt team.<\/a>\u00a0<\/p><\/div>\n\t\t\t\t<\/div>\n\t\t\t\t\t\t\t<div class=\"elementor-toggle-item\">\n\t\t\t\t\t<div id=\"elementor-tab-title-142\" class=\"elementor-tab-title\" data-tab=\"2\" role=\"button\" aria-controls=\"elementor-tab-content-142\" aria-expanded=\"false\">\n\t\t\t\t\t\t\t\t\t\t\t\t<span class=\"elementor-toggle-icon elementor-toggle-icon-left\" aria-hidden=\"true\">\n\t\t\t\t\t\t\t\t\t\t\t\t\t\t\t<span class=\"elementor-toggle-icon-closed\"><i class=\"fas fa-caret-right\"><\/i><\/span>\n\t\t\t\t\t\t\t\t<span class=\"elementor-toggle-icon-opened\"><i class=\"elementor-toggle-icon-opened fas fa-caret-up\"><\/i><\/span>\n\t\t\t\t\t\t\t\t\t\t\t\t\t<\/span>\n\t\t\t\t\t\t\t\t\t\t\t\t<a class=\"elementor-toggle-title\" tabindex=\"0\">Hur kan jag boka ett Discovery-m\u00f6te?<\/a>\n\t\t\t\t\t<\/div>\n\n\t\t\t\t\t<div id=\"elementor-tab-content-142\" class=\"elementor-tab-content elementor-clearfix\" data-tab=\"2\" role=\"region\" aria-labelledby=\"elementor-tab-title-142\"><p>H\u00e4r kan du boka ett Discovery Meeting med v\u00e5rt Discovery Team. De kommer att f\u00f6rklara alla f\u00f6rdelar som v\u00e5r plattform har att erbjuda. <a href=\"https:\/\/coachtrigger.com\/discovery\/\">Klicka h\u00e4r f\u00f6r att boka ditt Discovery-m\u00f6te med v\u00e5rt team.<\/a>\u00a0Eller<span style=\"background-color: var( --e-global-color-45bfa7a ); color: var(--bb-body-text-color);\">\u00a0kontakta v\u00e5r fantastiska 24\/7 chattsupport genom att anv\u00e4nda chattknappen p\u00e5 din sk\u00e4rm n\u00e4r som helst om du har fr\u00e5gor<\/span><\/p><\/div>\n\t\t\t\t<\/div>\n\t\t\t\t\t\t\t<div class=\"elementor-toggle-item\">\n\t\t\t\t\t<div id=\"elementor-tab-title-143\" class=\"elementor-tab-title\" data-tab=\"3\" role=\"button\" aria-controls=\"elementor-tab-content-143\" aria-expanded=\"false\">\n\t\t\t\t\t\t\t\t\t\t\t\t<span class=\"elementor-toggle-icon elementor-toggle-icon-left\" aria-hidden=\"true\">\n\t\t\t\t\t\t\t\t\t\t\t\t\t\t\t<span class=\"elementor-toggle-icon-closed\"><i class=\"fas fa-caret-right\"><\/i><\/span>\n\t\t\t\t\t\t\t\t<span class=\"elementor-toggle-icon-opened\"><i class=\"elementor-toggle-icon-opened fas fa-caret-up\"><\/i><\/span>\n\t\t\t\t\t\t\t\t\t\t\t\t\t<\/span>\n\t\t\t\t\t\t\t\t\t\t\t\t<a class=\"elementor-toggle-title\" tabindex=\"0\">Hur skapar jag ett konto?<\/a>\n\t\t\t\t\t<\/div>\n\n\t\t\t\t\t<div id=\"elementor-tab-content-143\" class=\"elementor-tab-content elementor-clearfix\" data-tab=\"3\" role=\"region\" aria-labelledby=\"elementor-tab-title-143\"><p>G\u00e5 till <a href=\"https:\/\/www.matrixperformancegroup.com\/pricing-monochrome\/\" target=\"_blank\" rel=\"noopener\">Prissida<\/a> och v\u00e4lj en plan och g\u00f6r ditt k\u00f6p. Du kommer att bli ombedd att fylla i med ett e-postmeddelande address och att skapa ett l\u00f6senord och anv\u00e4ndarnamn som kommer att vara dina inloggningsuppgifter. <span style=\"background-color: var( --e-global-color-45bfa7a ); color: var(--bb-body-text-color);\">V\u00e4nligen kontakta v\u00e5r fantastiska 24\/7 chattsupport genom att anv\u00e4nda chattknappen p\u00e5 din sk\u00e4rm n\u00e4r som helst om du har fr\u00e5gor<\/span><\/p><\/div>\n\t\t\t\t<\/div>\n\t\t\t\t\t\t\t<div class=\"elementor-toggle-item\">\n\t\t\t\t\t<div id=\"elementor-tab-title-144\" class=\"elementor-tab-title\" data-tab=\"4\" role=\"button\" aria-controls=\"elementor-tab-content-144\" aria-expanded=\"false\">\n\t\t\t\t\t\t\t\t\t\t\t\t<span class=\"elementor-toggle-icon elementor-toggle-icon-left\" aria-hidden=\"true\">\n\t\t\t\t\t\t\t\t\t\t\t\t\t\t\t<span class=\"elementor-toggle-icon-closed\"><i class=\"fas fa-caret-right\"><\/i><\/span>\n\t\t\t\t\t\t\t\t<span class=\"elementor-toggle-icon-opened\"><i class=\"elementor-toggle-icon-opened fas fa-caret-up\"><\/i><\/span>\n\t\t\t\t\t\t\t\t\t\t\t\t\t<\/span>\n\t\t\t\t\t\t\t\t\t\t\t\t<a class=\"elementor-toggle-title\" tabindex=\"0\">Finns det en gratis provperiod p\u00e5 CoachTrigger-plattformen?<\/a>\n\t\t\t\t\t<\/div>\n\n\t\t\t\t\t<div id=\"elementor-tab-content-144\" class=\"elementor-tab-content elementor-clearfix\" data-tab=\"4\" role=\"region\" aria-labelledby=\"elementor-tab-title-144\"><p>Det finns en tv\u00e5 veckors gratis provperiod p\u00e5 CoachTrigger-plattformen. Sn\u00e4lla du <a href=\"https:\/\/coachtrigger.com\/membership-account\/membership-checkout\/?level=10\">Klicka h\u00e4r f\u00f6r att starta ett testkonto.<\/a>\u00a0<span style=\"background-color: var( --e-global-color-45bfa7a ); color: var(--bb-body-text-color);\">V\u00e4nligen kontakta v\u00e5r fantastiska 24\/7 chattsupport genom att anv\u00e4nda chattknappen p\u00e5 din sk\u00e4rm n\u00e4r som helst om du har fr\u00e5gor<\/span><\/p><\/div>\n\t\t\t\t<\/div>\n\t\t\t\t\t\t\t<div class=\"elementor-toggle-item\">\n\t\t\t\t\t<div id=\"elementor-tab-title-145\" class=\"elementor-tab-title\" data-tab=\"5\" role=\"button\" aria-controls=\"elementor-tab-content-145\" aria-expanded=\"false\">\n\t\t\t\t\t\t\t\t\t\t\t\t<span class=\"elementor-toggle-icon elementor-toggle-icon-left\" aria-hidden=\"true\">\n\t\t\t\t\t\t\t\t\t\t\t\t\t\t\t<span class=\"elementor-toggle-icon-closed\"><i class=\"fas fa-caret-right\"><\/i><\/span>\n\t\t\t\t\t\t\t\t<span class=\"elementor-toggle-icon-opened\"><i class=\"elementor-toggle-icon-opened fas fa-caret-up\"><\/i><\/span>\n\t\t\t\t\t\t\t\t\t\t\t\t\t<\/span>\n\t\t\t\t\t\t\t\t\t\t\t\t<a class=\"elementor-toggle-title\" tabindex=\"0\">Hur ser dina prisplaner ut?<\/a>\n\t\t\t\t\t<\/div>\n\n\t\t\t\t\t<div id=\"elementor-tab-content-145\" class=\"elementor-tab-content elementor-clearfix\" data-tab=\"5\" role=\"region\" aria-labelledby=\"elementor-tab-title-145\"><p>Vi har tre olika niv\u00e5er p\u00e5 v\u00e5r priss\u00e4ttning, du kan uppgradera och nedgradera din betalda niv\u00e5 n\u00e4r som helst. <a href=\"https:\/\/coachtrigger.com\/pricing-monochrome\/\">Se v\u00e5ra prisniv\u00e5er h\u00e4r.<\/a>\u00a0<span style=\"background-color: var( --e-global-color-45bfa7a ); color: var(--bb-body-text-color);\">V\u00e4nligen kontakta v\u00e5r fantastiska 24\/7 chattsupport genom att anv\u00e4nda chattknappen p\u00e5 din sk\u00e4rm n\u00e4r som helst om du har fr\u00e5gor<\/span><\/p><\/div>\n\t\t\t\t<\/div>\n\t\t\t\t\t\t\t<div class=\"elementor-toggle-item\">\n\t\t\t\t\t<div id=\"elementor-tab-title-146\" class=\"elementor-tab-title\" data-tab=\"6\" role=\"button\" aria-controls=\"elementor-tab-content-146\" aria-expanded=\"false\">\n\t\t\t\t\t\t\t\t\t\t\t\t<span class=\"elementor-toggle-icon elementor-toggle-icon-left\" aria-hidden=\"true\">\n\t\t\t\t\t\t\t\t\t\t\t\t\t\t\t<span class=\"elementor-toggle-icon-closed\"><i class=\"fas fa-caret-right\"><\/i><\/span>\n\t\t\t\t\t\t\t\t<span class=\"elementor-toggle-icon-opened\"><i class=\"elementor-toggle-icon-opened fas fa-caret-up\"><\/i><\/span>\n\t\t\t\t\t\t\t\t\t\t\t\t\t<\/span>\n\t\t\t\t\t\t\t\t\t\t\t\t<a class=\"elementor-toggle-title\" tabindex=\"0\">Hur uppgraderar eller nedgraderar jag min prenumerationsplan?<\/a>\n\t\t\t\t\t<\/div>\n\n\t\t\t\t\t<div id=\"elementor-tab-content-146\" class=\"elementor-tab-content elementor-clearfix\" data-tab=\"6\" role=\"region\" aria-labelledby=\"elementor-tab-title-146\"><p>Efter att du har gjort ditt k\u00f6p av en plan och du \u00e4r inloggad kommer du att ha en knapp i toppmenyn som heter &quot;Planer&quot;.\u00a0<span style=\"background-color: var( --e-global-color-45bfa7a ); color: var(--bb-body-text-color);\">N\u00e4r du klickar d\u00e4r kan du n\u00e4r som helst \u00e4ndra till en h\u00f6gre eller l\u00e4gre plan.\u00a0<\/span><span style=\"background-color: var( --e-global-color-45bfa7a ); color: var(--bb-body-text-color);\">V\u00e4nligen kontakta v\u00e5r fantastiska 24\/7 chattsupport genom att anv\u00e4nda chattknappen p\u00e5 din sk\u00e4rm n\u00e4r som helst om du har fr\u00e5gor<\/span><\/p><\/div>\n\t\t\t\t<\/div>\n\t\t\t\t\t\t\t<div class=\"elementor-toggle-item\">\n\t\t\t\t\t<div id=\"elementor-tab-title-147\" class=\"elementor-tab-title\" data-tab=\"7\" role=\"button\" aria-controls=\"elementor-tab-content-147\" aria-expanded=\"false\">\n\t\t\t\t\t\t\t\t\t\t\t\t<span class=\"elementor-toggle-icon elementor-toggle-icon-left\" aria-hidden=\"true\">\n\t\t\t\t\t\t\t\t\t\t\t\t\t\t\t<span class=\"elementor-toggle-icon-closed\"><i class=\"fas fa-caret-right\"><\/i><\/span>\n\t\t\t\t\t\t\t\t<span class=\"elementor-toggle-icon-opened\"><i class=\"elementor-toggle-icon-opened fas fa-caret-up\"><\/i><\/span>\n\t\t\t\t\t\t\t\t\t\t\t\t\t<\/span>\n\t\t\t\t\t\t\t\t\t\t\t\t<a class=\"elementor-toggle-title\" tabindex=\"0\">Vilka betalningsmetoder accepterar du?<\/a>\n\t\t\t\t\t<\/div>\n\n\t\t\t\t\t<div id=\"elementor-tab-content-147\" class=\"elementor-tab-content elementor-clearfix\" data-tab=\"7\" role=\"region\" aria-labelledby=\"elementor-tab-title-147\"><p>V\u00e5r betalningsplattform \u00e4r kopplad till Stripe, och du kan anv\u00e4nda vilket betal- eller kreditkort som helst n\u00e4r du registrerar dig f\u00f6r v\u00e5rt m\u00e5nadsabonnemang. Din transaktion \u00e4r SSL-krypterad och y<span style=\"background-color: var( --e-global-color-45bfa7a ); color: var(--bb-body-text-color);\">v\u00e5ra kortuppgifter kommer att sparas s\u00e4kert i Stripe-plattformen, inte p\u00e5 v\u00e5r hemsida.\u00a0<\/span><a href=\"https:\/\/www.matrixperformancegroup.com\/pricing-monochrome\/\" target=\"_blank\" rel=\"noopener\">Se v\u00e5ra prisniv\u00e5er h\u00e4r.<\/a>\u00a0<span style=\"background-color: var( --e-global-color-45bfa7a ); color: var(--bb-body-text-color);\">V\u00e4nligen kontakta v\u00e5r fantastiska 24\/7 chattsupport genom att anv\u00e4nda chattknappen p\u00e5 din sk\u00e4rm n\u00e4r som helst om du har fr\u00e5gor<\/span><\/p><\/div>\n\t\t\t\t<\/div>\n\t\t\t\t\t\t\t<div class=\"elementor-toggle-item\">\n\t\t\t\t\t<div id=\"elementor-tab-title-148\" class=\"elementor-tab-title\" data-tab=\"8\" role=\"button\" aria-controls=\"elementor-tab-content-148\" aria-expanded=\"false\">\n\t\t\t\t\t\t\t\t\t\t\t\t<span class=\"elementor-toggle-icon elementor-toggle-icon-left\" aria-hidden=\"true\">\n\t\t\t\t\t\t\t\t\t\t\t\t\t\t\t<span class=\"elementor-toggle-icon-closed\"><i class=\"fas fa-caret-right\"><\/i><\/span>\n\t\t\t\t\t\t\t\t<span class=\"elementor-toggle-icon-opened\"><i class=\"elementor-toggle-icon-opened fas fa-caret-up\"><\/i><\/span>\n\t\t\t\t\t\t\t\t\t\t\t\t\t<\/span>\n\t\t\t\t\t\t\t\t\t\t\t\t<a class=\"elementor-toggle-title\" tabindex=\"0\">Vad \u00e4r din avbokningsregler?<\/a>\n\t\t\t\t\t<\/div>\n\n\t\t\t\t\t<div id=\"elementor-tab-content-148\" class=\"elementor-tab-content elementor-clearfix\" data-tab=\"8\" role=\"region\" aria-labelledby=\"elementor-tab-title-148\"><p>Efter att du har registrerat dig med en av v\u00e5ra planer kan du n\u00e4r som helst radera ditt konto med en 30-dagars upps\u00e4gningstid p\u00e5 prenumerationen.\u00a0<span style=\"background-color: var( --e-global-color-45bfa7a ); color: var(--bb-body-text-color);\">V\u00e4nligen kontakta v\u00e5r fantastiska 24\/7 chattsupport genom att anv\u00e4nda chattknappen p\u00e5 din sk\u00e4rm n\u00e4r som helst om du har fr\u00e5gor<\/span><\/p><\/div>\n\t\t\t\t<\/div>\n\t\t\t\t\t\t\t<div class=\"elementor-toggle-item\">\n\t\t\t\t\t<div id=\"elementor-tab-title-149\" class=\"elementor-tab-title\" data-tab=\"9\" role=\"button\" aria-controls=\"elementor-tab-content-149\" aria-expanded=\"false\">\n\t\t\t\t\t\t\t\t\t\t\t\t<span class=\"elementor-toggle-icon elementor-toggle-icon-left\" aria-hidden=\"true\">\n\t\t\t\t\t\t\t\t\t\t\t\t\t\t\t<span class=\"elementor-toggle-icon-closed\"><i class=\"fas fa-caret-right\"><\/i><\/span>\n\t\t\t\t\t\t\t\t<span class=\"elementor-toggle-icon-opened\"><i class=\"elementor-toggle-icon-opened fas fa-caret-up\"><\/i><\/span>\n\t\t\t\t\t\t\t\t\t\t\t\t\t<\/span>\n\t\t\t\t\t\t\t\t\t\t\t\t<a class=\"elementor-toggle-title\" tabindex=\"0\">Hur kan jag b\u00f6rja anv\u00e4nda programvaran CoachTrigger?<\/a>\n\t\t\t\t\t<\/div>\n\n\t\t\t\t\t<div id=\"elementor-tab-content-149\" class=\"elementor-tab-content elementor-clearfix\" data-tab=\"9\" role=\"region\" aria-labelledby=\"elementor-tab-title-149\"><p>N\u00e4r du har registrerat dig f\u00f6r en av v\u00e5ra planer kommer du att kunna se din CoachTrigger-profil i v\u00e5r community-plattform.\u00a0<\/p><p>Om du klickar p\u00e5 menyknappen &quot;Logga in App&quot; och &quot;Login Dashboard&quot; kommer du automatiskt att loggas in i v\u00e5r CoachTrigger Software. Du kommer d\u00e5 att se ett testklientsystem som du kan leka med. Anv\u00e4nd v\u00e5ra handledningar under menyknappen &quot;Support&quot; f\u00f6r att l\u00e4ra dig hur du st\u00e4ller in och anv\u00e4nder CoachTrigger, eller klicka bara p\u00e5 chattknappen och anv\u00e4nd v\u00e5r fantastiska 24\/7 livechattsupport.\u00a0<\/p><\/div>\n\t\t\t\t<\/div>\n\t\t\t\t\t\t\t<div class=\"elementor-toggle-item\">\n\t\t\t\t\t<div id=\"elementor-tab-title-1410\" class=\"elementor-tab-title\" data-tab=\"10\" role=\"button\" aria-controls=\"elementor-tab-content-1410\" aria-expanded=\"false\">\n\t\t\t\t\t\t\t\t\t\t\t\t<span class=\"elementor-toggle-icon elementor-toggle-icon-left\" aria-hidden=\"true\">\n\t\t\t\t\t\t\t\t\t\t\t\t\t\t\t<span class=\"elementor-toggle-icon-closed\"><i class=\"fas fa-caret-right\"><\/i><\/span>\n\t\t\t\t\t\t\t\t<span class=\"elementor-toggle-icon-opened\"><i class=\"elementor-toggle-icon-opened fas fa-caret-up\"><\/i><\/span>\n\t\t\t\t\t\t\t\t\t\t\t\t\t<\/span>\n\t\t\t\t\t\t\t\t\t\t\t\t<a class=\"elementor-toggle-title\" tabindex=\"0\">Hur kan jag \u00e5terst\u00e4lla mitt l\u00f6senord?<\/a>\n\t\t\t\t\t<\/div>\n\n\t\t\t\t\t<div id=\"elementor-tab-content-1410\" class=\"elementor-tab-content elementor-clearfix\" data-tab=\"10\" role=\"region\" aria-labelledby=\"elementor-tab-title-1410\"><p>Klicka p\u00e5 den bl\u00e5 Logga in-knappen i det \u00f6vre h\u00f6gra h\u00f6rnet p\u00e5 sk\u00e4rmen. Under inloggningsf\u00f6nstret hittar du en bl\u00e5 l\u00e4nk som s\u00e4ger &quot;F\u00f6rlorat l\u00f6senord.&quot; Klicka d\u00e4r och beg\u00e4r att f\u00e5 ett nytt l\u00f6senord.\u00a0<span style=\"background-color: var( --e-global-color-45bfa7a ); color: var(--bb-body-text-color);\">V\u00e4nligen kontakta v\u00e5r fantastiska 24\/7 chattsupport genom att anv\u00e4nda chattknappen p\u00e5 din sk\u00e4rm n\u00e4r som helst om du har fr\u00e5gor<\/span><\/p><\/div>\n\t\t\t\t<\/div>\n\t\t\t\t\t\t\t<div class=\"elementor-toggle-item\">\n\t\t\t\t\t<div id=\"elementor-tab-title-1411\" class=\"elementor-tab-title\" data-tab=\"11\" role=\"button\" aria-controls=\"elementor-tab-content-1411\" aria-expanded=\"false\">\n\t\t\t\t\t\t\t\t\t\t\t\t<span class=\"elementor-toggle-icon elementor-toggle-icon-left\" aria-hidden=\"true\">\n\t\t\t\t\t\t\t\t\t\t\t\t\t\t\t<span class=\"elementor-toggle-icon-closed\"><i class=\"fas fa-caret-right\"><\/i><\/span>\n\t\t\t\t\t\t\t\t<span class=\"elementor-toggle-icon-opened\"><i class=\"elementor-toggle-icon-opened fas fa-caret-up\"><\/i><\/span>\n\t\t\t\t\t\t\t\t\t\t\t\t\t<\/span>\n\t\t\t\t\t\t\t\t\t\t\t\t<a class=\"elementor-toggle-title\" tabindex=\"0\">Vad h\u00e4nder om jag gl\u00f6mmer mitt anv\u00e4ndarnamn?<\/a>\n\t\t\t\t\t<\/div>\n\n\t\t\t\t\t<div id=\"elementor-tab-content-1411\" class=\"elementor-tab-content elementor-clearfix\" data-tab=\"11\" role=\"region\" aria-labelledby=\"elementor-tab-title-1411\"><p>Om du inte kommer ih\u00e5g ditt anv\u00e4ndarnamn, bara <a href=\"https:\/\/www.matrixperformancegroup.com\/bookademo\/\" target=\"_blank\" rel=\"noopener\">skicka oss ett meddelande h\u00e4r<\/a> och vi kommer att svara med ditt anv\u00e4ndarnamn inom kort.<\/p><\/div>\n\t\t\t\t<\/div>\n\t\t\t\t\t\t\t<div class=\"elementor-toggle-item\">\n\t\t\t\t\t<div id=\"elementor-tab-title-1412\" class=\"elementor-tab-title\" data-tab=\"12\" role=\"button\" aria-controls=\"elementor-tab-content-1412\" aria-expanded=\"false\">\n\t\t\t\t\t\t\t\t\t\t\t\t<span class=\"elementor-toggle-icon elementor-toggle-icon-left\" aria-hidden=\"true\">\n\t\t\t\t\t\t\t\t\t\t\t\t\t\t\t<span class=\"elementor-toggle-icon-closed\"><i class=\"fas fa-caret-right\"><\/i><\/span>\n\t\t\t\t\t\t\t\t<span class=\"elementor-toggle-icon-opened\"><i class=\"elementor-toggle-icon-opened fas fa-caret-up\"><\/i><\/span>\n\t\t\t\t\t\t\t\t\t\t\t\t\t<\/span>\n\t\t\t\t\t\t\t\t\t\t\t\t<a class=\"elementor-toggle-title\" tabindex=\"0\">Hur skyddar du min personliga information?<\/a>\n\t\t\t\t\t<\/div>\n\n\t\t\t\t\t<div id=\"elementor-tab-content-1412\" class=\"elementor-tab-content elementor-clearfix\" data-tab=\"12\" role=\"region\" aria-labelledby=\"elementor-tab-title-1412\"><p>Vi f\u00f6ljer alla GDPR-standarder n\u00e4r det g\u00e4ller att skydda din personliga information.\u00a0<span style=\"background-color: var( --e-global-color-45bfa7a ); color: var(--bb-body-text-color);\">Dina kortuppgifter kommer att lagras i Stripes betalningsplattform, inte p\u00e5 v\u00e5r webbsida, och din profilinformation skyddas av v\u00e5r s\u00e4kra servermilj\u00f6.\u00a0<\/span><span style=\"background-color: var( --e-global-color-45bfa7a ); color: var(--bb-body-text-color);\">V\u00e5r webbsida \u00e4r skyddad av Cloudflare-mjukvaran och v\u00e5ra servrar \u00f6vervakas 24 timmar om dygnet av v\u00e5r serverleverant\u00f6r.\u00a0<\/span><span style=\"background-color: var( --e-global-color-45bfa7a ); color: var(--bb-body-text-color);\">H\u00e4r kan du l\u00e4sa v\u00e5r <\/span><a href=\"https:\/\/www.matrixperformancegroup.com\/privacy-policy-2\/\" target=\"_blank\" rel=\"noopener\">Privatpolitik<\/a><span style=\"background-color: var( --e-global-color-45bfa7a ); color: var(--bb-body-text-color);\">\u00a0och v\u00e5r <\/span><a href=\"https:\/\/www.matrixperformancegroup.com\/terms-of-service\/\" target=\"_blank\" rel=\"noopener\">Anv\u00e4ndarvillkor <\/a><span style=\"background-color: var( --e-global-color-45bfa7a ); color: var(--bb-body-text-color);\">uttalanden.<\/span><\/p><\/div>\n\t\t\t\t<\/div>\n\t\t\t\t\t\t\t\t<\/div>\n\t\t\t\t\t\t<\/div>\n\t\t\t\t<\/div>\n\t\t\t\t<div class=\"elementor-element elementor-element-9a129d3 elementor-align-center elementor-widget elementor-widget-button\" data-id=\"9a129d3\" data-element_type=\"widget\" data-e-type=\"widget\" data-widget_type=\"button.default\">\n\t\t\t\t<div class=\"elementor-widget-container\">\n\t\t\t\t\t\t\t\t\t<div class=\"elementor-button-wrapper\">\n\t\t\t\t\t<a class=\"elementor-button elementor-button-link elementor-size-sm\" href=\"https:\/\/www.matrixperformancegroup.com\/bookademo\/\" target=\"_blank\" rel=\"noopener\">\n\t\t\t\t\t\t<span class=\"elementor-button-content-wrapper\">\n\t\t\t\t\t\t<span class=\"elementor-button-icon\">\n\t\t\t\t<i aria-hidden=\"true\" class=\"th-linea icon th-linea icon-arrows-right\"><\/i>\t\t\t<\/span>\n\t\t\t\t\t\t\t\t\t<span class=\"elementor-button-text\">SKICKA OSS ETT MEDDELANDE H\u00c4R<\/span>\n\t\t\t\t\t<\/span>\n\t\t\t\t\t<\/a>\n\t\t\t\t<\/div>\n\t\t\t\t\t\t\t\t<\/div>\n\t\t\t\t<\/div>\n\t\t\t\t\t<\/div>\n\t\t<\/div>\n\t\t\t\t\t<\/div>\n\t\t<\/section>\n\t\t\t\t<\/div>","protected":false},"excerpt":{"rendered":"<p>FAQ We&#8217;re here to help Get instant answers here to all the most common questions about us, or click the chat button and ask our&hellip;<\/p>","protected":false},"author":4,"featured_media":2297,"parent":0,"menu_order":55,"comment_status":"closed","ping_status":"closed","template":"page-fullwidth.php","meta":{"om_disable_all_campaigns":false,"pmpro_default_level":"","_monsterinsights_skip_tracking":false,"_monsterinsights_sitenote_active":false,"_monsterinsights_sitenote_note":"","_monsterinsights_sitenote_category":0,"_uf_show_specific_survey":0,"_uf_disable_surveys":false,"footnotes":""},"class_list":["post-227","page","type-page","status-publish","has-post-thumbnail","hentry","pmpro-has-access"],"_links":{"self":[{"href":"https:\/\/coachtrigger.com\/se\/wp-json\/wp\/v2\/pages\/227","targetHints":{"allow":["GET"]}}],"collection":[{"href":"https:\/\/coachtrigger.com\/se\/wp-json\/wp\/v2\/pages"}],"about":[{"href":"https:\/\/coachtrigger.com\/se\/wp-json\/wp\/v2\/types\/page"}],"author":[{"embeddable":true,"href":"https:\/\/coachtrigger.com\/se\/wp-json\/wp\/v2\/users\/4"}],"replies":[{"embeddable":true,"href":"https:\/\/coachtrigger.com\/se\/wp-json\/wp\/v2\/comments?post=227"}],"version-history":[{"count":0,"href":"https:\/\/coachtrigger.com\/se\/wp-json\/wp\/v2\/pages\/227\/revisions"}],"wp:featuredmedia":[{"embeddable":true,"href":"https:\/\/coachtrigger.com\/se\/wp-json\/wp\/v2\/media\/2297"}],"wp:attachment":[{"href":"https:\/\/coachtrigger.com\/se\/wp-json\/wp\/v2\/media?parent=227"}],"curies":[{"name":"wp","href":"https:\/\/api.w.org\/{rel}","templated":true}]}}