{"id":6712,"date":"2024-03-22T12:09:00","date_gmt":"2024-03-22T11:09:00","guid":{"rendered":"https:\/\/www.coachtrigger.com\/?post_type=product&#038;p=6712"},"modified":"2024-03-22T12:09:00","modified_gmt":"2024-03-22T11:09:00","slug":"extra-hours-senior-support","status":"publish","type":"product","link":"https:\/\/coachtrigger.com\/pt\/product\/extra-hours-senior-support\/","title":{"rendered":"Horas extras de suporte s\u00eanior"},"content":{"rendered":"<p>Este pacote oferece 10 horas de nossa equipe de suporte s\u00eanior.<\/p>\n<p>Voc\u00ea pode usar essas horas com este tipo de ajuda extra nossa:<\/p>\n<ul>\n<li>Se voc\u00ea deseja que produzamos cursos e m\u00f3dulos de treinamento para voc\u00ea em nosso editor LMS<\/li>\n<li>Treinamento Coach-The-Coach, voc\u00ea pode precisar de como usar o CoachTrigger com seus clientes ou membros da equipe<\/li>\n<li>Workshops sobre como estender seu programa com educa\u00e7\u00e3o on-line paga<\/li>\n<li>Workshops sobre como criar mais fontes de receita para o seu neg\u00f3cio<\/li>\n<li>Workshops sobre como criar mais consultas de clientes recebidas<\/li>\n<li>\u2026 ou qualquer outra coisa sobre a qual voc\u00ea gostaria de receber aconselhamento s\u00eanior.<\/li>\n<\/ul>\n<p>Avisaremos quando as horas que voc\u00ea comprou acabarem e voc\u00ea precisar recarregar.<\/p>\n<p>Se voc\u00ea tiver alguma d\u00favida sobre esta compra, envie-nos um e-mail para <a href=\"mailto:contact@coachtrigger.com\">contact@coachtrigger.com<\/a>.<\/p>","protected":false},"excerpt":{"rendered":"<p>Este pacote oferece 10 horas de nossa equipe de suporte s\u00eanior.<\/p>","protected":false},"featured_media":5107,"comment_status":"closed","ping_status":"closed","template":"","meta":{"om_disable_all_campaigns":true,"pmpro_default_level":"","_monsterinsights_skip_tracking":false,"_monsterinsights_sitenote_active":false,"_monsterinsights_sitenote_note":"","_monsterinsights_sitenote_category":0,"_uf_show_specific_survey":0,"_uf_disable_surveys":false},"product_brand":[],"product_cat":[189],"product_tag":[],"class_list":{"0":"post-6712","1":"product","2":"type-product","3":"status-publish","4":"has-post-thumbnail","6":"product_cat-uncategorized","7":"pmpro-has-access","9":"first","10":"instock","11":"taxable","12":"shipping-taxable","13":"purchasable","14":"product-type-simple"},"_links":{"self":[{"href":"https:\/\/coachtrigger.com\/pt\/wp-json\/wp\/v2\/product\/6712","targetHints":{"allow":["GET"]}}],"collection":[{"href":"https:\/\/coachtrigger.com\/pt\/wp-json\/wp\/v2\/product"}],"about":[{"href":"https:\/\/coachtrigger.com\/pt\/wp-json\/wp\/v2\/types\/product"}],"replies":[{"embeddable":true,"href":"https:\/\/coachtrigger.com\/pt\/wp-json\/wp\/v2\/comments?post=6712"}],"wp:featuredmedia":[{"embeddable":true,"href":"https:\/\/coachtrigger.com\/pt\/wp-json\/wp\/v2\/media\/5107"}],"wp:attachment":[{"href":"https:\/\/coachtrigger.com\/pt\/wp-json\/wp\/v2\/media?parent=6712"}],"wp:term":[{"taxonomy":"product_brand","embeddable":true,"href":"https:\/\/coachtrigger.com\/pt\/wp-json\/wp\/v2\/product_brand?post=6712"},{"taxonomy":"product_cat","embeddable":true,"href":"https:\/\/coachtrigger.com\/pt\/wp-json\/wp\/v2\/product_cat?post=6712"},{"taxonomy":"product_tag","embeddable":true,"href":"https:\/\/coachtrigger.com\/pt\/wp-json\/wp\/v2\/product_tag?post=6712"}],"curies":[{"name":"wp","href":"https:\/\/api.w.org\/{rel}","templated":true}]}}