{"id":6698,"date":"2024-03-22T11:59:38","date_gmt":"2024-03-22T10:59:38","guid":{"rendered":"https:\/\/www.coachtrigger.com\/?post_type=product&#038;p=6698"},"modified":"2024-03-22T12:09:56","modified_gmt":"2024-03-22T11:09:56","slug":"coachtrigger-start-package","status":"publish","type":"product","link":"https:\/\/coachtrigger.com\/pt\/product\/coachtrigger-start-package\/","title":{"rendered":"Pacote inicial CoachTrigger"},"content":{"rendered":"<p>Para novos clientes que gostam de nossa ajuda na configura\u00e7\u00e3o inicial, incluindo:<\/p>\n<ul>\n<li>Etiqueta branca personalizada com seu logotipo e esquema de cores em todas as telas<\/li>\n<li>Configura\u00e7\u00e3o personalizada do fluxo de trabalho, adequando-se \u00e0 sua forma de vender seus servi\u00e7os<\/li>\n<li>Produ\u00e7\u00e3o personalizada de todos os seus cursos e materiais de treinamento em nosso LMS<\/li>\n<li>M\u00f3dulos de compra personalizados para todos os seus cursos e treinamentos em seu site<\/li>\n<li>Taxa de plataforma de 2 meses (normalmente 2 x 99$)<\/li>\n<\/ul>\n<p>Este \u00e9 um pacote que oferecemos a novos clientes, incluindo 10 horas da nossa equipe para produzir sua plataforma CoachTrigger sob medida, pronta para come\u00e7ar a trabalhar com seus clientes.<\/p>\n<p>Se precisar de mais de 10 horas de ajuda, voc\u00ea pode solicitar um pacote de tempo extra quando quiser.<\/p>\n<p>Se voc\u00ea tiver alguma d\u00favida sobre esta compra, envie-nos um e-mail para <a href=\"mailto:contact@coachtrigger.com\">contact@coachtrigger.com<\/a>.<\/p>","protected":false},"excerpt":{"rendered":"<p>Para novos clientes que gostam de ter nossa ajuda na configura\u00e7\u00e3o inicial<\/p>","protected":false},"featured_media":5057,"comment_status":"closed","ping_status":"closed","template":"","meta":{"om_disable_all_campaigns":true,"pmpro_default_level":"","_monsterinsights_skip_tracking":false,"_monsterinsights_sitenote_active":false,"_monsterinsights_sitenote_note":"","_monsterinsights_sitenote_category":0,"_uf_show_specific_survey":0,"_uf_disable_surveys":false},"product_brand":[],"product_cat":[189],"product_tag":[],"class_list":{"0":"post-6698","1":"product","2":"type-product","3":"status-publish","4":"has-post-thumbnail","6":"product_cat-uncategorized","7":"pmpro-has-access","9":"first","10":"instock","11":"taxable","12":"shipping-taxable","13":"purchasable","14":"product-type-simple"},"_links":{"self":[{"href":"https:\/\/coachtrigger.com\/pt\/wp-json\/wp\/v2\/product\/6698","targetHints":{"allow":["GET"]}}],"collection":[{"href":"https:\/\/coachtrigger.com\/pt\/wp-json\/wp\/v2\/product"}],"about":[{"href":"https:\/\/coachtrigger.com\/pt\/wp-json\/wp\/v2\/types\/product"}],"replies":[{"embeddable":true,"href":"https:\/\/coachtrigger.com\/pt\/wp-json\/wp\/v2\/comments?post=6698"}],"wp:featuredmedia":[{"embeddable":true,"href":"https:\/\/coachtrigger.com\/pt\/wp-json\/wp\/v2\/media\/5057"}],"wp:attachment":[{"href":"https:\/\/coachtrigger.com\/pt\/wp-json\/wp\/v2\/media?parent=6698"}],"wp:term":[{"taxonomy":"product_brand","embeddable":true,"href":"https:\/\/coachtrigger.com\/pt\/wp-json\/wp\/v2\/product_brand?post=6698"},{"taxonomy":"product_cat","embeddable":true,"href":"https:\/\/coachtrigger.com\/pt\/wp-json\/wp\/v2\/product_cat?post=6698"},{"taxonomy":"product_tag","embeddable":true,"href":"https:\/\/coachtrigger.com\/pt\/wp-json\/wp\/v2\/product_tag?post=6698"}],"curies":[{"name":"wp","href":"https:\/\/api.w.org\/{rel}","templated":true}]}}