{"id":227,"date":"2017-05-30T23:22:40","date_gmt":"2017-05-30T23:22:40","guid":{"rendered":"http:\/\/import.themovation.com\/embark\/river-rafting\/?page_id=144"},"modified":"2024-03-21T16:26:03","modified_gmt":"2024-03-21T15:26:03","slug":"support-help-faq-old","status":"publish","type":"page","link":"https:\/\/coachtrigger.com\/pt\/support-help-faq-old\/","title":{"rendered":"Central de Ajuda antiga"},"content":{"rendered":"<div data-elementor-type=\"wp-post\" data-elementor-id=\"227\" class=\"elementor elementor-227\" data-elementor-post-type=\"page\">\n\t\t\t\t\t\t<section class=\"elementor-section elementor-top-section elementor-element elementor-element-jcpoldy elementor-section-height-min-height elementor-section-full_width elementor-section-stretched elementor-section-height-default elementor-section-items-middle\" data-id=\"jcpoldy\" data-element_type=\"section\" data-e-type=\"section\" data-settings=\"{&quot;background_background&quot;:&quot;classic&quot;,&quot;stretch_section&quot;:&quot;section-stretched&quot;}\">\n\t\t\t\t\t\t\t<div class=\"elementor-background-overlay\"><\/div>\n\t\t\t\t\t\t\t<div class=\"elementor-container elementor-column-gap-default\">\n\t\t\t\t\t<div class=\"elementor-column elementor-col-100 elementor-top-column elementor-element elementor-element-bsvdawm\" data-id=\"bsvdawm\" data-element_type=\"column\" data-e-type=\"column\">\n\t\t\t<div class=\"elementor-widget-wrap elementor-element-populated\">\n\t\t\t\t\t\t<div class=\"elementor-element elementor-element-yo2cagj elementor-widget elementor-widget-spacer\" data-id=\"yo2cagj\" data-element_type=\"widget\" data-e-type=\"widget\" data-widget_type=\"spacer.default\">\n\t\t\t\t<div class=\"elementor-widget-container\">\n\t\t\t\t\t\t\t<div class=\"elementor-spacer\">\n\t\t\t<div class=\"elementor-spacer-inner\"><\/div>\n\t\t<\/div>\n\t\t\t\t\t\t<\/div>\n\t\t\t\t<\/div>\n\t\t\t\t<div class=\"elementor-element elementor-element-d1a7e44 elementor-widget elementor-widget-heading\" data-id=\"d1a7e44\" data-element_type=\"widget\" data-e-type=\"widget\" data-widget_type=\"heading.default\">\n\t\t\t\t<div class=\"elementor-widget-container\">\n\t\t\t\t\t<h2 class=\"elementor-heading-title elementor-size-xxl\">FAQ<\/h2>\t\t\t\t<\/div>\n\t\t\t\t<\/div>\n\t\t\t\t<div class=\"elementor-element elementor-element-addubne elementor-widget elementor-widget-spacer\" data-id=\"addubne\" data-element_type=\"widget\" data-e-type=\"widget\" data-widget_type=\"spacer.default\">\n\t\t\t\t<div class=\"elementor-widget-container\">\n\t\t\t\t\t\t\t<div class=\"elementor-spacer\">\n\t\t\t<div class=\"elementor-spacer-inner\"><\/div>\n\t\t<\/div>\n\t\t\t\t\t\t<\/div>\n\t\t\t\t<\/div>\n\t\t\t\t\t<\/div>\n\t\t<\/div>\n\t\t\t\t\t<\/div>\n\t\t<\/section>\n\t\t\t\t<section class=\"elementor-section elementor-top-section elementor-element elementor-element-ruyeqzk elementor-section-boxed elementor-section-height-default elementor-section-height-default\" data-id=\"ruyeqzk\" data-element_type=\"section\" data-e-type=\"section\" data-settings=\"{&quot;background_background&quot;:&quot;classic&quot;}\">\n\t\t\t\t\t\t<div class=\"elementor-container elementor-column-gap-default\">\n\t\t\t\t\t<div class=\"elementor-column elementor-col-100 elementor-top-column elementor-element elementor-element-rqrjwkf\" data-id=\"rqrjwkf\" data-element_type=\"column\" data-e-type=\"column\">\n\t\t\t<div class=\"elementor-widget-wrap elementor-element-populated\">\n\t\t\t\t\t\t<div class=\"elementor-element elementor-element-enrsgoy elementor-invisible elementor-widget elementor-widget-toggle\" data-id=\"enrsgoy\" data-element_type=\"widget\" data-e-type=\"widget\" data-settings=\"{&quot;_animation&quot;:&quot;fadeInLeft&quot;}\" data-widget_type=\"toggle.default\">\n\t\t\t\t<div class=\"elementor-widget-container\">\n\t\t\t\t\t\t\t<div class=\"elementor-toggle\">\n\t\t\t\t\t\t\t<div class=\"elementor-toggle-item\">\n\t\t\t\t\t<div id=\"elementor-tab-title-141\" class=\"elementor-tab-title\" data-tab=\"1\" role=\"button\" aria-controls=\"elementor-tab-content-141\" aria-expanded=\"false\">\n\t\t\t\t\t\t\t\t\t\t\t\t<span class=\"elementor-toggle-icon elementor-toggle-icon-left\" aria-hidden=\"true\">\n\t\t\t\t\t\t\t\t\t\t\t\t\t\t\t<span class=\"elementor-toggle-icon-closed\"><i class=\"fas fa-caret-right\"><\/i><\/span>\n\t\t\t\t\t\t\t\t<span class=\"elementor-toggle-icon-opened\"><i class=\"elementor-toggle-icon-opened fas fa-caret-up\"><\/i><\/span>\n\t\t\t\t\t\t\t\t\t\t\t\t\t<\/span>\n\t\t\t\t\t\t\t\t\t\t\t\t<a class=\"elementor-toggle-title\" tabindex=\"0\">Quais s\u00e3o os benef\u00edcios da plataforma CoachTrigger?<\/a>\n\t\t\t\t\t<\/div>\n\n\t\t\t\t\t<div id=\"elementor-tab-content-141\" class=\"elementor-tab-content elementor-clearfix\" data-tab=\"1\" role=\"region\" aria-labelledby=\"elementor-tab-title-141\"><p>Como coach de neg\u00f3cios, treinador, l\u00edder de equipe ou gerente respons\u00e1vel, os benef\u00edcios das plataformas CoachTrigger s\u00e3o muitos.<\/p><ul><li>Mais f\u00e1cil de analisar quais problemas os indiv\u00edduos e as equipes t\u00eam na empresa.<\/li><li>\u00c9 mais f\u00e1cil detectar quais coaching e treinamento s\u00e3o necess\u00e1rios em n\u00edvel individual.<\/li><li>Mais f\u00e1cil de acompanhar o desempenho de cada pessoa em n\u00edvel di\u00e1rio, semanal, mensal e anual.<\/li><li>Apresente nosso conceito \u00fanico de \u201cself coaching\u201d, que permite que cada indiv\u00edduo alcance com mais facilidade metas e produtividade mais altas.<\/li><li>Sistema de relat\u00f3rios transparente para todos os n\u00edveis de usu\u00e1rios e gestores.<\/li><li>Sistema de pontua\u00e7\u00e3o de pontos para motivar os membros da equipe e criar sistemas de recompensa mais motivadores.\u00a0<\/li><li>Biblioteca para upload de v\u00eddeos de treinamento, v\u00eddeos motivacionais e documentos que auxiliam no desenvolvimento dos membros da equipe.<\/li><li>Fun\u00e7\u00e3o comunit\u00e1ria onde voc\u00ea pode fazer networking, debater e compartilhar conhecimento com todos os demais profissionais conectados ao CoachTrigger.<\/li><li>Bate-papo de suporte ao vivo para ajud\u00e1-lo a aproveitar ao m\u00e1ximo a plataforma CoachTrigger.<\/li><li>Possibilidade de agendar videoconfer\u00eancias ao vivo com nossos especialistas CoachTrigger, para aprimorar seus conhecimentos e habilidades como coach ou treinador profissional.<\/li><\/ul><p>A melhor maneira de entender todos os benef\u00edcios da plataforma CoachTrigger \u00e9 agendar uma Reuni\u00e3o de Descoberta conosco. <a href=\"https:\/\/coachtrigger.com\/discovery\/\">Clique aqui para agendar sua Reuni\u00e3o de Descoberta com nossa equipe.<\/a>\u00a0<\/p><\/div>\n\t\t\t\t<\/div>\n\t\t\t\t\t\t\t<div class=\"elementor-toggle-item\">\n\t\t\t\t\t<div id=\"elementor-tab-title-142\" class=\"elementor-tab-title\" data-tab=\"2\" role=\"button\" aria-controls=\"elementor-tab-content-142\" aria-expanded=\"false\">\n\t\t\t\t\t\t\t\t\t\t\t\t<span class=\"elementor-toggle-icon elementor-toggle-icon-left\" aria-hidden=\"true\">\n\t\t\t\t\t\t\t\t\t\t\t\t\t\t\t<span class=\"elementor-toggle-icon-closed\"><i class=\"fas fa-caret-right\"><\/i><\/span>\n\t\t\t\t\t\t\t\t<span class=\"elementor-toggle-icon-opened\"><i class=\"elementor-toggle-icon-opened fas fa-caret-up\"><\/i><\/span>\n\t\t\t\t\t\t\t\t\t\t\t\t\t<\/span>\n\t\t\t\t\t\t\t\t\t\t\t\t<a class=\"elementor-toggle-title\" tabindex=\"0\">Como posso reservar uma Reuni\u00e3o de Descoberta?<\/a>\n\t\t\t\t\t<\/div>\n\n\t\t\t\t\t<div id=\"elementor-tab-content-142\" class=\"elementor-tab-content elementor-clearfix\" data-tab=\"2\" role=\"region\" aria-labelledby=\"elementor-tab-title-142\"><p>Aqui voc\u00ea pode agendar uma Reuni\u00e3o de Descoberta com nossa Equipe de Descoberta. Eles explicar\u00e3o todos os benef\u00edcios que nossa plataforma tem a oferecer. <a href=\"https:\/\/coachtrigger.com\/discovery\/\">Clique aqui para agendar sua Reuni\u00e3o de Descoberta com nossa equipe.<\/a>\u00a0Ou<span style=\"background-color: var( --e-global-color-45bfa7a ); color: var(--bb-body-text-color);\">\u00a0entre em contato com nosso fant\u00e1stico suporte por bate-papo 24 horas por dia, 7 dias por semana, usando o bot\u00e3o de bate-papo na tela a qualquer momento, se tiver d\u00favidas<\/span><\/p><\/div>\n\t\t\t\t<\/div>\n\t\t\t\t\t\t\t<div class=\"elementor-toggle-item\">\n\t\t\t\t\t<div id=\"elementor-tab-title-143\" class=\"elementor-tab-title\" data-tab=\"3\" role=\"button\" aria-controls=\"elementor-tab-content-143\" aria-expanded=\"false\">\n\t\t\t\t\t\t\t\t\t\t\t\t<span class=\"elementor-toggle-icon elementor-toggle-icon-left\" aria-hidden=\"true\">\n\t\t\t\t\t\t\t\t\t\t\t\t\t\t\t<span class=\"elementor-toggle-icon-closed\"><i class=\"fas fa-caret-right\"><\/i><\/span>\n\t\t\t\t\t\t\t\t<span class=\"elementor-toggle-icon-opened\"><i class=\"elementor-toggle-icon-opened fas fa-caret-up\"><\/i><\/span>\n\t\t\t\t\t\t\t\t\t\t\t\t\t<\/span>\n\t\t\t\t\t\t\t\t\t\t\t\t<a class=\"elementor-toggle-title\" tabindex=\"0\">Como fa\u00e7o para criar uma conta?<\/a>\n\t\t\t\t\t<\/div>\n\n\t\t\t\t\t<div id=\"elementor-tab-content-143\" class=\"elementor-tab-content elementor-clearfix\" data-tab=\"3\" role=\"region\" aria-labelledby=\"elementor-tab-title-143\"><p>Vou ao <a href=\"https:\/\/www.matrixperformancegroup.com\/pricing-monochrome\/\" target=\"_blank\" rel=\"noopener\">P\u00e1gina de pre\u00e7os<\/a> e escolha um plano e fa\u00e7a sua compra. Voc\u00ea ser\u00e1 solicitado a preencher um e-mail address e criar uma senha e um nome de usu\u00e1rio que ser\u00e3o suas credenciais de login. <span style=\"background-color: var( --e-global-color-45bfa7a ); color: var(--bb-body-text-color);\">Entre em contato com nosso fant\u00e1stico suporte por bate-papo 24 horas por dia, 7 dias por semana, usando o bot\u00e3o de bate-papo na tela a qualquer momento, se tiver d\u00favidas<\/span><\/p><\/div>\n\t\t\t\t<\/div>\n\t\t\t\t\t\t\t<div class=\"elementor-toggle-item\">\n\t\t\t\t\t<div id=\"elementor-tab-title-144\" class=\"elementor-tab-title\" data-tab=\"4\" role=\"button\" aria-controls=\"elementor-tab-content-144\" aria-expanded=\"false\">\n\t\t\t\t\t\t\t\t\t\t\t\t<span class=\"elementor-toggle-icon elementor-toggle-icon-left\" aria-hidden=\"true\">\n\t\t\t\t\t\t\t\t\t\t\t\t\t\t\t<span class=\"elementor-toggle-icon-closed\"><i class=\"fas fa-caret-right\"><\/i><\/span>\n\t\t\t\t\t\t\t\t<span class=\"elementor-toggle-icon-opened\"><i class=\"elementor-toggle-icon-opened fas fa-caret-up\"><\/i><\/span>\n\t\t\t\t\t\t\t\t\t\t\t\t\t<\/span>\n\t\t\t\t\t\t\t\t\t\t\t\t<a class=\"elementor-toggle-title\" tabindex=\"0\">Existe uma avalia\u00e7\u00e3o gratuita da plataforma CoachTrigger?<\/a>\n\t\t\t\t\t<\/div>\n\n\t\t\t\t\t<div id=\"elementor-tab-content-144\" class=\"elementor-tab-content elementor-clearfix\" data-tab=\"4\" role=\"region\" aria-labelledby=\"elementor-tab-title-144\"><p>H\u00e1 um teste gratuito de duas semanas para a plataforma CoachTrigger. Por favor <a href=\"https:\/\/coachtrigger.com\/membership-account\/membership-checkout\/?level=10\">Clique aqui para iniciar uma conta de teste.<\/a>\u00a0<span style=\"background-color: var( --e-global-color-45bfa7a ); color: var(--bb-body-text-color);\">Entre em contato com nosso fant\u00e1stico suporte por bate-papo 24 horas por dia, 7 dias por semana, usando o bot\u00e3o de bate-papo na tela a qualquer momento, se tiver d\u00favidas<\/span><\/p><\/div>\n\t\t\t\t<\/div>\n\t\t\t\t\t\t\t<div class=\"elementor-toggle-item\">\n\t\t\t\t\t<div id=\"elementor-tab-title-145\" class=\"elementor-tab-title\" data-tab=\"5\" role=\"button\" aria-controls=\"elementor-tab-content-145\" aria-expanded=\"false\">\n\t\t\t\t\t\t\t\t\t\t\t\t<span class=\"elementor-toggle-icon elementor-toggle-icon-left\" aria-hidden=\"true\">\n\t\t\t\t\t\t\t\t\t\t\t\t\t\t\t<span class=\"elementor-toggle-icon-closed\"><i class=\"fas fa-caret-right\"><\/i><\/span>\n\t\t\t\t\t\t\t\t<span class=\"elementor-toggle-icon-opened\"><i class=\"elementor-toggle-icon-opened fas fa-caret-up\"><\/i><\/span>\n\t\t\t\t\t\t\t\t\t\t\t\t\t<\/span>\n\t\t\t\t\t\t\t\t\t\t\t\t<a class=\"elementor-toggle-title\" tabindex=\"0\">Como s\u00e3o seus planos de pre\u00e7os?<\/a>\n\t\t\t\t\t<\/div>\n\n\t\t\t\t\t<div id=\"elementor-tab-content-145\" class=\"elementor-tab-content elementor-clearfix\" data-tab=\"5\" role=\"region\" aria-labelledby=\"elementor-tab-title-145\"><p>Temos tr\u00eas n\u00edveis diferentes de pre\u00e7os. Voc\u00ea pode fazer upgrade ou downgrade do seu n\u00edvel pago a qualquer momento. <a href=\"https:\/\/coachtrigger.com\/pricing-monochrome\/\">Por favor, veja nossos n\u00edveis de pre\u00e7os aqui.<\/a>\u00a0<span style=\"background-color: var( --e-global-color-45bfa7a ); color: var(--bb-body-text-color);\">Entre em contato com nosso fant\u00e1stico suporte por bate-papo 24 horas por dia, 7 dias por semana, usando o bot\u00e3o de bate-papo na tela a qualquer momento, se tiver d\u00favidas<\/span><\/p><\/div>\n\t\t\t\t<\/div>\n\t\t\t\t\t\t\t<div class=\"elementor-toggle-item\">\n\t\t\t\t\t<div id=\"elementor-tab-title-146\" class=\"elementor-tab-title\" data-tab=\"6\" role=\"button\" aria-controls=\"elementor-tab-content-146\" aria-expanded=\"false\">\n\t\t\t\t\t\t\t\t\t\t\t\t<span class=\"elementor-toggle-icon elementor-toggle-icon-left\" aria-hidden=\"true\">\n\t\t\t\t\t\t\t\t\t\t\t\t\t\t\t<span class=\"elementor-toggle-icon-closed\"><i class=\"fas fa-caret-right\"><\/i><\/span>\n\t\t\t\t\t\t\t\t<span class=\"elementor-toggle-icon-opened\"><i class=\"elementor-toggle-icon-opened fas fa-caret-up\"><\/i><\/span>\n\t\t\t\t\t\t\t\t\t\t\t\t\t<\/span>\n\t\t\t\t\t\t\t\t\t\t\t\t<a class=\"elementor-toggle-title\" tabindex=\"0\">Como fa\u00e7o upgrade ou downgrade do meu plano de assinatura?<\/a>\n\t\t\t\t\t<\/div>\n\n\t\t\t\t\t<div id=\"elementor-tab-content-146\" class=\"elementor-tab-content elementor-clearfix\" data-tab=\"6\" role=\"region\" aria-labelledby=\"elementor-tab-title-146\"><p>Depois de realizar a compra de um plano e estar logado, voc\u00ea ter\u00e1 um bot\u00e3o no menu superior chamado \u201cPlanos\u201d.\u00a0<span style=\"background-color: var( --e-global-color-45bfa7a ); color: var(--bb-body-text-color);\">Ao clicar aqui voc\u00ea pode, a qualquer momento, mudar para um plano superior ou inferior.\u00a0<\/span><span style=\"background-color: var( --e-global-color-45bfa7a ); color: var(--bb-body-text-color);\">Entre em contato com nosso fant\u00e1stico suporte por bate-papo 24 horas por dia, 7 dias por semana, usando o bot\u00e3o de bate-papo na tela a qualquer momento, se tiver d\u00favidas<\/span><\/p><\/div>\n\t\t\t\t<\/div>\n\t\t\t\t\t\t\t<div class=\"elementor-toggle-item\">\n\t\t\t\t\t<div id=\"elementor-tab-title-147\" class=\"elementor-tab-title\" data-tab=\"7\" role=\"button\" aria-controls=\"elementor-tab-content-147\" aria-expanded=\"false\">\n\t\t\t\t\t\t\t\t\t\t\t\t<span class=\"elementor-toggle-icon elementor-toggle-icon-left\" aria-hidden=\"true\">\n\t\t\t\t\t\t\t\t\t\t\t\t\t\t\t<span class=\"elementor-toggle-icon-closed\"><i class=\"fas fa-caret-right\"><\/i><\/span>\n\t\t\t\t\t\t\t\t<span class=\"elementor-toggle-icon-opened\"><i class=\"elementor-toggle-icon-opened fas fa-caret-up\"><\/i><\/span>\n\t\t\t\t\t\t\t\t\t\t\t\t\t<\/span>\n\t\t\t\t\t\t\t\t\t\t\t\t<a class=\"elementor-toggle-title\" tabindex=\"0\">Que tipos de pagamentos voc\u00ea aceita?<\/a>\n\t\t\t\t\t<\/div>\n\n\t\t\t\t\t<div id=\"elementor-tab-content-147\" class=\"elementor-tab-content elementor-clearfix\" data-tab=\"7\" role=\"region\" aria-labelledby=\"elementor-tab-title-147\"><p>Nossa plataforma de pagamento \u00e9 conectada ao Stripe, e voc\u00ea pode usar qualquer cart\u00e3o de d\u00e9bito ou cr\u00e9dito ao assinar nossa assinatura mensal. Sua transa\u00e7\u00e3o \u00e9 criptografada por SSL e voc\u00ea<span style=\"background-color: var( --e-global-color-45bfa7a ); color: var(--bb-body-text-color);\">os detalhes do nosso cart\u00e3o ser\u00e3o salvos com seguran\u00e7a na plataforma Stripe, n\u00e3o em nosso site.\u00a0<\/span><a href=\"https:\/\/www.matrixperformancegroup.com\/pricing-monochrome\/\" target=\"_blank\" rel=\"noopener\">Veja nossos n\u00edveis de pre\u00e7os aqui.<\/a>\u00a0<span style=\"background-color: var( --e-global-color-45bfa7a ); color: var(--bb-body-text-color);\">Entre em contato com nosso fant\u00e1stico suporte por bate-papo 24 horas por dia, 7 dias por semana, usando o bot\u00e3o de bate-papo na tela a qualquer momento, se tiver d\u00favidas<\/span><\/p><\/div>\n\t\t\t\t<\/div>\n\t\t\t\t\t\t\t<div class=\"elementor-toggle-item\">\n\t\t\t\t\t<div id=\"elementor-tab-title-148\" class=\"elementor-tab-title\" data-tab=\"8\" role=\"button\" aria-controls=\"elementor-tab-content-148\" aria-expanded=\"false\">\n\t\t\t\t\t\t\t\t\t\t\t\t<span class=\"elementor-toggle-icon elementor-toggle-icon-left\" aria-hidden=\"true\">\n\t\t\t\t\t\t\t\t\t\t\t\t\t\t\t<span class=\"elementor-toggle-icon-closed\"><i class=\"fas fa-caret-right\"><\/i><\/span>\n\t\t\t\t\t\t\t\t<span class=\"elementor-toggle-icon-opened\"><i class=\"elementor-toggle-icon-opened fas fa-caret-up\"><\/i><\/span>\n\t\t\t\t\t\t\t\t\t\t\t\t\t<\/span>\n\t\t\t\t\t\t\t\t\t\t\t\t<a class=\"elementor-toggle-title\" tabindex=\"0\">Qual \u00e9 sua pol\u00edtica de cancelamento?<\/a>\n\t\t\t\t\t<\/div>\n\n\t\t\t\t\t<div id=\"elementor-tab-content-148\" class=\"elementor-tab-content elementor-clearfix\" data-tab=\"8\" role=\"region\" aria-labelledby=\"elementor-tab-title-148\"><p>Depois de se inscrever em um de nossos planos, voc\u00ea poder\u00e1 excluir sua conta a qualquer momento, com um per\u00edodo de cancelamento de 30 dias na assinatura.\u00a0<span style=\"background-color: var( --e-global-color-45bfa7a ); color: var(--bb-body-text-color);\">Entre em contato com nosso fant\u00e1stico suporte por bate-papo 24 horas por dia, 7 dias por semana, usando o bot\u00e3o de bate-papo na tela a qualquer momento, se tiver d\u00favidas<\/span><\/p><\/div>\n\t\t\t\t<\/div>\n\t\t\t\t\t\t\t<div class=\"elementor-toggle-item\">\n\t\t\t\t\t<div id=\"elementor-tab-title-149\" class=\"elementor-tab-title\" data-tab=\"9\" role=\"button\" aria-controls=\"elementor-tab-content-149\" aria-expanded=\"false\">\n\t\t\t\t\t\t\t\t\t\t\t\t<span class=\"elementor-toggle-icon elementor-toggle-icon-left\" aria-hidden=\"true\">\n\t\t\t\t\t\t\t\t\t\t\t\t\t\t\t<span class=\"elementor-toggle-icon-closed\"><i class=\"fas fa-caret-right\"><\/i><\/span>\n\t\t\t\t\t\t\t\t<span class=\"elementor-toggle-icon-opened\"><i class=\"elementor-toggle-icon-opened fas fa-caret-up\"><\/i><\/span>\n\t\t\t\t\t\t\t\t\t\t\t\t\t<\/span>\n\t\t\t\t\t\t\t\t\t\t\t\t<a class=\"elementor-toggle-title\" tabindex=\"0\">Como posso come\u00e7ar a usar o software CoachTrigger?<\/a>\n\t\t\t\t\t<\/div>\n\n\t\t\t\t\t<div id=\"elementor-tab-content-149\" class=\"elementor-tab-content elementor-clearfix\" data-tab=\"9\" role=\"region\" aria-labelledby=\"elementor-tab-title-149\"><p>Depois de se inscrever em um de nossos planos, voc\u00ea poder\u00e1 ver seu perfil do CoachTrigger em nossa plataforma comunit\u00e1ria.\u00a0<\/p><p>Se voc\u00ea clicar no bot\u00e3o de menu \u201cLogin App\u201d e \u201cLogin Dashboard\u201d, voc\u00ea ser\u00e1 automaticamente logado em nosso CoachTrigger Software. Voc\u00ea ver\u00e1 ent\u00e3o um sistema de cliente de teste com o qual pode brincar. Use nossos tutoriais sob o bot\u00e3o de menu \u201cSupport\u201d para aprender como configurar e usar o CoachTrigger, ou apenas clique no bot\u00e3o de chat e use nosso fant\u00e1stico suporte de chat ao vivo 24\/7.\u00a0<\/p><\/div>\n\t\t\t\t<\/div>\n\t\t\t\t\t\t\t<div class=\"elementor-toggle-item\">\n\t\t\t\t\t<div id=\"elementor-tab-title-1410\" class=\"elementor-tab-title\" data-tab=\"10\" role=\"button\" aria-controls=\"elementor-tab-content-1410\" aria-expanded=\"false\">\n\t\t\t\t\t\t\t\t\t\t\t\t<span class=\"elementor-toggle-icon elementor-toggle-icon-left\" aria-hidden=\"true\">\n\t\t\t\t\t\t\t\t\t\t\t\t\t\t\t<span class=\"elementor-toggle-icon-closed\"><i class=\"fas fa-caret-right\"><\/i><\/span>\n\t\t\t\t\t\t\t\t<span class=\"elementor-toggle-icon-opened\"><i class=\"elementor-toggle-icon-opened fas fa-caret-up\"><\/i><\/span>\n\t\t\t\t\t\t\t\t\t\t\t\t\t<\/span>\n\t\t\t\t\t\t\t\t\t\t\t\t<a class=\"elementor-toggle-title\" tabindex=\"0\">Como posso redefinir minha senha?<\/a>\n\t\t\t\t\t<\/div>\n\n\t\t\t\t\t<div id=\"elementor-tab-content-1410\" class=\"elementor-tab-content elementor-clearfix\" data-tab=\"10\" role=\"region\" aria-labelledby=\"elementor-tab-title-1410\"><p>Clique no bot\u00e3o azul Entrar no canto superior direito da tela. Na janela de login voc\u00ea encontrar\u00e1 um link azul dizendo \u201cSenha perdida\u201d. Clique aqui e solicite a configura\u00e7\u00e3o de uma nova senha.\u00a0<span style=\"background-color: var( --e-global-color-45bfa7a ); color: var(--bb-body-text-color);\">Entre em contato com nosso fant\u00e1stico suporte por bate-papo 24 horas por dia, 7 dias por semana, usando o bot\u00e3o de bate-papo na tela a qualquer momento, se tiver d\u00favidas<\/span><\/p><\/div>\n\t\t\t\t<\/div>\n\t\t\t\t\t\t\t<div class=\"elementor-toggle-item\">\n\t\t\t\t\t<div id=\"elementor-tab-title-1411\" class=\"elementor-tab-title\" data-tab=\"11\" role=\"button\" aria-controls=\"elementor-tab-content-1411\" aria-expanded=\"false\">\n\t\t\t\t\t\t\t\t\t\t\t\t<span class=\"elementor-toggle-icon elementor-toggle-icon-left\" aria-hidden=\"true\">\n\t\t\t\t\t\t\t\t\t\t\t\t\t\t\t<span class=\"elementor-toggle-icon-closed\"><i class=\"fas fa-caret-right\"><\/i><\/span>\n\t\t\t\t\t\t\t\t<span class=\"elementor-toggle-icon-opened\"><i class=\"elementor-toggle-icon-opened fas fa-caret-up\"><\/i><\/span>\n\t\t\t\t\t\t\t\t\t\t\t\t\t<\/span>\n\t\t\t\t\t\t\t\t\t\t\t\t<a class=\"elementor-toggle-title\" tabindex=\"0\">E se eu esquecer meu nome de usu\u00e1rio?<\/a>\n\t\t\t\t\t<\/div>\n\n\t\t\t\t\t<div id=\"elementor-tab-content-1411\" class=\"elementor-tab-content elementor-clearfix\" data-tab=\"11\" role=\"region\" aria-labelledby=\"elementor-tab-title-1411\"><p>Se voc\u00ea n\u00e3o consegue lembrar seu nome de usu\u00e1rio, basta <a href=\"https:\/\/www.matrixperformancegroup.com\/bookademo\/\" target=\"_blank\" rel=\"noopener\">envie-nos uma mensagem aqui<\/a> e responderemos com seu nome de usu\u00e1rio em breve.<\/p><\/div>\n\t\t\t\t<\/div>\n\t\t\t\t\t\t\t<div class=\"elementor-toggle-item\">\n\t\t\t\t\t<div id=\"elementor-tab-title-1412\" class=\"elementor-tab-title\" data-tab=\"12\" role=\"button\" aria-controls=\"elementor-tab-content-1412\" aria-expanded=\"false\">\n\t\t\t\t\t\t\t\t\t\t\t\t<span class=\"elementor-toggle-icon elementor-toggle-icon-left\" aria-hidden=\"true\">\n\t\t\t\t\t\t\t\t\t\t\t\t\t\t\t<span class=\"elementor-toggle-icon-closed\"><i class=\"fas fa-caret-right\"><\/i><\/span>\n\t\t\t\t\t\t\t\t<span class=\"elementor-toggle-icon-opened\"><i class=\"elementor-toggle-icon-opened fas fa-caret-up\"><\/i><\/span>\n\t\t\t\t\t\t\t\t\t\t\t\t\t<\/span>\n\t\t\t\t\t\t\t\t\t\t\t\t<a class=\"elementor-toggle-title\" tabindex=\"0\">Como voc\u00ea protege minhas informa\u00e7\u00f5es pessoais?<\/a>\n\t\t\t\t\t<\/div>\n\n\t\t\t\t\t<div id=\"elementor-tab-content-1412\" class=\"elementor-tab-content elementor-clearfix\" data-tab=\"12\" role=\"region\" aria-labelledby=\"elementor-tab-title-1412\"><p>Seguimos todos os padr\u00f5es do GDPR quando se trata de proteger suas informa\u00e7\u00f5es pessoais.\u00a0<span style=\"background-color: var( --e-global-color-45bfa7a ); color: var(--bb-body-text-color);\">Os detalhes do seu cart\u00e3o ser\u00e3o armazenados na plataforma de pagamento Stripe, n\u00e3o em nossa p\u00e1gina da web, e as informa\u00e7\u00f5es do seu perfil ser\u00e3o protegidas por nosso ambiente de servidor seguro.\u00a0<\/span><span style=\"background-color: var( --e-global-color-45bfa7a ); color: var(--bb-body-text-color);\">Nossa p\u00e1gina \u00e9 protegida pelo software Cloudflare e nossos servidores s\u00e3o monitorados 24 horas por dia pelo nosso provedor de servidores.\u00a0<\/span><span style=\"background-color: var( --e-global-color-45bfa7a ); color: var(--bb-body-text-color);\">Aqui voc\u00ea pode ler nosso <\/span><a href=\"https:\/\/www.matrixperformancegroup.com\/privacy-policy-2\/\" target=\"_blank\" rel=\"noopener\">Pol\u00edtica Privada<\/a><span style=\"background-color: var( --e-global-color-45bfa7a ); color: var(--bb-body-text-color);\">\u00a0e nosso <\/span><a href=\"https:\/\/www.matrixperformancegroup.com\/terms-of-service\/\" target=\"_blank\" rel=\"noopener\">Termos de servi\u00e7o <\/a><span style=\"background-color: var( --e-global-color-45bfa7a ); color: var(--bb-body-text-color);\">declara\u00e7\u00f5es.<\/span><\/p><\/div>\n\t\t\t\t<\/div>\n\t\t\t\t\t\t\t\t<\/div>\n\t\t\t\t\t\t<\/div>\n\t\t\t\t<\/div>\n\t\t\t\t<div class=\"elementor-element elementor-element-9a129d3 elementor-align-center elementor-widget elementor-widget-button\" data-id=\"9a129d3\" data-element_type=\"widget\" data-e-type=\"widget\" data-widget_type=\"button.default\">\n\t\t\t\t<div class=\"elementor-widget-container\">\n\t\t\t\t\t\t\t\t\t<div class=\"elementor-button-wrapper\">\n\t\t\t\t\t<a class=\"elementor-button elementor-button-link elementor-size-sm\" href=\"https:\/\/www.matrixperformancegroup.com\/bookademo\/\" target=\"_blank\" rel=\"noopener\">\n\t\t\t\t\t\t<span class=\"elementor-button-content-wrapper\">\n\t\t\t\t\t\t<span class=\"elementor-button-icon\">\n\t\t\t\t<i aria-hidden=\"true\" class=\"th-linea icon th-linea icon-arrows-right\"><\/i>\t\t\t<\/span>\n\t\t\t\t\t\t\t\t\t<span class=\"elementor-button-text\">ENVIE-NOS UMA MENSAGEM AQUI<\/span>\n\t\t\t\t\t<\/span>\n\t\t\t\t\t<\/a>\n\t\t\t\t<\/div>\n\t\t\t\t\t\t\t\t<\/div>\n\t\t\t\t<\/div>\n\t\t\t\t\t<\/div>\n\t\t<\/div>\n\t\t\t\t\t<\/div>\n\t\t<\/section>\n\t\t\t\t<\/div>","protected":false},"excerpt":{"rendered":"<p>FAQ We&#8217;re here to help Get instant answers here to all the most common questions about us, or click the chat button and ask our&hellip;<\/p>","protected":false},"author":4,"featured_media":2297,"parent":0,"menu_order":55,"comment_status":"closed","ping_status":"closed","template":"page-fullwidth.php","meta":{"om_disable_all_campaigns":false,"pmpro_default_level":"","_monsterinsights_skip_tracking":false,"_monsterinsights_sitenote_active":false,"_monsterinsights_sitenote_note":"","_monsterinsights_sitenote_category":0,"_uf_show_specific_survey":0,"_uf_disable_surveys":false,"footnotes":""},"class_list":["post-227","page","type-page","status-publish","has-post-thumbnail","hentry","pmpro-has-access"],"_links":{"self":[{"href":"https:\/\/coachtrigger.com\/pt\/wp-json\/wp\/v2\/pages\/227","targetHints":{"allow":["GET"]}}],"collection":[{"href":"https:\/\/coachtrigger.com\/pt\/wp-json\/wp\/v2\/pages"}],"about":[{"href":"https:\/\/coachtrigger.com\/pt\/wp-json\/wp\/v2\/types\/page"}],"author":[{"embeddable":true,"href":"https:\/\/coachtrigger.com\/pt\/wp-json\/wp\/v2\/users\/4"}],"replies":[{"embeddable":true,"href":"https:\/\/coachtrigger.com\/pt\/wp-json\/wp\/v2\/comments?post=227"}],"version-history":[{"count":0,"href":"https:\/\/coachtrigger.com\/pt\/wp-json\/wp\/v2\/pages\/227\/revisions"}],"wp:featuredmedia":[{"embeddable":true,"href":"https:\/\/coachtrigger.com\/pt\/wp-json\/wp\/v2\/media\/2297"}],"wp:attachment":[{"href":"https:\/\/coachtrigger.com\/pt\/wp-json\/wp\/v2\/media?parent=227"}],"curies":[{"name":"wp","href":"https:\/\/api.w.org\/{rel}","templated":true}]}}