{"id":6712,"date":"2024-03-22T12:09:00","date_gmt":"2024-03-22T11:09:00","guid":{"rendered":"https:\/\/www.coachtrigger.com\/?post_type=product&#038;p=6712"},"modified":"2024-03-22T12:09:00","modified_gmt":"2024-03-22T11:09:00","slug":"extra-hours-senior-support","status":"publish","type":"product","link":"https:\/\/coachtrigger.com\/fr\/product\/extra-hours-senior-support\/","title":{"rendered":"Heures suppl\u00e9mentaires de soutien aux seniors"},"content":{"rendered":"<p>Ce forfait vous offre 10 heures aupr\u00e8s de notre \u00e9quipe d&#039;assistance senior.<\/p>\n<p>Vous pouvez utiliser ces heures pour ce type d&#039;aide suppl\u00e9mentaire de notre part\u00a0:<\/p>\n<ul>\n<li>Si vous souhaitez que nous produisions pour vous des cours et modules de formation dans notre \u00e9diteur LMS<\/li>\n<li>Formation Coach-The-Coach dont vous pourriez avoir besoin pour savoir comment utiliser CoachTrigger avec vos clients ou les membres de votre \u00e9quipe<\/li>\n<li>Ateliers sur la fa\u00e7on d&#039;\u00e9tendre votre programme avec des formations en ligne payantes<\/li>\n<li>Ateliers sur la fa\u00e7on de cr\u00e9er davantage de sources de revenus pour votre entreprise<\/li>\n<li>Ateliers sur la fa\u00e7on de cr\u00e9er davantage de demandes de clients entrants<\/li>\n<li>\u2026 ou tout autre sujet sur lequel vous souhaitez obtenir des conseils de haut niveau.<\/li>\n<\/ul>\n<p>Nous vous informerons lorsque les heures que vous avez achet\u00e9es seront \u00e9puis\u00e9es et que vous devrez les recharger.<\/p>\n<p>Si vous avez des questions concernant cet achat, veuillez nous envoyer un e-mail au <a href=\"mailto:contact@coachtrigger.com\">contact@coachtrigger.com<\/a>.<\/p>","protected":false},"excerpt":{"rendered":"<p>Ce forfait vous offre 10 heures aupr\u00e8s de notre \u00e9quipe d&#039;assistance senior.<\/p>","protected":false},"featured_media":5107,"comment_status":"closed","ping_status":"closed","template":"","meta":{"om_disable_all_campaigns":true,"pmpro_default_level":"","_monsterinsights_skip_tracking":false,"_monsterinsights_sitenote_active":false,"_monsterinsights_sitenote_note":"","_monsterinsights_sitenote_category":0,"_uf_show_specific_survey":0,"_uf_disable_surveys":false},"product_brand":[],"product_cat":[189],"product_tag":[],"class_list":{"0":"post-6712","1":"product","2":"type-product","3":"status-publish","4":"has-post-thumbnail","6":"product_cat-uncategorized","7":"pmpro-has-access","9":"first","10":"instock","11":"taxable","12":"shipping-taxable","13":"purchasable","14":"product-type-simple"},"_links":{"self":[{"href":"https:\/\/coachtrigger.com\/fr\/wp-json\/wp\/v2\/product\/6712","targetHints":{"allow":["GET"]}}],"collection":[{"href":"https:\/\/coachtrigger.com\/fr\/wp-json\/wp\/v2\/product"}],"about":[{"href":"https:\/\/coachtrigger.com\/fr\/wp-json\/wp\/v2\/types\/product"}],"replies":[{"embeddable":true,"href":"https:\/\/coachtrigger.com\/fr\/wp-json\/wp\/v2\/comments?post=6712"}],"wp:featuredmedia":[{"embeddable":true,"href":"https:\/\/coachtrigger.com\/fr\/wp-json\/wp\/v2\/media\/5107"}],"wp:attachment":[{"href":"https:\/\/coachtrigger.com\/fr\/wp-json\/wp\/v2\/media?parent=6712"}],"wp:term":[{"taxonomy":"product_brand","embeddable":true,"href":"https:\/\/coachtrigger.com\/fr\/wp-json\/wp\/v2\/product_brand?post=6712"},{"taxonomy":"product_cat","embeddable":true,"href":"https:\/\/coachtrigger.com\/fr\/wp-json\/wp\/v2\/product_cat?post=6712"},{"taxonomy":"product_tag","embeddable":true,"href":"https:\/\/coachtrigger.com\/fr\/wp-json\/wp\/v2\/product_tag?post=6712"}],"curies":[{"name":"wp","href":"https:\/\/api.w.org\/{rel}","templated":true}]}}