{"id":6698,"date":"2024-03-22T11:59:38","date_gmt":"2024-03-22T10:59:38","guid":{"rendered":"https:\/\/www.coachtrigger.com\/?post_type=product&#038;p=6698"},"modified":"2024-03-22T12:09:56","modified_gmt":"2024-03-22T11:09:56","slug":"coachtrigger-start-package","status":"publish","type":"product","link":"https:\/\/coachtrigger.com\/fr\/product\/coachtrigger-start-package\/","title":{"rendered":"Forfait de d\u00e9marrage CoachTrigger"},"content":{"rendered":"<p>Pour les nouveaux clients qui souhaitent b\u00e9n\u00e9ficier de notre aide pour effectuer la configuration initiale, notamment\u00a0:<\/p>\n<ul>\n<li>\u00c9tiquetage blanc sur mesure avec votre logo et votre palette de couleurs sur tous les \u00e9crans<\/li>\n<li>Mise en place sur mesure du workflow adapt\u00e9 \u00e0 votre fa\u00e7on de vendre vos services<\/li>\n<li>Production sur mesure de tous vos cours &amp; supports de formation dans notre LMS<\/li>\n<li>Des modules d&#039;achat sur mesure pour tous vos cours &amp; formations sur votre site internet<\/li>\n<li>2 mois de frais de plateforme (normalement 2 x 99$)<\/li>\n<\/ul>\n<p>Il s&#039;agit d&#039;un forfait que nous proposons aux nouveaux clients, comprenant 10 heures de notre \u00e9quipe pour produire votre plateforme CoachTrigger sur mesure, pr\u00eate \u00e0 commencer \u00e0 travailler avec vos clients.<\/p>\n<p>Si vous avez besoin de plus de 10 heures d&#039;aide, vous pouvez commander un forfait de temps suppl\u00e9mentaire quand vous le souhaitez.<\/p>\n<p>Si vous avez des questions concernant cet achat, veuillez nous envoyer un e-mail au <a href=\"mailto:contact@coachtrigger.com\">contact@coachtrigger.com<\/a>.<\/p>","protected":false},"excerpt":{"rendered":"<p>Pour les nouveaux clients qui aiment avoir notre aide pour la configuration initiale<\/p>","protected":false},"featured_media":5057,"comment_status":"closed","ping_status":"closed","template":"","meta":{"om_disable_all_campaigns":true,"pmpro_default_level":"","_monsterinsights_skip_tracking":false,"_monsterinsights_sitenote_active":false,"_monsterinsights_sitenote_note":"","_monsterinsights_sitenote_category":0,"_uf_show_specific_survey":0,"_uf_disable_surveys":false},"product_brand":[],"product_cat":[189],"product_tag":[],"class_list":{"0":"post-6698","1":"product","2":"type-product","3":"status-publish","4":"has-post-thumbnail","6":"product_cat-uncategorized","7":"pmpro-has-access","9":"first","10":"instock","11":"taxable","12":"shipping-taxable","13":"purchasable","14":"product-type-simple"},"_links":{"self":[{"href":"https:\/\/coachtrigger.com\/fr\/wp-json\/wp\/v2\/product\/6698","targetHints":{"allow":["GET"]}}],"collection":[{"href":"https:\/\/coachtrigger.com\/fr\/wp-json\/wp\/v2\/product"}],"about":[{"href":"https:\/\/coachtrigger.com\/fr\/wp-json\/wp\/v2\/types\/product"}],"replies":[{"embeddable":true,"href":"https:\/\/coachtrigger.com\/fr\/wp-json\/wp\/v2\/comments?post=6698"}],"wp:featuredmedia":[{"embeddable":true,"href":"https:\/\/coachtrigger.com\/fr\/wp-json\/wp\/v2\/media\/5057"}],"wp:attachment":[{"href":"https:\/\/coachtrigger.com\/fr\/wp-json\/wp\/v2\/media?parent=6698"}],"wp:term":[{"taxonomy":"product_brand","embeddable":true,"href":"https:\/\/coachtrigger.com\/fr\/wp-json\/wp\/v2\/product_brand?post=6698"},{"taxonomy":"product_cat","embeddable":true,"href":"https:\/\/coachtrigger.com\/fr\/wp-json\/wp\/v2\/product_cat?post=6698"},{"taxonomy":"product_tag","embeddable":true,"href":"https:\/\/coachtrigger.com\/fr\/wp-json\/wp\/v2\/product_tag?post=6698"}],"curies":[{"name":"wp","href":"https:\/\/api.w.org\/{rel}","templated":true}]}}