{"id":7929,"date":"2024-05-06T13:05:01","date_gmt":"2024-05-06T11:05:01","guid":{"rendered":"https:\/\/www.coachtrigger.com\/?page_id=7929"},"modified":"2024-11-14T18:51:06","modified_gmt":"2024-11-14T17:51:06","slug":"our-team-2","status":"publish","type":"page","link":"https:\/\/coachtrigger.com\/fr\/our-team-2\/","title":{"rendered":"Notre \u00e9quipe"},"content":{"rendered":"\t\t<div data-elementor-type=\"wp-page\" data-elementor-id=\"7929\" class=\"elementor elementor-7929\" data-elementor-post-type=\"page\">\n\t\t\t\t<div class=\"elementor-element elementor-element-201a778f e-flex e-con-boxed e-con e-parent\" data-id=\"201a778f\" data-element_type=\"container\" data-e-type=\"container\" data-settings=\"{&quot;background_background&quot;:&quot;classic&quot;}\">\n\t\t\t\t\t<div class=\"e-con-inner\">\n\t\t\t\t<div class=\"elementor-element elementor-element-72873a1e elementor-widget elementor-widget-heading\" data-id=\"72873a1e\" data-element_type=\"widget\" data-e-type=\"widget\" data-widget_type=\"heading.default\">\n\t\t\t\t<div class=\"elementor-widget-container\">\n\t\t\t\t\t<h2 class=\"elementor-heading-title elementor-size-default\">our management Team<\/h2>\t\t\t\t<\/div>\n\t\t\t\t<\/div>\n\t\t\t\t<div class=\"elementor-element elementor-element-4153af9d elementor-widget elementor-widget-heading\" data-id=\"4153af9d\" data-element_type=\"widget\" data-e-type=\"widget\" data-widget_type=\"heading.default\">\n\t\t\t\t<div class=\"elementor-widget-container\">\n\t\t\t\t\t<h5 class=\"elementor-heading-title elementor-size-default\">We are an international team passionate about individual performance coaching, dedicated to client success.<\/h5>\t\t\t\t<\/div>\n\t\t\t\t<\/div>\n\t\t<div class=\"elementor-element elementor-element-28c3289 e-con-full e-flex e-con e-child\" data-id=\"28c3289\" data-element_type=\"container\" data-e-type=\"container\">\n\t\t\t\t<div class=\"elementor-element elementor-element-42db41b6 elementor-widget-tablet__width-initial elementor-widget-mobile__width-inherit elementor-widget__width-initial elementor-position-top elementor-widget elementor-widget-image-box\" data-id=\"42db41b6\" data-element_type=\"widget\" data-e-type=\"widget\" data-widget_type=\"image-box.default\">\n\t\t\t\t<div class=\"elementor-widget-container\">\n\t\t\t\t\t<div class=\"elementor-image-box-wrapper\"><figure class=\"elementor-image-box-img\"><img decoding=\"async\" width=\"150\" height=\"150\" src=\"https:\/\/coachtrigger.com\/wp-content\/uploads\/2024\/07\/IMG_2419-2-150x150.jpg\" class=\"elementor-animation-grow attachment-thumbnail size-thumbnail wp-image-9408\" alt=\"\" srcset=\"https:\/\/coachtrigger.com\/wp-content\/uploads\/2024\/07\/IMG_2419-2-150x150.jpg 150w, https:\/\/coachtrigger.com\/wp-content\/uploads\/2024\/07\/IMG_2419-2-11x12.jpg 11w, https:\/\/coachtrigger.com\/wp-content\/uploads\/2024\/07\/IMG_2419-2-300x300.jpg 300w, https:\/\/coachtrigger.com\/wp-content\/uploads\/2024\/07\/IMG_2419-2-100x100.jpg 100w\" sizes=\"(max-width: 150px) 100vw, 150px\" \/><\/figure><div class=\"elementor-image-box-content\"><h4 class=\"elementor-image-box-title\">Peter Redrin<\/h4><p class=\"elementor-image-box-description\">Founder &amp; CEO<\/p><\/div><\/div>\t\t\t\t<\/div>\n\t\t\t\t<\/div>\n\t\t\t\t<div class=\"elementor-element elementor-element-e04c5ec elementor-widget-tablet__width-initial elementor-widget-mobile__width-inherit elementor-widget__width-initial elementor-position-top elementor-widget elementor-widget-image-box\" data-id=\"e04c5ec\" data-element_type=\"widget\" data-e-type=\"widget\" data-widget_type=\"image-box.default\">\n\t\t\t\t<div class=\"elementor-widget-container\">\n\t\t\t\t\t<div class=\"elementor-image-box-wrapper\"><figure class=\"elementor-image-box-img\"><img decoding=\"async\" width=\"150\" height=\"150\" src=\"https:\/\/coachtrigger.com\/wp-content\/uploads\/2023\/12\/Federico-150x150.jpg\" class=\"elementor-animation-grow attachment-thumbnail size-thumbnail wp-image-1612\" alt=\"\" srcset=\"https:\/\/coachtrigger.com\/wp-content\/uploads\/2023\/12\/Federico-150x150.jpg 150w, https:\/\/coachtrigger.com\/wp-content\/uploads\/2023\/12\/Federico-300x300.jpg 300w, https:\/\/coachtrigger.com\/wp-content\/uploads\/2023\/12\/Federico-100x100.jpg 100w, https:\/\/coachtrigger.com\/wp-content\/uploads\/2023\/12\/Federico-600x600.jpg 600w, https:\/\/coachtrigger.com\/wp-content\/uploads\/2023\/12\/Federico-768x768.jpg 768w, https:\/\/coachtrigger.com\/wp-content\/uploads\/2023\/12\/Federico-12x12.jpg 12w, https:\/\/coachtrigger.com\/wp-content\/uploads\/2023\/12\/Federico-624x624.jpg 624w, https:\/\/coachtrigger.com\/wp-content\/uploads\/2023\/12\/Federico.jpg 800w\" sizes=\"(max-width: 150px) 100vw, 150px\" \/><\/figure><div class=\"elementor-image-box-content\"><h4 class=\"elementor-image-box-title\">Federico Piergentili<\/h4><p class=\"elementor-image-box-description\">CTO<\/p><\/div><\/div>\t\t\t\t<\/div>\n\t\t\t\t<\/div>\n\t\t\t\t<div class=\"elementor-element elementor-element-12b4ed8 elementor-widget-tablet__width-initial elementor-widget-mobile__width-inherit elementor-widget__width-initial elementor-position-top elementor-widget elementor-widget-image-box\" data-id=\"12b4ed8\" data-element_type=\"widget\" data-e-type=\"widget\" data-widget_type=\"image-box.default\">\n\t\t\t\t<div class=\"elementor-widget-container\">\n\t\t\t\t\t<div class=\"elementor-image-box-wrapper\"><figure class=\"elementor-image-box-img\"><img decoding=\"async\" width=\"150\" height=\"150\" src=\"https:\/\/coachtrigger.com\/wp-content\/uploads\/2024\/11\/1650896069043-150x150.jpg\" class=\"elementor-animation-grow attachment-thumbnail size-thumbnail wp-image-9562\" alt=\"\" srcset=\"https:\/\/coachtrigger.com\/wp-content\/uploads\/2024\/11\/1650896069043-150x150.jpg 150w, https:\/\/coachtrigger.com\/wp-content\/uploads\/2024\/11\/1650896069043-300x300.jpg 300w, https:\/\/coachtrigger.com\/wp-content\/uploads\/2024\/11\/1650896069043-768x768.jpg 768w, https:\/\/coachtrigger.com\/wp-content\/uploads\/2024\/11\/1650896069043-12x12.jpg 12w, https:\/\/coachtrigger.com\/wp-content\/uploads\/2024\/11\/1650896069043-624x624.jpg 624w, https:\/\/coachtrigger.com\/wp-content\/uploads\/2024\/11\/1650896069043-600x600.jpg 600w, https:\/\/coachtrigger.com\/wp-content\/uploads\/2024\/11\/1650896069043-100x100.jpg 100w, https:\/\/coachtrigger.com\/wp-content\/uploads\/2024\/11\/1650896069043.jpg 800w\" sizes=\"(max-width: 150px) 100vw, 150px\" \/><\/figure><div class=\"elementor-image-box-content\"><h4 class=\"elementor-image-box-title\">Mats Silbermann<\/h4><p class=\"elementor-image-box-description\">CRO<\/p><\/div><\/div>\t\t\t\t<\/div>\n\t\t\t\t<\/div>\n\t\t\t\t<\/div>\n\t\t<div class=\"elementor-element elementor-element-133a414 e-con-full e-flex e-con e-child\" data-id=\"133a414\" data-element_type=\"container\" data-e-type=\"container\">\n\t\t\t\t<div class=\"elementor-element elementor-element-dc48098 elementor-widget-tablet__width-initial elementor-widget-mobile__width-inherit elementor-widget__width-initial elementor-position-top elementor-widget elementor-widget-image-box\" data-id=\"dc48098\" data-element_type=\"widget\" data-e-type=\"widget\" data-widget_type=\"image-box.default\">\n\t\t\t\t<div class=\"elementor-widget-container\">\n\t\t\t\t\t<div class=\"elementor-image-box-wrapper\"><figure class=\"elementor-image-box-img\"><img loading=\"lazy\" decoding=\"async\" width=\"150\" height=\"150\" src=\"https:\/\/coachtrigger.com\/wp-content\/uploads\/2024\/05\/Miro-2-150x150.png\" class=\"elementor-animation-grow attachment-thumbnail size-thumbnail wp-image-8152\" alt=\"\" srcset=\"https:\/\/coachtrigger.com\/wp-content\/uploads\/2024\/05\/Miro-2-150x150.png 150w, https:\/\/coachtrigger.com\/wp-content\/uploads\/2024\/05\/Miro-2-300x300.png 300w, https:\/\/coachtrigger.com\/wp-content\/uploads\/2024\/05\/Miro-2-12x12.png 12w, https:\/\/coachtrigger.com\/wp-content\/uploads\/2024\/05\/Miro-2-100x100.png 100w, https:\/\/coachtrigger.com\/wp-content\/uploads\/2024\/05\/Miro-2.png 359w\" sizes=\"(max-width: 150px) 100vw, 150px\" \/><\/figure><div class=\"elementor-image-box-content\"><h4 class=\"elementor-image-box-title\">Miroslav Breijla<\/h4><p class=\"elementor-image-box-description\">CFO<\/p><\/div><\/div>\t\t\t\t<\/div>\n\t\t\t\t<\/div>\n\t\t\t\t<div class=\"elementor-element elementor-element-8772d08 elementor-widget-tablet__width-initial elementor-widget-mobile__width-inherit elementor-widget__width-initial elementor-position-top elementor-widget elementor-widget-image-box\" data-id=\"8772d08\" data-element_type=\"widget\" data-e-type=\"widget\" data-widget_type=\"image-box.default\">\n\t\t\t\t<div class=\"elementor-widget-container\">\n\t\t\t\t\t<div class=\"elementor-image-box-wrapper\"><figure class=\"elementor-image-box-img\"><img loading=\"lazy\" decoding=\"async\" width=\"150\" height=\"150\" src=\"https:\/\/coachtrigger.com\/wp-content\/uploads\/2024\/08\/Adnan-150x150.png\" class=\"elementor-animation-grow attachment-thumbnail size-thumbnail wp-image-9429\" alt=\"\" srcset=\"https:\/\/coachtrigger.com\/wp-content\/uploads\/2024\/08\/Adnan-150x150.png 150w, https:\/\/coachtrigger.com\/wp-content\/uploads\/2024\/08\/Adnan-300x300.png 300w, https:\/\/coachtrigger.com\/wp-content\/uploads\/2024\/08\/Adnan-100x100.png 100w\" sizes=\"(max-width: 150px) 100vw, 150px\" \/><\/figure><div class=\"elementor-image-box-content\"><h4 class=\"elementor-image-box-title\">Adnan Badawi<\/h4><p class=\"elementor-image-box-description\">Partner Manager<\/p><\/div><\/div>\t\t\t\t<\/div>\n\t\t\t\t<\/div>\n\t\t\t\t<div class=\"elementor-element elementor-element-8d31948 elementor-widget-tablet__width-initial elementor-widget-mobile__width-inherit elementor-widget__width-initial elementor-position-top elementor-widget elementor-widget-image-box\" data-id=\"8d31948\" data-element_type=\"widget\" data-e-type=\"widget\" data-widget_type=\"image-box.default\">\n\t\t\t\t<div class=\"elementor-widget-container\">\n\t\t\t\t\t<div class=\"elementor-image-box-wrapper\"><figure class=\"elementor-image-box-img\"><img loading=\"lazy\" decoding=\"async\" width=\"150\" height=\"150\" src=\"https:\/\/coachtrigger.com\/wp-content\/uploads\/2024\/08\/Marco-Kohler-PNG-150x150.png\" class=\"elementor-animation-grow attachment-thumbnail size-thumbnail wp-image-9434\" alt=\"\" srcset=\"https:\/\/coachtrigger.com\/wp-content\/uploads\/2024\/08\/Marco-Kohler-PNG-150x150.png 150w, https:\/\/coachtrigger.com\/wp-content\/uploads\/2024\/08\/Marco-Kohler-PNG-300x300.png 300w, https:\/\/coachtrigger.com\/wp-content\/uploads\/2024\/08\/Marco-Kohler-PNG-768x768.png 768w, https:\/\/coachtrigger.com\/wp-content\/uploads\/2024\/08\/Marco-Kohler-PNG-12x12.png 12w, https:\/\/coachtrigger.com\/wp-content\/uploads\/2024\/08\/Marco-Kohler-PNG-624x624.png 624w, https:\/\/coachtrigger.com\/wp-content\/uploads\/2024\/08\/Marco-Kohler-PNG-600x600.png 600w, https:\/\/coachtrigger.com\/wp-content\/uploads\/2024\/08\/Marco-Kohler-PNG-100x100.png 100w, https:\/\/coachtrigger.com\/wp-content\/uploads\/2024\/08\/Marco-Kohler-PNG.png 800w\" sizes=\"(max-width: 150px) 100vw, 150px\" \/><\/figure><div class=\"elementor-image-box-content\"><h4 class=\"elementor-image-box-title\">Marco K\u00f6hler<\/h4><p class=\"elementor-image-box-description\">Partner Manager <\/p><\/div><\/div>\t\t\t\t<\/div>\n\t\t\t\t<\/div>\n\t\t\t\t<\/div>\n\t\t<div class=\"elementor-element elementor-element-d29ff54 e-con-full e-flex e-con e-child\" data-id=\"d29ff54\" data-element_type=\"container\" data-e-type=\"container\">\n\t\t\t\t<div class=\"elementor-element elementor-element-3058c8f elementor-widget-tablet__width-initial elementor-widget-mobile__width-inherit elementor-widget__width-initial elementor-position-top elementor-widget elementor-widget-image-box\" data-id=\"3058c8f\" data-element_type=\"widget\" data-e-type=\"widget\" data-widget_type=\"image-box.default\">\n\t\t\t\t<div class=\"elementor-widget-container\">\n\t\t\t\t\t<div class=\"elementor-image-box-wrapper\"><figure class=\"elementor-image-box-img\"><img loading=\"lazy\" decoding=\"async\" width=\"150\" height=\"150\" src=\"https:\/\/coachtrigger.com\/wp-content\/uploads\/2024\/02\/747341eb-b22b-494f-b122-1d8070019166-e1707237725191-150x150.jpg\" class=\"elementor-animation-grow attachment-thumbnail size-thumbnail wp-image-3400\" alt=\"\" srcset=\"https:\/\/coachtrigger.com\/wp-content\/uploads\/2024\/02\/747341eb-b22b-494f-b122-1d8070019166-e1707237725191-150x150.jpg 150w, https:\/\/coachtrigger.com\/wp-content\/uploads\/2024\/02\/747341eb-b22b-494f-b122-1d8070019166-e1707237725191-300x300.jpg 300w, https:\/\/coachtrigger.com\/wp-content\/uploads\/2024\/02\/747341eb-b22b-494f-b122-1d8070019166-e1707237725191-100x100.jpg 100w, https:\/\/coachtrigger.com\/wp-content\/uploads\/2024\/02\/747341eb-b22b-494f-b122-1d8070019166-e1707237725191-11x12.jpg 11w\" sizes=\"(max-width: 150px) 100vw, 150px\" \/><\/figure><div class=\"elementor-image-box-content\"><h4 class=\"elementor-image-box-title\">Romina Waisfeld<\/h4><p class=\"elementor-image-box-description\">Support Manager<\/p><\/div><\/div>\t\t\t\t<\/div>\n\t\t\t\t<\/div>\n\t\t\t\t<div class=\"elementor-element elementor-element-4cc834b elementor-widget-tablet__width-initial elementor-widget-mobile__width-inherit elementor-widget__width-initial elementor-position-top elementor-widget elementor-widget-image-box\" data-id=\"4cc834b\" data-element_type=\"widget\" data-e-type=\"widget\" data-widget_type=\"image-box.default\">\n\t\t\t\t<div class=\"elementor-widget-container\">\n\t\t\t\t\t<div class=\"elementor-image-box-wrapper\"><figure class=\"elementor-image-box-img\"><img loading=\"lazy\" decoding=\"async\" width=\"150\" height=\"150\" src=\"https:\/\/coachtrigger.com\/wp-content\/uploads\/2024\/08\/Maja-Skogback-PNG-150x150.png\" class=\"elementor-animation-grow attachment-thumbnail size-thumbnail wp-image-9435\" alt=\"\" srcset=\"https:\/\/coachtrigger.com\/wp-content\/uploads\/2024\/08\/Maja-Skogback-PNG-150x150.png 150w, https:\/\/coachtrigger.com\/wp-content\/uploads\/2024\/08\/Maja-Skogback-PNG-300x300.png 300w, https:\/\/coachtrigger.com\/wp-content\/uploads\/2024\/08\/Maja-Skogback-PNG-768x768.png 768w, https:\/\/coachtrigger.com\/wp-content\/uploads\/2024\/08\/Maja-Skogback-PNG-12x12.png 12w, https:\/\/coachtrigger.com\/wp-content\/uploads\/2024\/08\/Maja-Skogback-PNG-624x624.png 624w, https:\/\/coachtrigger.com\/wp-content\/uploads\/2024\/08\/Maja-Skogback-PNG-600x600.png 600w, https:\/\/coachtrigger.com\/wp-content\/uploads\/2024\/08\/Maja-Skogback-PNG-100x100.png 100w, https:\/\/coachtrigger.com\/wp-content\/uploads\/2024\/08\/Maja-Skogback-PNG.png 800w\" sizes=\"(max-width: 150px) 100vw, 150px\" \/><\/figure><div class=\"elementor-image-box-content\"><h4 class=\"elementor-image-box-title\">Maja Skogb\u00e4ck<\/h4><p class=\"elementor-image-box-description\">Campaign Manager<\/p><\/div><\/div>\t\t\t\t<\/div>\n\t\t\t\t<\/div>\n\t\t\t\t<div class=\"elementor-element elementor-element-f1ec54b elementor-widget-tablet__width-initial elementor-widget-mobile__width-inherit elementor-widget__width-initial elementor-position-top elementor-widget elementor-widget-image-box\" data-id=\"f1ec54b\" data-element_type=\"widget\" data-e-type=\"widget\" data-widget_type=\"image-box.default\">\n\t\t\t\t<div class=\"elementor-widget-container\">\n\t\t\t\t\t<div class=\"elementor-image-box-wrapper\"><figure class=\"elementor-image-box-img\"><img loading=\"lazy\" decoding=\"async\" width=\"150\" height=\"150\" src=\"https:\/\/coachtrigger.com\/wp-content\/uploads\/2024\/05\/Jenn-1-150x150.png\" class=\"elementor-animation-grow attachment-thumbnail size-thumbnail wp-image-8095\" alt=\"Jennelyn Calejo\" srcset=\"https:\/\/coachtrigger.com\/wp-content\/uploads\/2024\/05\/Jenn-1-150x150.png 150w, https:\/\/coachtrigger.com\/wp-content\/uploads\/2024\/05\/Jenn-1-300x300.png 300w, https:\/\/coachtrigger.com\/wp-content\/uploads\/2024\/05\/Jenn-1-768x768.png 768w, https:\/\/coachtrigger.com\/wp-content\/uploads\/2024\/05\/Jenn-1-12x12.png 12w, https:\/\/coachtrigger.com\/wp-content\/uploads\/2024\/05\/Jenn-1-624x624.png 624w, https:\/\/coachtrigger.com\/wp-content\/uploads\/2024\/05\/Jenn-1-600x600.png 600w, https:\/\/coachtrigger.com\/wp-content\/uploads\/2024\/05\/Jenn-1-100x100.png 100w, https:\/\/coachtrigger.com\/wp-content\/uploads\/2024\/05\/Jenn-1.png 1000w\" sizes=\"(max-width: 150px) 100vw, 150px\" \/><\/figure><div class=\"elementor-image-box-content\"><h4 class=\"elementor-image-box-title\">Jennelyn Cajelo<\/h4><p class=\"elementor-image-box-description\">CRM &amp; Administration<\/p><\/div><\/div>\t\t\t\t<\/div>\n\t\t\t\t<\/div>\n\t\t\t\t<\/div>\n\t\t\t\t\t<\/div>\n\t\t\t\t<\/div>\n\t\t<div class=\"elementor-element elementor-element-6c5e5ae8 e-con-full e-flex e-con e-parent\" data-id=\"6c5e5ae8\" data-element_type=\"container\" data-e-type=\"container\" data-settings=\"{&quot;background_background&quot;:&quot;classic&quot;}\">\n\t\t<div class=\"elementor-element elementor-element-7daa2ed8 e-flex e-con-boxed e-con e-child\" data-id=\"7daa2ed8\" data-element_type=\"container\" data-e-type=\"container\">\n\t\t\t\t\t<div class=\"e-con-inner\">\n\t\t<div class=\"elementor-element elementor-element-1813637d e-con-full e-flex e-con e-child\" data-id=\"1813637d\" data-element_type=\"container\" data-e-type=\"container\">\n\t\t<div class=\"elementor-element elementor-element-13ece468 e-con-full e-flex e-con e-child\" data-id=\"13ece468\" data-element_type=\"container\" data-e-type=\"container\">\n\t\t\t\t<div class=\"elementor-element elementor-element-441c62c4 elementor-widget elementor-widget-image\" data-id=\"441c62c4\" data-element_type=\"widget\" data-e-type=\"widget\" data-widget_type=\"image.default\">\n\t\t\t\t<div class=\"elementor-widget-container\">\n\t\t\t\t\t\t\t\t\t\t\t\t\t\t\t<img loading=\"lazy\" decoding=\"async\" width=\"740\" height=\"807\" src=\"https:\/\/coachtrigger.com\/wp-content\/uploads\/2024\/03\/image-232222.jpg\" class=\"attachment-full size-full wp-image-6136\" alt=\"\" srcset=\"https:\/\/coachtrigger.com\/wp-content\/uploads\/2024\/03\/image-232222.jpg 740w, https:\/\/coachtrigger.com\/wp-content\/uploads\/2024\/03\/image-232222-275x300.jpg 275w, https:\/\/coachtrigger.com\/wp-content\/uploads\/2024\/03\/image-232222-11x12.jpg 11w, https:\/\/coachtrigger.com\/wp-content\/uploads\/2024\/03\/image-232222-624x680.jpg 624w, https:\/\/coachtrigger.com\/wp-content\/uploads\/2024\/03\/image-232222-600x654.jpg 600w\" sizes=\"(max-width: 740px) 100vw, 740px\" \/>\t\t\t\t\t\t\t\t\t\t\t\t\t\t\t<\/div>\n\t\t\t\t<\/div>\n\t\t\t\t<\/div>\n\t\t<div class=\"elementor-element elementor-element-5e3ff78d e-con-full e-flex e-con e-child\" data-id=\"5e3ff78d\" data-element_type=\"container\" data-e-type=\"container\">\n\t\t<div class=\"elementor-element elementor-element-51103e5a e-con-full e-flex e-con e-child\" data-id=\"51103e5a\" data-element_type=\"container\" data-e-type=\"container\" data-settings=\"{&quot;background_background&quot;:&quot;classic&quot;}\">\n\t\t\t\t<div class=\"elementor-element elementor-element-2a1248b7 elementor-widget elementor-widget-heading\" data-id=\"2a1248b7\" data-element_type=\"widget\" data-e-type=\"widget\" data-widget_type=\"heading.default\">\n\t\t\t\t<div class=\"elementor-widget-container\">\n\t\t\t\t\t<h2 class=\"elementor-heading-title elementor-size-default\">Send Us Message here!<\/h2>\t\t\t\t<\/div>\n\t\t\t\t<\/div>\n\t\t\t\t<div class=\"elementor-element elementor-element-19e05a2d main-form elementor-widget elementor-widget-shortcode\" data-id=\"19e05a2d\" data-element_type=\"widget\" data-e-type=\"widget\" data-widget_type=\"shortcode.default\">\n\t\t\t\t<div class=\"elementor-widget-container\">\n\t\t\t\t\t\t\t<div class=\"elementor-shortcode\"><div class=\"frm_forms  with_frm_style frm_style_formidable-style\" id=\"frm_form_10_container\" >\n<form enctype=\"multipart\/form-data\" method=\"post\" class=\"frm-show-form \" id=\"form_contact23\" >\n<div class=\"frm_form_fields \">\n<fieldset>\n\r\n<div class=\"frm_fields_container\">\n<input type=\"hidden\" name=\"frm_action\" value=\"create\" \/>\n<input type=\"hidden\" name=\"form_id\" value=\"10\" \/>\n<input type=\"hidden\" name=\"frm_hide_fields_10\" id=\"frm_hide_fields_10\" value=\"\" \/>\n<input type=\"hidden\" name=\"form_key\" value=\"contact23\" \/>\n<input type=\"hidden\" name=\"item_meta[0]\" value=\"\" \/>\n<input type=\"hidden\" id=\"frm_submit_entry_10\" name=\"frm_submit_entry_10\" value=\"7b0bbc090a\" \/><input type=\"hidden\" name=\"_wp_http_referer\" value=\"\/fr\/wp-json\/wp\/v2\/pages\/7929\" \/><div id=\"frm_field_44_container\" class=\"frm_form_field form-field  frm_required_field frm_top_container frm_full\">\r\n    <label for=\"field_r3pr0d3\" class=\"frm_primary_label\">Name\r\n        <span class=\"frm_required\">*<\/span>\r\n    <\/label>\r\n    <input type=\"text\" id=\"field_r3pr0d3\" name=\"item_meta[44]\" value=\"\"  data-reqmsg=\"Name cannot be blank.\" aria-required=\"true\" data-invmsg=\"Name is invalid\" aria-invalid=\"false\"  \/>\r\n    \r\n    \r\n<\/div>\n<div id=\"frm_field_45_container\" class=\"frm_form_field form-field  frm_required_field frm_top_container frm_full\">\r\n    <label for=\"field_29yf4d4\" class=\"frm_primary_label\">Email\r\n        <span class=\"frm_required\">*<\/span>\r\n    <\/label>\r\n    <input type=\"text\" id=\"field_29yf4d4\" name=\"item_meta[45]\" value=\"\"  data-reqmsg=\"Email cannot be blank.\" aria-required=\"true\" data-invmsg=\"Email is invalid\" aria-invalid=\"false\"  \/>\r\n    \r\n    \r\n<\/div>\n<div id=\"frm_field_46_container\" class=\"frm_form_field form-field  frm_required_field frm_top_container frm_full\">\r\n    <label for=\"field_9jv0r14\" class=\"frm_primary_label\">Message\r\n        <span class=\"frm_required\">*<\/span>\r\n    <\/label>\r\n    <textarea name=\"item_meta[46]\" id=\"field_9jv0r14\" rows=\"5\"  placeholder=\"Message\" data-reqmsg=\"Message cannot be blank.\" aria-required=\"true\" data-invmsg=\"Message is invalid\" aria-invalid=\"false\"  ><\/textarea>\r\n    \r\n    \r\n<\/div>\n<div id=\"frm_field_71_container\" class=\"frm_form_field form-field \">\r\n\t<div class=\"frm_submit\">\r\n\r\n<input type=\"submit\" value=\"Submit\"  \/>\r\n<img decoding=\"async\" class=\"frm_ajax_loading\" src=\"https:\/\/coachtrigger.com\/wp-content\/plugins\/formidable\/images\/ajax_loader.gif\" alt=\"Sending\" style=\"visibility:hidden;\" \/>\r\n\r\n<\/div>\r\n<\/div>\n\t<input type=\"hidden\" name=\"item_key\" value=\"\" \/>\n\t\t\t<div id=\"frm_field_98_container\">\n\t\t\t<label for=\"field_4w5nb\" >\n\t\t\t\tIf you are human, leave this field blank.\t\t\t<\/label>\n\t\t\t<input  id=\"field_4w5nb\" type=\"text\" class=\"frm_form_field form-field frm_verify\" name=\"item_meta[98]\" value=\"\"  \/>\n\t\t<\/div>\n\t\t<input name=\"frm_state\" type=\"hidden\" value=\"axApEvADVZk006FHaOzI\/WgFkJBEa60zhi6e0sDWCTI=\" \/><\/div>\n<\/fieldset>\n<\/div>\n\n<\/form>\n<\/div>\n<\/div>\n\t\t\t\t\t\t<\/div>\n\t\t\t\t<\/div>\n\t\t\t\t<\/div>\n\t\t\t\t<\/div>\n\t\t\t\t<\/div>\n\t\t\t\t\t<\/div>\n\t\t\t\t<\/div>\n\t\t\t\t<\/div>\n\t\t\t\t<\/div>\n\t\t","protected":false},"excerpt":{"rendered":"<p>Notre \u00e9quipe de direction Nous sommes une \u00e9quipe internationale passionn\u00e9e par le coaching de performance individuelle, d\u00e9di\u00e9e \u00e0 la r\u00e9ussite de nos clients. Peter Redrin Fondateur et PDG Federico Piergentili CTO\u2026<\/p>","protected":false},"author":4,"featured_media":0,"parent":0,"menu_order":0,"comment_status":"closed","ping_status":"closed","template":"","meta":{"om_disable_all_campaigns":false,"pmpro_default_level":"","_monsterinsights_skip_tracking":false,"_monsterinsights_sitenote_active":false,"_monsterinsights_sitenote_note":"","_monsterinsights_sitenote_category":0,"_uf_show_specific_survey":0,"_uf_disable_surveys":false,"footnotes":""},"class_list":["post-7929","page","type-page","status-publish","hentry","pmpro-has-access"],"_links":{"self":[{"href":"https:\/\/coachtrigger.com\/fr\/wp-json\/wp\/v2\/pages\/7929","targetHints":{"allow":["GET"]}}],"collection":[{"href":"https:\/\/coachtrigger.com\/fr\/wp-json\/wp\/v2\/pages"}],"about":[{"href":"https:\/\/coachtrigger.com\/fr\/wp-json\/wp\/v2\/types\/page"}],"author":[{"embeddable":true,"href":"https:\/\/coachtrigger.com\/fr\/wp-json\/wp\/v2\/users\/4"}],"replies":[{"embeddable":true,"href":"https:\/\/coachtrigger.com\/fr\/wp-json\/wp\/v2\/comments?post=7929"}],"version-history":[{"count":0,"href":"https:\/\/coachtrigger.com\/fr\/wp-json\/wp\/v2\/pages\/7929\/revisions"}],"wp:attachment":[{"href":"https:\/\/coachtrigger.com\/fr\/wp-json\/wp\/v2\/media?parent=7929"}],"curies":[{"name":"wp","href":"https:\/\/api.w.org\/{rel}","templated":true}]}}