{"id":6429,"date":"2024-03-22T08:12:07","date_gmt":"2024-03-22T07:12:07","guid":{"rendered":"https:\/\/www.coachtrigger.com\/?page_id=6429"},"modified":"2024-09-30T21:00:27","modified_gmt":"2024-09-30T19:00:27","slug":"pricing-monochrome","status":"publish","type":"page","link":"https:\/\/coachtrigger.com\/fr\/pricing-monochrome\/","title":{"rendered":"Tarifs \u2013 En direct"},"content":{"rendered":"<div data-elementor-type=\"wp-page\" data-elementor-id=\"6429\" class=\"elementor elementor-6429\" data-elementor-post-type=\"page\">\n\t\t\t\t<div class=\"elementor-element elementor-element-378f384 e-flex e-con-boxed e-con e-parent\" data-id=\"378f384\" data-element_type=\"container\" data-e-type=\"container\" data-settings=\"{&quot;background_background&quot;:&quot;classic&quot;}\">\n\t\t\t\t\t<div class=\"e-con-inner\">\n\t\t<div class=\"elementor-element elementor-element-602709f e-con-full e-flex e-con e-child\" data-id=\"602709f\" data-element_type=\"container\" data-e-type=\"container\">\n\t\t\t\t<div class=\"elementor-element elementor-element-476ffc2 elementor-widget elementor-widget-heading\" data-id=\"476ffc2\" data-element_type=\"widget\" data-e-type=\"widget\" data-widget_type=\"heading.default\">\n\t\t\t\t<div class=\"elementor-widget-container\">\n\t\t\t\t\t<h1 class=\"elementor-heading-title elementor-size-default\">CoachTrigger avec coaching IA<\/h1>\t\t\t\t<\/div>\n\t\t\t\t<\/div>\n\t\t\t\t<div class=\"elementor-element elementor-element-45f52ec elementor-widget__width-initial mg-none elementor-widget elementor-widget-text-editor\" data-id=\"45f52ec\" data-element_type=\"widget\" data-e-type=\"widget\" data-widget_type=\"text-editor.default\">\n\t\t\t\t<div class=\"elementor-widget-container\">\n\t\t\t\t\t<div class=\"bb-theme-elementor-wrap bb-elementor-custom-color\">\t\t\t\t<p>Nous avons cr\u00e9\u00e9 un mod\u00e8le d\u2019abonnement universel qui conviendra aussi bien aux petites entreprises qu\u2019aux grandes entreprises.<\/p>\n<p><\/p>\n<p><strong>&nbsp;<\/strong><\/p>\n<p><strong>Frais mensuels pour la plateforme $99 + mensuel&nbsp;<\/strong><strong style=\"color: var( --e-global-color-3eed27b ); font-family: var( --e-global-typography-text-font-family ), Sans-serif; font-size: var( --e-global-typography-text-font-size ); background-color: var( --e-global-color-adf82bb );\">frais par utilisateur sur la plateforme $9<\/strong><\/p>\n<p><\/p>\n<p>De cette fa\u00e7on, le co\u00fbt de votre abonnement mensuel augmentera avec le nombre d&#039;utilisateurs que vous avez sur la plateforme de mani\u00e8re simple.&nbsp;<span style=\"background-color: var( --e-global-color-adf82bb ); color: var( --e-global-color-3eed27b ); font-family: var( --e-global-typography-text-font-family ), Sans-serif; font-size: var( --e-global-typography-text-font-size ); font-weight: var( --e-global-typography-text-font-weight );\">Notre abonnement a un pr\u00e9avis de 30 jours, ce qui vous permet de d\u00e9marrer facilement les choses avec nous et \u00e9galement de mettre fin \u00e0 l&#039;abonnement en toute simplicit\u00e9.<\/span><\/p>\n<p><\/p>\n<p>Vous pouvez choisir de payer les frais mensuels par paiement automatique par carte ou par facture mensuelle automatique par virement bancaire.<\/p>\n<p><\/p>\n<p>Si vous nous contactez, nous organiserons un appel vid\u00e9o avec vous pour vous expliquer plus en d\u00e9tail la plateforme CoachTrigger.<\/p>\n<p><\/p>\n<h6>( prix hors TVA )<\/h6>\t\t\t\t<\/div>\t\t\t\t<\/div>\n\t\t\t\t<\/div>\n\t\t\t\t<div class=\"elementor-element elementor-element-3bd1685 main-btn elementor-widget elementor-widget-button\" data-id=\"3bd1685\" data-element_type=\"widget\" data-e-type=\"widget\" data-widget_type=\"button.default\">\n\t\t\t\t<div class=\"elementor-widget-container\">\n\t\t\t\t\t\t\t\t\t<div class=\"elementor-button-wrapper\">\n\t\t\t\t\t<a class=\"elementor-button elementor-button-link elementor-size-sm\" href=\"https:\/\/coachtrigger.com\/bookademo\/\">\n\t\t\t\t\t\t<span class=\"elementor-button-content-wrapper\">\n\t\t\t\t\t\t<span class=\"elementor-button-icon\">\n\t\t\t\t<svg xmlns=\"http:\/\/www.w3.org\/2000\/svg\" width=\"25\" height=\"24\" viewbox=\"0 0 25 24\" fill=\"none\"><path d=\"M13.1 12L8.5 7.4L9.9 6L15.9 12L9.9 18L8.5 16.6L13.1 12Z\" fill=\"white\"><\/path><\/svg>\t\t\t<\/span>\n\t\t\t\t\t\t\t\t\t<span class=\"elementor-button-text\">Envoyez-nous un message ici<\/span>\n\t\t\t\t\t<\/span>\n\t\t\t\t\t<\/a>\n\t\t\t\t<\/div>\n\t\t\t\t\t\t\t\t<\/div>\n\t\t\t\t<\/div>\n\t\t\t\t<\/div>\n\t\t\t\t\t<\/div>\n\t\t\t\t<\/div>\n\t\t\t\t<\/div>","protected":false},"excerpt":{"rendered":"<p>CoachTrigger avec coaching IA Nous avons cr\u00e9\u00e9 un mod\u00e8le d&#039;abonnement universel qui conviendra aussi bien aux petites entreprises qu&#039;aux grandes entreprises clientes. Frais mensuels pour\u2026<\/p>","protected":false},"author":3,"featured_media":2297,"parent":0,"menu_order":46,"comment_status":"closed","ping_status":"closed","template":"elementor_header_footer","meta":{"om_disable_all_campaigns":false,"pmpro_default_level":"","_monsterinsights_skip_tracking":false,"_monsterinsights_sitenote_active":false,"_monsterinsights_sitenote_note":"","_monsterinsights_sitenote_category":0,"_uf_show_specific_survey":0,"_uf_disable_surveys":false,"footnotes":""},"class_list":["post-6429","page","type-page","status-publish","has-post-thumbnail","hentry","pmpro-has-access"],"_links":{"self":[{"href":"https:\/\/coachtrigger.com\/fr\/wp-json\/wp\/v2\/pages\/6429","targetHints":{"allow":["GET"]}}],"collection":[{"href":"https:\/\/coachtrigger.com\/fr\/wp-json\/wp\/v2\/pages"}],"about":[{"href":"https:\/\/coachtrigger.com\/fr\/wp-json\/wp\/v2\/types\/page"}],"author":[{"embeddable":true,"href":"https:\/\/coachtrigger.com\/fr\/wp-json\/wp\/v2\/users\/3"}],"replies":[{"embeddable":true,"href":"https:\/\/coachtrigger.com\/fr\/wp-json\/wp\/v2\/comments?post=6429"}],"version-history":[{"count":0,"href":"https:\/\/coachtrigger.com\/fr\/wp-json\/wp\/v2\/pages\/6429\/revisions"}],"wp:featuredmedia":[{"embeddable":true,"href":"https:\/\/coachtrigger.com\/fr\/wp-json\/wp\/v2\/media\/2297"}],"wp:attachment":[{"href":"https:\/\/coachtrigger.com\/fr\/wp-json\/wp\/v2\/media?parent=6429"}],"curies":[{"name":"wp","href":"https:\/\/api.w.org\/{rel}","templated":true}]}}