{"id":6712,"date":"2024-03-22T12:09:00","date_gmt":"2024-03-22T11:09:00","guid":{"rendered":"https:\/\/www.coachtrigger.com\/?post_type=product&#038;p=6712"},"modified":"2024-03-22T12:09:00","modified_gmt":"2024-03-22T11:09:00","slug":"extra-hours-senior-support","status":"publish","type":"product","link":"https:\/\/coachtrigger.com\/es\/product\/extra-hours-senior-support\/","title":{"rendered":"Horas extras de soporte senior"},"content":{"rendered":"<p>Este paquete le ofrece 10 horas de nuestro equipo de soporte senior.<\/p>\n<p>Puede utilizar estas horas para este tipo de ayuda adicional de nuestra parte:<\/p>\n<ul>\n<li>Si desea que le produzcamos cursos y m\u00f3dulos de capacitaci\u00f3n en nuestro editor LMS<\/li>\n<li>Capacitaci\u00f3n de Coach-The-Coach que podr\u00eda necesitar sobre c\u00f3mo usar CoachTrigger con sus clientes o miembros del equipo<\/li>\n<li>Talleres sobre c\u00f3mo ampliar su programa con educaci\u00f3n en l\u00ednea paga<\/li>\n<li>Talleres sobre c\u00f3mo crear m\u00e1s fuentes de ingresos para su negocio<\/li>\n<li>Talleres sobre c\u00f3mo crear m\u00e1s consultas de clientes entrantes<\/li>\n<li>\u2026 o cualquier otra cosa sobre la que desee recibir asesoramiento de un experto.<\/li>\n<\/ul>\n<p>Te avisaremos cuando se agoten las horas que has adquirido y necesites recargar.<\/p>\n<p>Si tiene alguna pregunta sobre esta compra, env\u00edenos un correo electr\u00f3nico a <a href=\"mailto:contact@coachtrigger.com\">contact@coachtrigger.com<\/a>.<\/p>","protected":false},"excerpt":{"rendered":"<p>Este paquete le ofrece 10 horas de nuestro equipo de soporte senior.<\/p>","protected":false},"featured_media":5107,"comment_status":"closed","ping_status":"closed","template":"","meta":{"om_disable_all_campaigns":true,"pmpro_default_level":"","_monsterinsights_skip_tracking":false,"_monsterinsights_sitenote_active":false,"_monsterinsights_sitenote_note":"","_monsterinsights_sitenote_category":0,"_uf_show_specific_survey":0,"_uf_disable_surveys":false},"product_brand":[],"product_cat":[189],"product_tag":[],"class_list":{"0":"post-6712","1":"product","2":"type-product","3":"status-publish","4":"has-post-thumbnail","6":"product_cat-uncategorized","7":"pmpro-has-access","9":"first","10":"instock","11":"taxable","12":"shipping-taxable","13":"purchasable","14":"product-type-simple"},"_links":{"self":[{"href":"https:\/\/coachtrigger.com\/es\/wp-json\/wp\/v2\/product\/6712","targetHints":{"allow":["GET"]}}],"collection":[{"href":"https:\/\/coachtrigger.com\/es\/wp-json\/wp\/v2\/product"}],"about":[{"href":"https:\/\/coachtrigger.com\/es\/wp-json\/wp\/v2\/types\/product"}],"replies":[{"embeddable":true,"href":"https:\/\/coachtrigger.com\/es\/wp-json\/wp\/v2\/comments?post=6712"}],"wp:featuredmedia":[{"embeddable":true,"href":"https:\/\/coachtrigger.com\/es\/wp-json\/wp\/v2\/media\/5107"}],"wp:attachment":[{"href":"https:\/\/coachtrigger.com\/es\/wp-json\/wp\/v2\/media?parent=6712"}],"wp:term":[{"taxonomy":"product_brand","embeddable":true,"href":"https:\/\/coachtrigger.com\/es\/wp-json\/wp\/v2\/product_brand?post=6712"},{"taxonomy":"product_cat","embeddable":true,"href":"https:\/\/coachtrigger.com\/es\/wp-json\/wp\/v2\/product_cat?post=6712"},{"taxonomy":"product_tag","embeddable":true,"href":"https:\/\/coachtrigger.com\/es\/wp-json\/wp\/v2\/product_tag?post=6712"}],"curies":[{"name":"gracias","href":"https:\/\/api.w.org\/{rel}","templated":true}]}}