{"id":5224,"date":"2024-03-19T10:19:17","date_gmt":"2024-03-19T09:19:17","guid":{"rendered":"https:\/\/www.coachtrigger.com\/?page_id=5224"},"modified":"2024-05-16T18:27:38","modified_gmt":"2024-05-16T16:27:38","slug":"download","status":"publish","type":"page","link":"https:\/\/coachtrigger.com\/es\/download\/","title":{"rendered":"Download"},"content":{"rendered":"<div data-elementor-type=\"wp-page\" data-elementor-id=\"5224\" class=\"elementor elementor-5224\" data-elementor-post-type=\"page\">\n\t\t\t\t<div class=\"elementor-element elementor-element-a67b617 e-flex e-con-boxed e-con e-parent\" data-id=\"a67b617\" data-element_type=\"container\" data-e-type=\"container\" data-settings=\"{&quot;background_background&quot;:&quot;classic&quot;}\">\n\t\t\t\t\t<div class=\"e-con-inner\">\n\t\t<div class=\"elementor-element elementor-element-43e5769 e-con-full e-flex e-con e-child\" data-id=\"43e5769\" data-element_type=\"container\" data-e-type=\"container\">\n\t\t<div class=\"elementor-element elementor-element-32759d7 e-con-full e-flex e-con e-child\" data-id=\"32759d7\" data-element_type=\"container\" data-e-type=\"container\" data-settings=\"{&quot;background_background&quot;:&quot;classic&quot;}\">\n\t\t<div class=\"elementor-element elementor-element-bfe785f e-con-full e-flex e-con e-child\" data-id=\"bfe785f\" data-element_type=\"container\" data-e-type=\"container\">\n\t\t\t\t<div class=\"elementor-element elementor-element-1c4ef43 elementor-widget elementor-widget-heading\" data-id=\"1c4ef43\" data-element_type=\"widget\" data-e-type=\"widget\" data-widget_type=\"heading.default\">\n\t\t\t\t<div class=\"elementor-widget-container\">\n\t\t\t\t\t<h2 class=\"elementor-heading-title elementor-size-default\">Bienvenido a CoachTrigger<\/h2>\t\t\t\t<\/div>\n\t\t\t\t<\/div>\n\t\t\t\t<\/div>\n\t\t\t\t<\/div>\n\t\t<div class=\"elementor-element elementor-element-ca2fc1e e-con-full e-flex e-con e-child\" data-id=\"ca2fc1e\" data-element_type=\"container\" data-e-type=\"container\">\n\t\t<div class=\"elementor-element elementor-element-ba5e40a e-grid e-con-full e-con e-child\" data-id=\"ba5e40a\" data-element_type=\"container\" data-e-type=\"container\">\n\t\t<div class=\"elementor-element elementor-element-02147b3 e-con-full e-flex e-con e-child\" data-id=\"02147b3\" data-element_type=\"container\" data-e-type=\"container\" data-settings=\"{&quot;background_background&quot;:&quot;classic&quot;}\">\n\t\t<div class=\"elementor-element elementor-element-3a112ad e-con-full e-flex e-con e-child\" data-id=\"3a112ad\" data-element_type=\"container\" data-e-type=\"container\" data-settings=\"{&quot;background_background&quot;:&quot;classic&quot;}\">\n\t\t\t\t<div class=\"elementor-element elementor-element-e57f501 mg-none sup-text elementor-widget elementor-widget-text-editor\" data-id=\"e57f501\" data-element_type=\"widget\" data-e-type=\"widget\" data-widget_type=\"text-editor.default\">\n\t\t\t\t<div class=\"elementor-widget-container\">\n\t\t\t\t\t<div class=\"bb-theme-elementor-wrap bb-elementor-custom-color\">\t\t\t\t<p>1<sup>calle<\/sup><\/p>\t\t\t\t<\/div>\t\t\t\t<\/div>\n\t\t\t\t<\/div>\n\t\t\t\t<\/div>\n\t\t\t\t<div class=\"elementor-element elementor-element-17889c1 elementor-widget elementor-widget-heading\" data-id=\"17889c1\" data-element_type=\"widget\" data-e-type=\"widget\" data-widget_type=\"heading.default\">\n\t\t\t\t<div class=\"elementor-widget-container\">\n\t\t\t\t\t<h3 class=\"elementor-heading-title elementor-size-default\">Descarga la aplicaci\u00f3n<\/h3>\t\t\t\t<\/div>\n\t\t\t\t<\/div>\n\t\t\t\t<div class=\"elementor-element elementor-element-18960e2 mg-none elementor-widget elementor-widget-text-editor\" data-id=\"18960e2\" data-element_type=\"widget\" data-e-type=\"widget\" data-widget_type=\"text-editor.default\">\n\t\t\t\t<div class=\"elementor-widget-container\">\n\t\t\t\t\t<div class=\"bb-theme-elementor-wrap bb-elementor-custom-color\">\t\t\t\t<p>Elija la aplicaci\u00f3n m\u00f3vil correcta para su dispositivo y desc\u00e1rguela desde aqu\u00ed, o inicie sesi\u00f3n con su navegador.<\/p>\t\t\t\t<\/div>\t\t\t\t<\/div>\n\t\t\t\t<\/div>\n\t\t\t\t<\/div>\n\t\t<div class=\"elementor-element elementor-element-d6ca465 e-con-full e-flex e-con e-child\" data-id=\"d6ca465\" data-element_type=\"container\" data-e-type=\"container\" data-settings=\"{&quot;background_background&quot;:&quot;classic&quot;}\">\n\t\t<div class=\"elementor-element elementor-element-04434b8 e-con-full e-flex e-con e-child\" data-id=\"04434b8\" data-element_type=\"container\" data-e-type=\"container\" data-settings=\"{&quot;background_background&quot;:&quot;classic&quot;}\">\n\t\t\t\t<div class=\"elementor-element elementor-element-85ef1aa mg-none sup-text elementor-widget elementor-widget-text-editor\" data-id=\"85ef1aa\" data-element_type=\"widget\" data-e-type=\"widget\" data-widget_type=\"text-editor.default\">\n\t\t\t\t<div class=\"elementor-widget-container\">\n\t\t\t\t\t<div class=\"bb-theme-elementor-wrap bb-elementor-custom-color\">\t\t\t\t<p>2<sup>Dakota del Norte<\/sup><\/p>\t\t\t\t<\/div>\t\t\t\t<\/div>\n\t\t\t\t<\/div>\n\t\t\t\t<\/div>\n\t\t\t\t<div class=\"elementor-element elementor-element-51cf99a elementor-widget elementor-widget-heading\" data-id=\"51cf99a\" data-element_type=\"widget\" data-e-type=\"widget\" data-widget_type=\"heading.default\">\n\t\t\t\t<div class=\"elementor-widget-container\">\n\t\t\t\t\t<h3 class=\"elementor-heading-title elementor-size-default\">Acceso<\/h3>\t\t\t\t<\/div>\n\t\t\t\t<\/div>\n\t\t\t\t<div class=\"elementor-element elementor-element-a8332ef mg-none elementor-widget elementor-widget-text-editor\" data-id=\"a8332ef\" data-element_type=\"widget\" data-e-type=\"widget\" data-widget_type=\"text-editor.default\">\n\t\t\t\t<div class=\"elementor-widget-container\">\n\t\t\t\t\t<div class=\"bb-theme-elementor-wrap bb-elementor-custom-color\">\t\t\t\t<p>Inicie sesi\u00f3n con las credenciales proporcionadas por su entrenador.<\/p>\t\t\t\t<\/div>\t\t\t\t<\/div>\n\t\t\t\t<\/div>\n\t\t\t\t<\/div>\n\t\t<div class=\"elementor-element elementor-element-aa531b0 e-con-full e-flex e-con e-child\" data-id=\"aa531b0\" data-element_type=\"container\" data-e-type=\"container\" data-settings=\"{&quot;background_background&quot;:&quot;classic&quot;}\">\n\t\t<div class=\"elementor-element elementor-element-fd98e1a e-con-full e-flex e-con e-child\" data-id=\"fd98e1a\" data-element_type=\"container\" data-e-type=\"container\" data-settings=\"{&quot;background_background&quot;:&quot;classic&quot;}\">\n\t\t\t\t<div class=\"elementor-element elementor-element-f8a91f5 mg-none sup-text elementor-widget elementor-widget-text-editor\" data-id=\"f8a91f5\" data-element_type=\"widget\" data-e-type=\"widget\" data-widget_type=\"text-editor.default\">\n\t\t\t\t<div class=\"elementor-widget-container\">\n\t\t\t\t\t<div class=\"bb-theme-elementor-wrap bb-elementor-custom-color\">\t\t\t\t<p>3<sup>tercero<\/sup><\/p>\t\t\t\t<\/div>\t\t\t\t<\/div>\n\t\t\t\t<\/div>\n\t\t\t\t<\/div>\n\t\t\t\t<div class=\"elementor-element elementor-element-918be92 elementor-widget elementor-widget-heading\" data-id=\"918be92\" data-element_type=\"widget\" data-e-type=\"widget\" data-widget_type=\"heading.default\">\n\t\t\t\t<div class=\"elementor-widget-container\">\n\t\t\t\t\t<h3 class=\"elementor-heading-title elementor-size-default\">Explora CoachTrigger<\/h3>\t\t\t\t<\/div>\n\t\t\t\t<\/div>\n\t\t\t\t<div class=\"elementor-element elementor-element-6495941 mg-none elementor-widget elementor-widget-text-editor\" data-id=\"6495941\" data-element_type=\"widget\" data-e-type=\"widget\" data-widget_type=\"text-editor.default\">\n\t\t\t\t<div class=\"elementor-widget-container\">\n\t\t\t\t\t<div class=\"bb-theme-elementor-wrap bb-elementor-custom-color\">\t\t\t\t<p>\u00a1Explore la aplicaci\u00f3n CoachTrigger y disfrute de su entrenamiento y entrenamiento!<\/p>\t\t\t\t<\/div>\t\t\t\t<\/div>\n\t\t\t\t<\/div>\n\t\t\t\t<\/div>\n\t\t\t\t<\/div>\n\t\t\t\t<\/div>\n\t\t\t\t<\/div>\n\t\t\t\t\t<\/div>\n\t\t\t\t<\/div>\n\t\t<div class=\"elementor-element elementor-element-deefcad e-flex e-con-boxed e-con e-parent\" data-id=\"deefcad\" data-element_type=\"container\" data-e-type=\"container\" data-settings=\"{&quot;background_background&quot;:&quot;classic&quot;}\">\n\t\t\t\t\t<div class=\"e-con-inner\">\n\t\t<div class=\"elementor-element elementor-element-58b7e52 e-con-full e-flex e-con e-child\" data-id=\"58b7e52\" data-element_type=\"container\" data-e-type=\"container\">\n\t\t<div class=\"elementor-element elementor-element-c7df1e2 e-grid e-con-full e-con e-child\" data-id=\"c7df1e2\" data-element_type=\"container\" data-e-type=\"container\">\n\t\t<div class=\"elementor-element elementor-element-0f3c06b e-con-full e-flex e-con e-child\" data-id=\"0f3c06b\" data-element_type=\"container\" data-e-type=\"container\" data-settings=\"{&quot;background_background&quot;:&quot;classic&quot;}\">\n\t\t<div class=\"elementor-element elementor-element-b74654c e-con-full e-flex e-con e-child\" data-id=\"b74654c\" data-element_type=\"container\" data-e-type=\"container\" data-settings=\"{&quot;background_background&quot;:&quot;classic&quot;}\">\n\t\t\t\t<div class=\"elementor-element elementor-element-aaa6ca2 elementor-widget elementor-widget-image\" data-id=\"aaa6ca2\" data-element_type=\"widget\" data-e-type=\"widget\" data-widget_type=\"image.default\">\n\t\t\t\t<div class=\"elementor-widget-container\">\n\t\t\t\t\t\t\t\t\t\t\t\t\t\t\t<img decoding=\"async\" src=\"https:\/\/coachtrigger.com\/wp-content\/uploads\/2024\/03\/apple-14.svg\" class=\"attachment-full size-full wp-image-5304\" alt=\"\" \/>\t\t\t\t\t\t\t\t\t\t\t\t\t\t\t<\/div>\n\t\t\t\t<\/div>\n\t\t\t\t<\/div>\n\t\t\t\t<div class=\"elementor-element elementor-element-62460b9 elementor-widget elementor-widget-heading\" data-id=\"62460b9\" data-element_type=\"widget\" data-e-type=\"widget\" data-widget_type=\"heading.default\">\n\t\t\t\t<div class=\"elementor-widget-container\">\n\t\t\t\t\t<h4 class=\"elementor-heading-title elementor-size-default\">Escritorio<\/h4>\t\t\t\t<\/div>\n\t\t\t\t<\/div>\n\t\t\t\t<div class=\"elementor-element elementor-element-1fa0bc0 elementor-widget elementor-widget-heading\" data-id=\"1fa0bc0\" data-element_type=\"widget\" data-e-type=\"widget\" data-widget_type=\"heading.default\">\n\t\t\t\t<div class=\"elementor-widget-container\">\n\t\t\t\t\t<h3 class=\"elementor-heading-title elementor-size-default\">PC\/Mac<\/h3>\t\t\t\t<\/div>\n\t\t\t\t<\/div>\n\t\t\t\t<div class=\"elementor-element elementor-element-cafd5f6 mg-none elementor-widget elementor-widget-text-editor\" data-id=\"cafd5f6\" data-element_type=\"widget\" data-e-type=\"widget\" data-widget_type=\"text-editor.default\">\n\t\t\t\t<div class=\"elementor-widget-container\">\n\t\t\t\t\t<div class=\"bb-theme-elementor-wrap bb-elementor-custom-color\">\t\t\t\t<p>Inicia sesi\u00f3n con tu navegador<\/p>\t\t\t\t<\/div>\t\t\t\t<\/div>\n\t\t\t\t<\/div>\n\t\t\t\t<div class=\"elementor-element elementor-element-2f432d8 main-btn width-170 elementor-absolute elementor-widget elementor-widget-button\" data-id=\"2f432d8\" data-element_type=\"widget\" data-e-type=\"widget\" data-settings=\"{&quot;_position&quot;:&quot;absolute&quot;}\" data-widget_type=\"button.default\">\n\t\t\t\t<div class=\"elementor-widget-container\">\n\t\t\t\t\t\t\t\t\t<div class=\"elementor-button-wrapper\">\n\t\t\t\t\t<a class=\"elementor-button elementor-button-link elementor-size-sm\" href=\"https:\/\/www.coachtriggerapp.com\/login\" target=\"_blank\" rel=\"noopener\">\n\t\t\t\t\t\t<span class=\"elementor-button-content-wrapper\">\n\t\t\t\t\t\t<span class=\"elementor-button-icon\">\n\t\t\t\t<svg xmlns=\"http:\/\/www.w3.org\/2000\/svg\" width=\"25\" height=\"24\" viewbox=\"0 0 25 24\" fill=\"none\"><path d=\"M13.1 12L8.5 7.4L9.9 6L15.9 12L9.9 18L8.5 16.6L13.1 12Z\" fill=\"white\"><\/path><\/svg>\t\t\t<\/span>\n\t\t\t\t\t\t\t\t\t<span class=\"elementor-button-text\">Acceso<\/span>\n\t\t\t\t\t<\/span>\n\t\t\t\t\t<\/a>\n\t\t\t\t<\/div>\n\t\t\t\t\t\t\t\t<\/div>\n\t\t\t\t<\/div>\n\t\t\t\t<\/div>\n\t\t<div class=\"elementor-element elementor-element-282c7a1 e-con-full download-block e-flex e-con e-child\" data-id=\"282c7a1\" data-element_type=\"container\" data-e-type=\"container\" data-settings=\"{&quot;background_background&quot;:&quot;classic&quot;}\">\n\t\t<div class=\"elementor-element elementor-element-e3f9c8b e-con-full e-flex e-con e-child\" data-id=\"e3f9c8b\" data-element_type=\"container\" data-e-type=\"container\" data-settings=\"{&quot;background_background&quot;:&quot;classic&quot;}\">\n\t\t\t\t<div class=\"elementor-element elementor-element-1397a7b elementor-widget elementor-widget-image\" data-id=\"1397a7b\" data-element_type=\"widget\" data-e-type=\"widget\" data-widget_type=\"image.default\">\n\t\t\t\t<div class=\"elementor-widget-container\">\n\t\t\t\t\t\t\t\t\t\t\t\t\t\t\t<img decoding=\"async\" src=\"https:\/\/coachtrigger.com\/wp-content\/uploads\/2024\/03\/android-logo-2.svg\" class=\"attachment-full size-full wp-image-5303\" alt=\"\" \/>\t\t\t\t\t\t\t\t\t\t\t\t\t\t\t<\/div>\n\t\t\t\t<\/div>\n\t\t\t\t<\/div>\n\t\t\t\t<div class=\"elementor-element elementor-element-204437a elementor-widget elementor-widget-heading\" data-id=\"204437a\" data-element_type=\"widget\" data-e-type=\"widget\" data-widget_type=\"heading.default\">\n\t\t\t\t<div class=\"elementor-widget-container\">\n\t\t\t\t\t<h4 class=\"elementor-heading-title elementor-size-default\">Tel\u00e9fono m\u00f3vil<\/h4>\t\t\t\t<\/div>\n\t\t\t\t<\/div>\n\t\t\t\t<div class=\"elementor-element elementor-element-bc52a31 elementor-widget elementor-widget-heading\" data-id=\"bc52a31\" data-element_type=\"widget\" data-e-type=\"widget\" data-widget_type=\"heading.default\">\n\t\t\t\t<div class=\"elementor-widget-container\">\n\t\t\t\t\t<h3 class=\"elementor-heading-title elementor-size-default\">Androide<\/h3>\t\t\t\t<\/div>\n\t\t\t\t<\/div>\n\t\t\t\t<div class=\"elementor-element elementor-element-be6ee24 mg-none elementor-widget elementor-widget-text-editor\" data-id=\"be6ee24\" data-element_type=\"widget\" data-e-type=\"widget\" data-widget_type=\"text-editor.default\">\n\t\t\t\t<div class=\"elementor-widget-container\">\n\t\t\t\t\t<div class=\"bb-theme-elementor-wrap bb-elementor-custom-color\">\t\t\t\t<p>Descarga nuestra aplicaci\u00f3n de Android para tu dispositivo.<\/p>\t\t\t\t<\/div>\t\t\t\t<\/div>\n\t\t\t\t<\/div>\n\t\t\t\t<div class=\"elementor-element elementor-element-7cdc6fd main-btn width-170 play-store elementor-absolute elementor-widget elementor-widget-button\" data-id=\"7cdc6fd\" data-element_type=\"widget\" data-e-type=\"widget\" data-settings=\"{&quot;_position&quot;:&quot;absolute&quot;}\" data-widget_type=\"button.default\">\n\t\t\t\t<div class=\"elementor-widget-container\">\n\t\t\t\t\t\t\t\t\t<div class=\"elementor-button-wrapper\">\n\t\t\t\t\t<a class=\"elementor-button elementor-button-link elementor-size-sm\" href=\"https:\/\/play.google.com\/store\/apps\/details?id=com.coachtrigger\" target=\"_blank\" rel=\"noopener\">\n\t\t\t\t\t\t<span class=\"elementor-button-content-wrapper\">\n\t\t\t\t\t\t<span class=\"elementor-button-icon\">\n\t\t\t\t<svg xmlns=\"http:\/\/www.w3.org\/2000\/svg\" width=\"25\" height=\"24\" viewbox=\"0 0 25 24\" fill=\"none\"><path d=\"M12.5 15.4115C12.3795 15.4115 12.2673 15.3923 12.1634 15.3538C12.0596 15.3154 11.9609 15.2493 11.8673 15.1557L8.7577 12.0462C8.60898 11.8974 8.53559 11.7234 8.53753 11.5241C8.53944 11.3247 8.61283 11.1475 8.7577 10.9923C8.91283 10.8372 9.09103 10.7571 9.2923 10.752C9.49358 10.7468 9.67179 10.8218 9.82692 10.977L11.75 12.9V5.25C11.75 5.03718 11.8218 4.85898 11.9654 4.7154C12.109 4.5718 12.2872 4.5 12.5 4.5C12.7128 4.5 12.891 4.5718 13.0346 4.7154C13.1782 4.85898 13.2499 5.03718 13.2499 5.25V12.9L15.173 10.977C15.3217 10.8282 15.4983 10.7548 15.7028 10.7568C15.9073 10.7587 16.0871 10.8372 16.2422 10.9923C16.3871 11.1475 16.4621 11.3231 16.4672 11.5193C16.4724 11.7154 16.3974 11.891 16.2422 12.0462L13.1327 15.1557C13.0391 15.2493 12.9404 15.3154 12.8365 15.3538C12.7327 15.3923 12.6205 15.4115 12.5 15.4115ZM6.8077 19.5C6.30257 19.5 5.875 19.325 5.525 18.975C5.175 18.625 5 18.1974 5 17.6923V15.7307C5 15.5179 5.0718 15.3397 5.2154 15.1961C5.35898 15.0525 5.53718 14.9808 5.75 14.9808C5.96282 14.9808 6.14102 15.0525 6.2846 15.1961C6.42818 15.3397 6.49997 15.5179 6.49997 15.7307V17.6923C6.49997 17.7692 6.53202 17.8397 6.59612 17.9038C6.66024 17.9679 6.73077 18 6.8077 18H18.1922C18.2692 18 18.3397 17.9679 18.4038 17.9038C18.4679 17.8397 18.5 17.7692 18.5 17.6923V15.7307C18.5 15.5179 18.5718 15.3397 18.7154 15.1961C18.8589 15.0525 19.0371 14.9808 19.25 14.9808C19.4628 14.9808 19.641 15.0525 19.7845 15.1961C19.9281 15.3397 20 15.5179 20 15.7307V17.6923C20 18.1974 19.825 18.625 19.475 18.975C19.125 19.325 18.6974 19.5 18.1922 19.5H6.8077Z\" fill=\"white\"><\/path><\/svg>\t\t\t<\/span>\n\t\t\t\t\t\t\t\t\t<span class=\"elementor-button-text\">Download<\/span>\n\t\t\t\t\t<\/span>\n\t\t\t\t\t<\/a>\n\t\t\t\t<\/div>\n\t\t\t\t\t\t\t\t<\/div>\n\t\t\t\t<\/div>\n\t\t\t\t<\/div>\n\t\t<div class=\"elementor-element elementor-element-a6ea2f7 e-con-full download-block e-flex e-con e-child\" data-id=\"a6ea2f7\" data-element_type=\"container\" data-e-type=\"container\" data-settings=\"{&quot;background_background&quot;:&quot;classic&quot;}\">\n\t\t<div class=\"elementor-element elementor-element-88995fd e-con-full e-flex e-con e-child\" data-id=\"88995fd\" data-element_type=\"container\" data-e-type=\"container\" data-settings=\"{&quot;background_background&quot;:&quot;classic&quot;}\">\n\t\t\t\t<div class=\"elementor-element elementor-element-506f6cf elementor-widget elementor-widget-image\" data-id=\"506f6cf\" data-element_type=\"widget\" data-e-type=\"widget\" data-widget_type=\"image.default\">\n\t\t\t\t<div class=\"elementor-widget-container\">\n\t\t\t\t\t\t\t\t\t\t\t\t\t\t\t<img decoding=\"async\" src=\"https:\/\/coachtrigger.com\/wp-content\/uploads\/2024\/03\/apple-logo.svg\" class=\"attachment-full size-full wp-image-5302\" alt=\"\" \/>\t\t\t\t\t\t\t\t\t\t\t\t\t\t\t<\/div>\n\t\t\t\t<\/div>\n\t\t\t\t<\/div>\n\t\t\t\t<div class=\"elementor-element elementor-element-0a048ba elementor-widget elementor-widget-heading\" data-id=\"0a048ba\" data-element_type=\"widget\" data-e-type=\"widget\" data-widget_type=\"heading.default\">\n\t\t\t\t<div class=\"elementor-widget-container\">\n\t\t\t\t\t<h4 class=\"elementor-heading-title elementor-size-default\">Tel\u00e9fono m\u00f3vil<\/h4>\t\t\t\t<\/div>\n\t\t\t\t<\/div>\n\t\t\t\t<div class=\"elementor-element elementor-element-d6841f1 elementor-widget elementor-widget-heading\" data-id=\"d6841f1\" data-element_type=\"widget\" data-e-type=\"widget\" data-widget_type=\"heading.default\">\n\t\t\t\t<div class=\"elementor-widget-container\">\n\t\t\t\t\t<h3 class=\"elementor-heading-title elementor-size-default\">iOS<\/h3>\t\t\t\t<\/div>\n\t\t\t\t<\/div>\n\t\t\t\t<div class=\"elementor-element elementor-element-bb9b8ac mg-none elementor-widget elementor-widget-text-editor\" data-id=\"bb9b8ac\" data-element_type=\"widget\" data-e-type=\"widget\" data-widget_type=\"text-editor.default\">\n\t\t\t\t<div class=\"elementor-widget-container\">\n\t\t\t\t\t<div class=\"bb-theme-elementor-wrap bb-elementor-custom-color bb-elementor-custom-family bb-elementor-custom-size bb-elementor-mobile-custom-size bb-elementor-custom-line-height bb-elementor-mobile-custom-line-height\">\t\t\t\t<p>Descarga nuestra aplicaci\u00f3n iOS para tu dispositivo.<\/p>\t\t\t\t<\/div>\t\t\t\t<\/div>\n\t\t\t\t<\/div>\n\t\t\t\t<div class=\"elementor-element elementor-element-337efa8 main-btn width-170 app-store elementor-absolute elementor-widget elementor-widget-button\" data-id=\"337efa8\" data-element_type=\"widget\" data-e-type=\"widget\" data-settings=\"{&quot;_position&quot;:&quot;absolute&quot;}\" data-widget_type=\"button.default\">\n\t\t\t\t<div class=\"elementor-widget-container\">\n\t\t\t\t\t\t\t\t\t<div class=\"elementor-button-wrapper\">\n\t\t\t\t\t<a class=\"elementor-button elementor-button-link elementor-size-sm\" href=\"https:\/\/apps.apple.com\/us\/app\/coachtrigger-user-app\/id6483807349\" target=\"_blank\" rel=\"noopener\">\n\t\t\t\t\t\t<span class=\"elementor-button-content-wrapper\">\n\t\t\t\t\t\t<span class=\"elementor-button-icon\">\n\t\t\t\t<svg xmlns=\"http:\/\/www.w3.org\/2000\/svg\" width=\"25\" height=\"24\" viewbox=\"0 0 25 24\" fill=\"none\"><path d=\"M12.5 15.4115C12.3795 15.4115 12.2673 15.3923 12.1634 15.3538C12.0596 15.3154 11.9609 15.2493 11.8673 15.1557L8.7577 12.0462C8.60898 11.8974 8.53559 11.7234 8.53753 11.5241C8.53944 11.3247 8.61283 11.1475 8.7577 10.9923C8.91283 10.8372 9.09103 10.7571 9.2923 10.752C9.49358 10.7468 9.67179 10.8218 9.82692 10.977L11.75 12.9V5.25C11.75 5.03718 11.8218 4.85898 11.9654 4.7154C12.109 4.5718 12.2872 4.5 12.5 4.5C12.7128 4.5 12.891 4.5718 13.0346 4.7154C13.1782 4.85898 13.2499 5.03718 13.2499 5.25V12.9L15.173 10.977C15.3217 10.8282 15.4983 10.7548 15.7028 10.7568C15.9073 10.7587 16.0871 10.8372 16.2422 10.9923C16.3871 11.1475 16.4621 11.3231 16.4672 11.5193C16.4724 11.7154 16.3974 11.891 16.2422 12.0462L13.1327 15.1557C13.0391 15.2493 12.9404 15.3154 12.8365 15.3538C12.7327 15.3923 12.6205 15.4115 12.5 15.4115ZM6.8077 19.5C6.30257 19.5 5.875 19.325 5.525 18.975C5.175 18.625 5 18.1974 5 17.6923V15.7307C5 15.5179 5.0718 15.3397 5.2154 15.1961C5.35898 15.0525 5.53718 14.9808 5.75 14.9808C5.96282 14.9808 6.14102 15.0525 6.2846 15.1961C6.42818 15.3397 6.49997 15.5179 6.49997 15.7307V17.6923C6.49997 17.7692 6.53202 17.8397 6.59612 17.9038C6.66024 17.9679 6.73077 18 6.8077 18H18.1922C18.2692 18 18.3397 17.9679 18.4038 17.9038C18.4679 17.8397 18.5 17.7692 18.5 17.6923V15.7307C18.5 15.5179 18.5718 15.3397 18.7154 15.1961C18.8589 15.0525 19.0371 14.9808 19.25 14.9808C19.4628 14.9808 19.641 15.0525 19.7845 15.1961C19.9281 15.3397 20 15.5179 20 15.7307V17.6923C20 18.1974 19.825 18.625 19.475 18.975C19.125 19.325 18.6974 19.5 18.1922 19.5H6.8077Z\" fill=\"white\"><\/path><\/svg>\t\t\t<\/span>\n\t\t\t\t\t\t\t\t\t<span class=\"elementor-button-text\">Download<\/span>\n\t\t\t\t\t<\/span>\n\t\t\t\t\t<\/a>\n\t\t\t\t<\/div>\n\t\t\t\t\t\t\t\t<\/div>\n\t\t\t\t<\/div>\n\t\t\t\t<\/div>\n\t\t\t\t<\/div>\n\t\t\t\t<\/div>\n\t\t\t\t\t<\/div>\n\t\t\t\t<\/div>\n\t\t<div class=\"elementor-element elementor-element-089048c e-flex e-con-boxed e-con e-child\" data-id=\"089048c\" data-element_type=\"container\" data-e-type=\"container\" data-settings=\"{&quot;background_background&quot;:&quot;classic&quot;}\">\n\t\t\t\t\t<div class=\"e-con-inner\">\n\t\t<div class=\"elementor-element elementor-element-8b507c5 e-con-full e-flex e-con e-child\" data-id=\"8b507c5\" data-element_type=\"container\" data-e-type=\"container\">\n\t\t<div class=\"elementor-element elementor-element-dd6da6b e-con-full e-flex e-con e-child\" data-id=\"dd6da6b\" data-element_type=\"container\" data-e-type=\"container\" data-settings=\"{&quot;background_background&quot;:&quot;gradient&quot;}\">\n\t\t<div class=\"elementor-element elementor-element-4927223 e-con-full e-flex e-con e-child\" data-id=\"4927223\" data-element_type=\"container\" data-e-type=\"container\">\n\t\t\t\t<div class=\"elementor-element elementor-element-69a207f elementor-widget elementor-widget-heading\" data-id=\"69a207f\" data-element_type=\"widget\" data-e-type=\"widget\" data-widget_type=\"heading.default\">\n\t\t\t\t<div class=\"elementor-widget-container\">\n\t\t\t\t\t<h2 class=\"elementor-heading-title elementor-size-default\">Simplemente haga clic en &quot;Cont\u00e1ctenos&quot; si tiene alguna pregunta.<\/h2>\t\t\t\t<\/div>\n\t\t\t\t<\/div>\n\t\t\t\t<div class=\"elementor-element elementor-element-6e63489 mg-none elementor-widget elementor-widget-text-editor\" data-id=\"6e63489\" data-element_type=\"widget\" data-e-type=\"widget\" data-widget_type=\"text-editor.default\">\n\t\t\t\t<div class=\"elementor-widget-container\">\n\t\t\t\t\t<div class=\"bb-theme-elementor-wrap bb-elementor-custom-color\">\t\t\t\t<p>\u00a1Gracias por su inter\u00e9s en comunicarse con nosotros! Si tienes alguna pregunta, sugerencia o simplemente quieres saludar, estamos aqu\u00ed para ayudarte. No dude en ponerse en contacto con nosotros utilizando la informaci\u00f3n de contacto que se proporciona a continuaci\u00f3n y haremos todo lo posible para ayudarle con prontitud.<\/p>\t\t\t\t<\/div>\t\t\t\t<\/div>\n\t\t\t\t<\/div>\n\t\t\t\t<div class=\"elementor-element elementor-element-4357368 main-btn pd-button elementor-widget elementor-widget-button\" data-id=\"4357368\" data-element_type=\"widget\" data-e-type=\"widget\" data-widget_type=\"button.default\">\n\t\t\t\t<div class=\"elementor-widget-container\">\n\t\t\t\t\t\t\t\t\t<div class=\"elementor-button-wrapper\">\n\t\t\t\t\t<a class=\"elementor-button elementor-button-link elementor-size-sm\" href=\"\/bookademo\">\n\t\t\t\t\t\t<span class=\"elementor-button-content-wrapper\">\n\t\t\t\t\t\t<span class=\"elementor-button-icon\">\n\t\t\t\t<svg xmlns=\"http:\/\/www.w3.org\/2000\/svg\" width=\"24\" height=\"24\" viewbox=\"0 0 24 24\" fill=\"none\"><path d=\"M12.6 12L8 7.4L9.4 6L15.4 12L9.4 18L8 16.6L12.6 12Z\" fill=\"#00B0F0\"><\/path><\/svg>\t\t\t<\/span>\n\t\t\t\t\t\t\t\t\t<span class=\"elementor-button-text\">Cont\u00e1ctenos<\/span>\n\t\t\t\t\t<\/span>\n\t\t\t\t\t<\/a>\n\t\t\t\t<\/div>\n\t\t\t\t\t\t\t\t<\/div>\n\t\t\t\t<\/div>\n\t\t\t\t<\/div>\n\t\t\t\t<\/div>\n\t\t\t\t<\/div>\n\t\t\t\t\t<\/div>\n\t\t\t\t<\/div>\n\t\t\t\t<\/div>","protected":false},"excerpt":{"rendered":"<p>Bienvenido a CoachTrigger Primero descargue la aplicaci\u00f3n Elija la aplicaci\u00f3n m\u00f3vil correcta para su dispositivo y desc\u00e1rguela desde aqu\u00ed, o inicie sesi\u00f3n con su...<\/p>","protected":false},"author":3,"featured_media":3399,"parent":0,"menu_order":0,"comment_status":"closed","ping_status":"closed","template":"elementor_header_footer","meta":{"om_disable_all_campaigns":true,"pmpro_default_level":"","_monsterinsights_skip_tracking":false,"_monsterinsights_sitenote_active":false,"_monsterinsights_sitenote_note":"","_monsterinsights_sitenote_category":0,"_uf_show_specific_survey":0,"_uf_disable_surveys":false,"footnotes":""},"class_list":["post-5224","page","type-page","status-publish","has-post-thumbnail","hentry","pmpro-has-access"],"_links":{"self":[{"href":"https:\/\/coachtrigger.com\/es\/wp-json\/wp\/v2\/pages\/5224","targetHints":{"allow":["GET"]}}],"collection":[{"href":"https:\/\/coachtrigger.com\/es\/wp-json\/wp\/v2\/pages"}],"about":[{"href":"https:\/\/coachtrigger.com\/es\/wp-json\/wp\/v2\/types\/page"}],"author":[{"embeddable":true,"href":"https:\/\/coachtrigger.com\/es\/wp-json\/wp\/v2\/users\/3"}],"replies":[{"embeddable":true,"href":"https:\/\/coachtrigger.com\/es\/wp-json\/wp\/v2\/comments?post=5224"}],"version-history":[{"count":0,"href":"https:\/\/coachtrigger.com\/es\/wp-json\/wp\/v2\/pages\/5224\/revisions"}],"wp:featuredmedia":[{"embeddable":true,"href":"https:\/\/coachtrigger.com\/es\/wp-json\/wp\/v2\/media\/3399"}],"wp:attachment":[{"href":"https:\/\/coachtrigger.com\/es\/wp-json\/wp\/v2\/media?parent=5224"}],"curies":[{"name":"gracias","href":"https:\/\/api.w.org\/{rel}","templated":true}]}}