{"id":227,"date":"2017-05-30T23:22:40","date_gmt":"2017-05-30T23:22:40","guid":{"rendered":"http:\/\/import.themovation.com\/embark\/river-rafting\/?page_id=144"},"modified":"2024-03-21T16:26:03","modified_gmt":"2024-03-21T15:26:03","slug":"support-help-faq-old","status":"publish","type":"page","link":"https:\/\/coachtrigger.com\/es\/support-help-faq-old\/","title":{"rendered":"Centro de ayuda antiguo"},"content":{"rendered":"<div data-elementor-type=\"wp-post\" data-elementor-id=\"227\" class=\"elementor elementor-227\" data-elementor-post-type=\"page\">\n\t\t\t\t\t\t<section class=\"elementor-section elementor-top-section elementor-element elementor-element-jcpoldy elementor-section-height-min-height elementor-section-full_width elementor-section-stretched elementor-section-height-default elementor-section-items-middle\" data-id=\"jcpoldy\" data-element_type=\"section\" data-e-type=\"section\" data-settings=\"{&quot;background_background&quot;:&quot;classic&quot;,&quot;stretch_section&quot;:&quot;section-stretched&quot;}\">\n\t\t\t\t\t\t\t<div class=\"elementor-background-overlay\"><\/div>\n\t\t\t\t\t\t\t<div class=\"elementor-container elementor-column-gap-default\">\n\t\t\t\t\t<div class=\"elementor-column elementor-col-100 elementor-top-column elementor-element elementor-element-bsvdawm\" data-id=\"bsvdawm\" data-element_type=\"column\" data-e-type=\"column\">\n\t\t\t<div class=\"elementor-widget-wrap elementor-element-populated\">\n\t\t\t\t\t\t<div class=\"elementor-element elementor-element-yo2cagj elementor-widget elementor-widget-spacer\" data-id=\"yo2cagj\" data-element_type=\"widget\" data-e-type=\"widget\" data-widget_type=\"spacer.default\">\n\t\t\t\t<div class=\"elementor-widget-container\">\n\t\t\t\t\t\t\t<div class=\"elementor-spacer\">\n\t\t\t<div class=\"elementor-spacer-inner\"><\/div>\n\t\t<\/div>\n\t\t\t\t\t\t<\/div>\n\t\t\t\t<\/div>\n\t\t\t\t<div class=\"elementor-element elementor-element-d1a7e44 elementor-widget elementor-widget-heading\" data-id=\"d1a7e44\" data-element_type=\"widget\" data-e-type=\"widget\" data-widget_type=\"heading.default\">\n\t\t\t\t<div class=\"elementor-widget-container\">\n\t\t\t\t\t<h2 class=\"elementor-heading-title elementor-size-xxl\">FAQ<\/h2>\t\t\t\t<\/div>\n\t\t\t\t<\/div>\n\t\t\t\t<div class=\"elementor-element elementor-element-addubne elementor-widget elementor-widget-spacer\" data-id=\"addubne\" data-element_type=\"widget\" data-e-type=\"widget\" data-widget_type=\"spacer.default\">\n\t\t\t\t<div class=\"elementor-widget-container\">\n\t\t\t\t\t\t\t<div class=\"elementor-spacer\">\n\t\t\t<div class=\"elementor-spacer-inner\"><\/div>\n\t\t<\/div>\n\t\t\t\t\t\t<\/div>\n\t\t\t\t<\/div>\n\t\t\t\t\t<\/div>\n\t\t<\/div>\n\t\t\t\t\t<\/div>\n\t\t<\/section>\n\t\t\t\t<section class=\"elementor-section elementor-top-section elementor-element elementor-element-ruyeqzk elementor-section-boxed elementor-section-height-default elementor-section-height-default\" data-id=\"ruyeqzk\" data-element_type=\"section\" data-e-type=\"section\" data-settings=\"{&quot;background_background&quot;:&quot;classic&quot;}\">\n\t\t\t\t\t\t<div class=\"elementor-container elementor-column-gap-default\">\n\t\t\t\t\t<div class=\"elementor-column elementor-col-100 elementor-top-column elementor-element elementor-element-rqrjwkf\" data-id=\"rqrjwkf\" data-element_type=\"column\" data-e-type=\"column\">\n\t\t\t<div class=\"elementor-widget-wrap elementor-element-populated\">\n\t\t\t\t\t\t<div class=\"elementor-element elementor-element-enrsgoy elementor-invisible elementor-widget elementor-widget-toggle\" data-id=\"enrsgoy\" data-element_type=\"widget\" data-e-type=\"widget\" data-settings=\"{&quot;_animation&quot;:&quot;fadeInLeft&quot;}\" data-widget_type=\"toggle.default\">\n\t\t\t\t<div class=\"elementor-widget-container\">\n\t\t\t\t\t\t\t<div class=\"elementor-toggle\">\n\t\t\t\t\t\t\t<div class=\"elementor-toggle-item\">\n\t\t\t\t\t<div id=\"elementor-tab-title-141\" class=\"elementor-tab-title\" data-tab=\"1\" role=\"button\" aria-controls=\"elementor-tab-content-141\" aria-expanded=\"false\">\n\t\t\t\t\t\t\t\t\t\t\t\t<span class=\"elementor-toggle-icon elementor-toggle-icon-left\" aria-hidden=\"true\">\n\t\t\t\t\t\t\t\t\t\t\t\t\t\t\t<span class=\"elementor-toggle-icon-closed\"><i class=\"fas fa-caret-right\"><\/i><\/span>\n\t\t\t\t\t\t\t\t<span class=\"elementor-toggle-icon-opened\"><i class=\"elementor-toggle-icon-opened fas fa-caret-up\"><\/i><\/span>\n\t\t\t\t\t\t\t\t\t\t\t\t\t<\/span>\n\t\t\t\t\t\t\t\t\t\t\t\t<a class=\"elementor-toggle-title\" tabindex=\"0\">\u00bfCu\u00e1les son los beneficios de la plataforma CoachTrigger?<\/a>\n\t\t\t\t\t<\/div>\n\n\t\t\t\t\t<div id=\"elementor-tab-content-141\" class=\"elementor-tab-content elementor-clearfix\" data-tab=\"1\" role=\"region\" aria-labelledby=\"elementor-tab-title-141\"><p>Como coach de negocios, formador, l\u00edder de equipo o gerente responsable de personal, los beneficios de las plataformas CoachTrigger son muchos.<\/p><ul><li>Es m\u00e1s f\u00e1cil analizar qu\u00e9 problemas tienen las personas y los equipos en la empresa.<\/li><li>Es m\u00e1s f\u00e1cil detectar qu\u00e9 coaching y formaci\u00f3n son necesarios a nivel individual.<\/li><li>Es m\u00e1s f\u00e1cil realizar un seguimiento del desempe\u00f1o de cada persona a nivel diario, semanal, mensual y anual.<\/li><li>Presente nuestro concepto \u00fanico de &quot;autoentrenamiento&quot;, que permite a cada individuo alcanzar m\u00e1s f\u00e1cilmente objetivos y productividad m\u00e1s altos.<\/li><li>Sistema de informes transparente para todos los niveles de usuarios y gerentes.<\/li><li>Sistema de puntuaci\u00f3n de puntos para motivar a los miembros del equipo y crear sistemas de recompensa m\u00e1s motivadores.\u00a0<\/li><li>Biblioteca para cargar videos de capacitaci\u00f3n, videos motivacionales y documentos que ayuden al desarrollo de los miembros del equipo.<\/li><li>Funci\u00f3n comunitaria donde podr\u00e1s hacer networking, debatir y compartir conocimientos con todos los dem\u00e1s profesionales conectados de CoachTrigger.<\/li><li>Chat de soporte en vivo para ayudarle a aprovechar al m\u00e1ximo la plataforma CoachTrigger.<\/li><li>Posibilidad de programar videoconferencias en vivo con nuestros expertos de CoachTrigger, para mejorar tus conocimientos y habilidades como coach o formador profesional.<\/li><\/ul><p>La mejor manera de comprender todos los beneficios de la plataforma CoachTrigger es reservar una reuni\u00f3n de descubrimiento con nosotros. <a href=\"https:\/\/coachtrigger.com\/discovery\/\">Haga clic aqu\u00ed para reservar su Discovery Meeting con nuestro equipo.<\/a>\u00a0<\/p><\/div>\n\t\t\t\t<\/div>\n\t\t\t\t\t\t\t<div class=\"elementor-toggle-item\">\n\t\t\t\t\t<div id=\"elementor-tab-title-142\" class=\"elementor-tab-title\" data-tab=\"2\" role=\"button\" aria-controls=\"elementor-tab-content-142\" aria-expanded=\"false\">\n\t\t\t\t\t\t\t\t\t\t\t\t<span class=\"elementor-toggle-icon elementor-toggle-icon-left\" aria-hidden=\"true\">\n\t\t\t\t\t\t\t\t\t\t\t\t\t\t\t<span class=\"elementor-toggle-icon-closed\"><i class=\"fas fa-caret-right\"><\/i><\/span>\n\t\t\t\t\t\t\t\t<span class=\"elementor-toggle-icon-opened\"><i class=\"elementor-toggle-icon-opened fas fa-caret-up\"><\/i><\/span>\n\t\t\t\t\t\t\t\t\t\t\t\t\t<\/span>\n\t\t\t\t\t\t\t\t\t\t\t\t<a class=\"elementor-toggle-title\" tabindex=\"0\">\u00bfC\u00f3mo puedo reservar una reuni\u00f3n de descubrimiento?<\/a>\n\t\t\t\t\t<\/div>\n\n\t\t\t\t\t<div id=\"elementor-tab-content-142\" class=\"elementor-tab-content elementor-clearfix\" data-tab=\"2\" role=\"region\" aria-labelledby=\"elementor-tab-title-142\"><p>Aqu\u00ed puede reservar una reuni\u00f3n de descubrimiento con nuestro equipo de descubrimiento. Le explicar\u00e1n todos los beneficios que nuestra plataforma tiene para ofrecer. <a href=\"https:\/\/coachtrigger.com\/discovery\/\">Haga clic aqu\u00ed para reservar su Discovery Meeting con nuestro equipo.<\/a>\u00a0O<span style=\"background-color: var( --e-global-color-45bfa7a ); color: var(--bb-body-text-color);\">\u00a0P\u00f3ngase en contacto con nuestro fant\u00e1stico soporte por chat 24 horas al d\u00eda, 7 d\u00edas a la semana utilizando el bot\u00f3n de chat en su pantalla en cualquier momento si tiene preguntas.<\/span><\/p><\/div>\n\t\t\t\t<\/div>\n\t\t\t\t\t\t\t<div class=\"elementor-toggle-item\">\n\t\t\t\t\t<div id=\"elementor-tab-title-143\" class=\"elementor-tab-title\" data-tab=\"3\" role=\"button\" aria-controls=\"elementor-tab-content-143\" aria-expanded=\"false\">\n\t\t\t\t\t\t\t\t\t\t\t\t<span class=\"elementor-toggle-icon elementor-toggle-icon-left\" aria-hidden=\"true\">\n\t\t\t\t\t\t\t\t\t\t\t\t\t\t\t<span class=\"elementor-toggle-icon-closed\"><i class=\"fas fa-caret-right\"><\/i><\/span>\n\t\t\t\t\t\t\t\t<span class=\"elementor-toggle-icon-opened\"><i class=\"elementor-toggle-icon-opened fas fa-caret-up\"><\/i><\/span>\n\t\t\t\t\t\t\t\t\t\t\t\t\t<\/span>\n\t\t\t\t\t\t\t\t\t\t\t\t<a class=\"elementor-toggle-title\" tabindex=\"0\">\u00bfC\u00f3mo creo una cuenta?<\/a>\n\t\t\t\t\t<\/div>\n\n\t\t\t\t\t<div id=\"elementor-tab-content-143\" class=\"elementor-tab-content elementor-clearfix\" data-tab=\"3\" role=\"region\" aria-labelledby=\"elementor-tab-title-143\"><p>Ve a la <a href=\"https:\/\/www.matrixperformancegroup.com\/pricing-monochrome\/\" target=\"_blank\" rel=\"noopener\">P\u00e1gina de precios<\/a> y elige un plan y realiza tu compra. Se te pedir\u00e1 que completes un correo electr\u00f3nico address y que crees una contrase\u00f1a y un nombre de usuario que ser\u00e1n tus credenciales de inicio de sesi\u00f3n. <span style=\"background-color: var( --e-global-color-45bfa7a ); color: var(--bb-body-text-color);\">Comun\u00edquese con nuestro fant\u00e1stico soporte por chat 24 horas al d\u00eda, 7 d\u00edas a la semana utilizando el bot\u00f3n de chat en su pantalla en cualquier momento si tiene preguntas.<\/span><\/p><\/div>\n\t\t\t\t<\/div>\n\t\t\t\t\t\t\t<div class=\"elementor-toggle-item\">\n\t\t\t\t\t<div id=\"elementor-tab-title-144\" class=\"elementor-tab-title\" data-tab=\"4\" role=\"button\" aria-controls=\"elementor-tab-content-144\" aria-expanded=\"false\">\n\t\t\t\t\t\t\t\t\t\t\t\t<span class=\"elementor-toggle-icon elementor-toggle-icon-left\" aria-hidden=\"true\">\n\t\t\t\t\t\t\t\t\t\t\t\t\t\t\t<span class=\"elementor-toggle-icon-closed\"><i class=\"fas fa-caret-right\"><\/i><\/span>\n\t\t\t\t\t\t\t\t<span class=\"elementor-toggle-icon-opened\"><i class=\"elementor-toggle-icon-opened fas fa-caret-up\"><\/i><\/span>\n\t\t\t\t\t\t\t\t\t\t\t\t\t<\/span>\n\t\t\t\t\t\t\t\t\t\t\t\t<a class=\"elementor-toggle-title\" tabindex=\"0\">\u00bfExiste una prueba gratuita de la plataforma CoachTrigger?<\/a>\n\t\t\t\t\t<\/div>\n\n\t\t\t\t\t<div id=\"elementor-tab-content-144\" class=\"elementor-tab-content elementor-clearfix\" data-tab=\"4\" role=\"region\" aria-labelledby=\"elementor-tab-title-144\"><p>Hay una prueba gratuita de dos semanas de la plataforma CoachTrigger. Por favor <a href=\"https:\/\/coachtrigger.com\/membership-account\/membership-checkout\/?level=10\">Haga clic aqu\u00ed para iniciar una cuenta de prueba.<\/a>\u00a0<span style=\"background-color: var( --e-global-color-45bfa7a ); color: var(--bb-body-text-color);\">Comun\u00edquese con nuestro fant\u00e1stico soporte por chat 24 horas al d\u00eda, 7 d\u00edas a la semana utilizando el bot\u00f3n de chat en su pantalla en cualquier momento si tiene preguntas.<\/span><\/p><\/div>\n\t\t\t\t<\/div>\n\t\t\t\t\t\t\t<div class=\"elementor-toggle-item\">\n\t\t\t\t\t<div id=\"elementor-tab-title-145\" class=\"elementor-tab-title\" data-tab=\"5\" role=\"button\" aria-controls=\"elementor-tab-content-145\" aria-expanded=\"false\">\n\t\t\t\t\t\t\t\t\t\t\t\t<span class=\"elementor-toggle-icon elementor-toggle-icon-left\" aria-hidden=\"true\">\n\t\t\t\t\t\t\t\t\t\t\t\t\t\t\t<span class=\"elementor-toggle-icon-closed\"><i class=\"fas fa-caret-right\"><\/i><\/span>\n\t\t\t\t\t\t\t\t<span class=\"elementor-toggle-icon-opened\"><i class=\"elementor-toggle-icon-opened fas fa-caret-up\"><\/i><\/span>\n\t\t\t\t\t\t\t\t\t\t\t\t\t<\/span>\n\t\t\t\t\t\t\t\t\t\t\t\t<a class=\"elementor-toggle-title\" tabindex=\"0\">\u00bfC\u00f3mo son sus planes de precios?<\/a>\n\t\t\t\t\t<\/div>\n\n\t\t\t\t\t<div id=\"elementor-tab-content-145\" class=\"elementor-tab-content elementor-clearfix\" data-tab=\"5\" role=\"region\" aria-labelledby=\"elementor-tab-title-145\"><p>Tenemos tres niveles diferentes en nuestros precios, puede actualizar y reducir su nivel pago en cualquier momento. <a href=\"https:\/\/coachtrigger.com\/pricing-monochrome\/\">Consulte nuestros niveles de precios aqu\u00ed.<\/a>\u00a0<span style=\"background-color: var( --e-global-color-45bfa7a ); color: var(--bb-body-text-color);\">Comun\u00edquese con nuestro fant\u00e1stico soporte por chat 24 horas al d\u00eda, 7 d\u00edas a la semana utilizando el bot\u00f3n de chat en su pantalla en cualquier momento si tiene preguntas.<\/span><\/p><\/div>\n\t\t\t\t<\/div>\n\t\t\t\t\t\t\t<div class=\"elementor-toggle-item\">\n\t\t\t\t\t<div id=\"elementor-tab-title-146\" class=\"elementor-tab-title\" data-tab=\"6\" role=\"button\" aria-controls=\"elementor-tab-content-146\" aria-expanded=\"false\">\n\t\t\t\t\t\t\t\t\t\t\t\t<span class=\"elementor-toggle-icon elementor-toggle-icon-left\" aria-hidden=\"true\">\n\t\t\t\t\t\t\t\t\t\t\t\t\t\t\t<span class=\"elementor-toggle-icon-closed\"><i class=\"fas fa-caret-right\"><\/i><\/span>\n\t\t\t\t\t\t\t\t<span class=\"elementor-toggle-icon-opened\"><i class=\"elementor-toggle-icon-opened fas fa-caret-up\"><\/i><\/span>\n\t\t\t\t\t\t\t\t\t\t\t\t\t<\/span>\n\t\t\t\t\t\t\t\t\t\t\t\t<a class=\"elementor-toggle-title\" tabindex=\"0\">\u00bfC\u00f3mo actualizo o bajo mi plan de suscripci\u00f3n?<\/a>\n\t\t\t\t\t<\/div>\n\n\t\t\t\t\t<div id=\"elementor-tab-content-146\" class=\"elementor-tab-content elementor-clearfix\" data-tab=\"6\" role=\"region\" aria-labelledby=\"elementor-tab-title-146\"><p>Despu\u00e9s de haber realizado la compra de un plan y haber iniciado sesi\u00f3n, tendr\u00e1 un bot\u00f3n en el men\u00fa superior llamado &quot;Planes&quot;.\u00a0<span style=\"background-color: var( --e-global-color-45bfa7a ); color: var(--bb-body-text-color);\">Cuando haces clic all\u00ed, puedes en cualquier momento cambiar a un plan superior o inferior.\u00a0<\/span><span style=\"background-color: var( --e-global-color-45bfa7a ); color: var(--bb-body-text-color);\">Comun\u00edquese con nuestro fant\u00e1stico soporte por chat 24 horas al d\u00eda, 7 d\u00edas a la semana utilizando el bot\u00f3n de chat en su pantalla en cualquier momento si tiene preguntas.<\/span><\/p><\/div>\n\t\t\t\t<\/div>\n\t\t\t\t\t\t\t<div class=\"elementor-toggle-item\">\n\t\t\t\t\t<div id=\"elementor-tab-title-147\" class=\"elementor-tab-title\" data-tab=\"7\" role=\"button\" aria-controls=\"elementor-tab-content-147\" aria-expanded=\"false\">\n\t\t\t\t\t\t\t\t\t\t\t\t<span class=\"elementor-toggle-icon elementor-toggle-icon-left\" aria-hidden=\"true\">\n\t\t\t\t\t\t\t\t\t\t\t\t\t\t\t<span class=\"elementor-toggle-icon-closed\"><i class=\"fas fa-caret-right\"><\/i><\/span>\n\t\t\t\t\t\t\t\t<span class=\"elementor-toggle-icon-opened\"><i class=\"elementor-toggle-icon-opened fas fa-caret-up\"><\/i><\/span>\n\t\t\t\t\t\t\t\t\t\t\t\t\t<\/span>\n\t\t\t\t\t\t\t\t\t\t\t\t<a class=\"elementor-toggle-title\" tabindex=\"0\">\u00bfQu\u00e9 m\u00e9todos de pago aceptan?<\/a>\n\t\t\t\t\t<\/div>\n\n\t\t\t\t\t<div id=\"elementor-tab-content-147\" class=\"elementor-tab-content elementor-clearfix\" data-tab=\"7\" role=\"region\" aria-labelledby=\"elementor-tab-title-147\"><p>Nuestra plataforma de pago est\u00e1 conectada a Stripe y puedes usar cualquier tarjeta de d\u00e9bito o cr\u00e9dito cuando te suscribes a nuestra suscripci\u00f3n mensual. Tu transacci\u00f3n est\u00e1 encriptada con SSL y<span style=\"background-color: var( --e-global-color-45bfa7a ); color: var(--bb-body-text-color);\">Los datos de nuestra tarjeta se guardar\u00e1n de forma segura en la plataforma Stripe, no en nuestro sitio web.\u00a0<\/span><a href=\"https:\/\/www.matrixperformancegroup.com\/pricing-monochrome\/\" target=\"_blank\" rel=\"noopener\">Vea nuestros niveles de precios aqu\u00ed.<\/a>\u00a0<span style=\"background-color: var( --e-global-color-45bfa7a ); color: var(--bb-body-text-color);\">Comun\u00edquese con nuestro fant\u00e1stico soporte por chat 24 horas al d\u00eda, 7 d\u00edas a la semana utilizando el bot\u00f3n de chat en su pantalla en cualquier momento si tiene preguntas.<\/span><\/p><\/div>\n\t\t\t\t<\/div>\n\t\t\t\t\t\t\t<div class=\"elementor-toggle-item\">\n\t\t\t\t\t<div id=\"elementor-tab-title-148\" class=\"elementor-tab-title\" data-tab=\"8\" role=\"button\" aria-controls=\"elementor-tab-content-148\" aria-expanded=\"false\">\n\t\t\t\t\t\t\t\t\t\t\t\t<span class=\"elementor-toggle-icon elementor-toggle-icon-left\" aria-hidden=\"true\">\n\t\t\t\t\t\t\t\t\t\t\t\t\t\t\t<span class=\"elementor-toggle-icon-closed\"><i class=\"fas fa-caret-right\"><\/i><\/span>\n\t\t\t\t\t\t\t\t<span class=\"elementor-toggle-icon-opened\"><i class=\"elementor-toggle-icon-opened fas fa-caret-up\"><\/i><\/span>\n\t\t\t\t\t\t\t\t\t\t\t\t\t<\/span>\n\t\t\t\t\t\t\t\t\t\t\t\t<a class=\"elementor-toggle-title\" tabindex=\"0\">\u00bfCu\u00e1l es su pol\u00edtica de cancelaci\u00f3n?<\/a>\n\t\t\t\t\t<\/div>\n\n\t\t\t\t\t<div id=\"elementor-tab-content-148\" class=\"elementor-tab-content elementor-clearfix\" data-tab=\"8\" role=\"region\" aria-labelledby=\"elementor-tab-title-148\"><p>Una vez que se haya registrado en uno de nuestros planes, puede eliminar su cuenta en cualquier momento con un per\u00edodo de cancelaci\u00f3n de 30 d\u00edas en la suscripci\u00f3n.\u00a0<span style=\"background-color: var( --e-global-color-45bfa7a ); color: var(--bb-body-text-color);\">Comun\u00edquese con nuestro fant\u00e1stico soporte por chat 24 horas al d\u00eda, 7 d\u00edas a la semana utilizando el bot\u00f3n de chat en su pantalla en cualquier momento si tiene preguntas.<\/span><\/p><\/div>\n\t\t\t\t<\/div>\n\t\t\t\t\t\t\t<div class=\"elementor-toggle-item\">\n\t\t\t\t\t<div id=\"elementor-tab-title-149\" class=\"elementor-tab-title\" data-tab=\"9\" role=\"button\" aria-controls=\"elementor-tab-content-149\" aria-expanded=\"false\">\n\t\t\t\t\t\t\t\t\t\t\t\t<span class=\"elementor-toggle-icon elementor-toggle-icon-left\" aria-hidden=\"true\">\n\t\t\t\t\t\t\t\t\t\t\t\t\t\t\t<span class=\"elementor-toggle-icon-closed\"><i class=\"fas fa-caret-right\"><\/i><\/span>\n\t\t\t\t\t\t\t\t<span class=\"elementor-toggle-icon-opened\"><i class=\"elementor-toggle-icon-opened fas fa-caret-up\"><\/i><\/span>\n\t\t\t\t\t\t\t\t\t\t\t\t\t<\/span>\n\t\t\t\t\t\t\t\t\t\t\t\t<a class=\"elementor-toggle-title\" tabindex=\"0\">\u00bfC\u00f3mo puedo empezar a utilizar el software CoachTrigger?<\/a>\n\t\t\t\t\t<\/div>\n\n\t\t\t\t\t<div id=\"elementor-tab-content-149\" class=\"elementor-tab-content elementor-clearfix\" data-tab=\"9\" role=\"region\" aria-labelledby=\"elementor-tab-title-149\"><p>Una vez que te hayas registrado en uno de nuestros planes, podr\u00e1s ver tu perfil de CoachTrigger en nuestra plataforma comunitaria.\u00a0<\/p><p>Si hace clic en el bot\u00f3n de men\u00fa \u201cIniciar sesi\u00f3n en la aplicaci\u00f3n\u201d y \u201cPanel de inicio de sesi\u00f3n\u201d, iniciar\u00e1 sesi\u00f3n autom\u00e1ticamente en nuestro software CoachTrigger. Luego ver\u00e1 un sistema de cliente de prueba con el que puede experimentar. Utilice nuestros tutoriales en el bot\u00f3n de men\u00fa \u201cSoporte\u201d para aprender a configurar y usar CoachTrigger, o simplemente haga clic en el bot\u00f3n de chat y use nuestro fant\u00e1stico soporte de chat en vivo las 24 horas, los 7 d\u00edas de la semana.\u00a0<\/p><\/div>\n\t\t\t\t<\/div>\n\t\t\t\t\t\t\t<div class=\"elementor-toggle-item\">\n\t\t\t\t\t<div id=\"elementor-tab-title-1410\" class=\"elementor-tab-title\" data-tab=\"10\" role=\"button\" aria-controls=\"elementor-tab-content-1410\" aria-expanded=\"false\">\n\t\t\t\t\t\t\t\t\t\t\t\t<span class=\"elementor-toggle-icon elementor-toggle-icon-left\" aria-hidden=\"true\">\n\t\t\t\t\t\t\t\t\t\t\t\t\t\t\t<span class=\"elementor-toggle-icon-closed\"><i class=\"fas fa-caret-right\"><\/i><\/span>\n\t\t\t\t\t\t\t\t<span class=\"elementor-toggle-icon-opened\"><i class=\"elementor-toggle-icon-opened fas fa-caret-up\"><\/i><\/span>\n\t\t\t\t\t\t\t\t\t\t\t\t\t<\/span>\n\t\t\t\t\t\t\t\t\t\t\t\t<a class=\"elementor-toggle-title\" tabindex=\"0\">\u00bfC\u00f3mo puedo restablecer mi contrase\u00f1a?<\/a>\n\t\t\t\t\t<\/div>\n\n\t\t\t\t\t<div id=\"elementor-tab-content-1410\" class=\"elementor-tab-content elementor-clearfix\" data-tab=\"10\" role=\"region\" aria-labelledby=\"elementor-tab-title-1410\"><p>Haga clic en el bot\u00f3n azul Iniciar sesi\u00f3n en la esquina superior derecha de su pantalla. Debajo de la ventana de inicio de sesi\u00f3n encontrar\u00e1 un enlace azul que dice &quot;Contrase\u00f1a perdida&quot;. Haga clic all\u00ed y solicite configurar una nueva contrase\u00f1a.\u00a0<span style=\"background-color: var( --e-global-color-45bfa7a ); color: var(--bb-body-text-color);\">Comun\u00edquese con nuestro fant\u00e1stico soporte por chat 24 horas al d\u00eda, 7 d\u00edas a la semana utilizando el bot\u00f3n de chat en su pantalla en cualquier momento si tiene preguntas.<\/span><\/p><\/div>\n\t\t\t\t<\/div>\n\t\t\t\t\t\t\t<div class=\"elementor-toggle-item\">\n\t\t\t\t\t<div id=\"elementor-tab-title-1411\" class=\"elementor-tab-title\" data-tab=\"11\" role=\"button\" aria-controls=\"elementor-tab-content-1411\" aria-expanded=\"false\">\n\t\t\t\t\t\t\t\t\t\t\t\t<span class=\"elementor-toggle-icon elementor-toggle-icon-left\" aria-hidden=\"true\">\n\t\t\t\t\t\t\t\t\t\t\t\t\t\t\t<span class=\"elementor-toggle-icon-closed\"><i class=\"fas fa-caret-right\"><\/i><\/span>\n\t\t\t\t\t\t\t\t<span class=\"elementor-toggle-icon-opened\"><i class=\"elementor-toggle-icon-opened fas fa-caret-up\"><\/i><\/span>\n\t\t\t\t\t\t\t\t\t\t\t\t\t<\/span>\n\t\t\t\t\t\t\t\t\t\t\t\t<a class=\"elementor-toggle-title\" tabindex=\"0\">\u00bfQu\u00e9 pasa si olvido mi nombre de usuario?<\/a>\n\t\t\t\t\t<\/div>\n\n\t\t\t\t\t<div id=\"elementor-tab-content-1411\" class=\"elementor-tab-content elementor-clearfix\" data-tab=\"11\" role=\"region\" aria-labelledby=\"elementor-tab-title-1411\"><p>Si no recuerda su nombre de usuario, simplemente <a href=\"https:\/\/www.matrixperformancegroup.com\/bookademo\/\" target=\"_blank\" rel=\"noopener\">env\u00edanos un mensaje aqu\u00ed<\/a> y en breve te responderemos con tu nombre de usuario.<\/p><\/div>\n\t\t\t\t<\/div>\n\t\t\t\t\t\t\t<div class=\"elementor-toggle-item\">\n\t\t\t\t\t<div id=\"elementor-tab-title-1412\" class=\"elementor-tab-title\" data-tab=\"12\" role=\"button\" aria-controls=\"elementor-tab-content-1412\" aria-expanded=\"false\">\n\t\t\t\t\t\t\t\t\t\t\t\t<span class=\"elementor-toggle-icon elementor-toggle-icon-left\" aria-hidden=\"true\">\n\t\t\t\t\t\t\t\t\t\t\t\t\t\t\t<span class=\"elementor-toggle-icon-closed\"><i class=\"fas fa-caret-right\"><\/i><\/span>\n\t\t\t\t\t\t\t\t<span class=\"elementor-toggle-icon-opened\"><i class=\"elementor-toggle-icon-opened fas fa-caret-up\"><\/i><\/span>\n\t\t\t\t\t\t\t\t\t\t\t\t\t<\/span>\n\t\t\t\t\t\t\t\t\t\t\t\t<a class=\"elementor-toggle-title\" tabindex=\"0\">\u00bfC\u00f3mo protegen mi informaci\u00f3n personal?<\/a>\n\t\t\t\t\t<\/div>\n\n\t\t\t\t\t<div id=\"elementor-tab-content-1412\" class=\"elementor-tab-content elementor-clearfix\" data-tab=\"12\" role=\"region\" aria-labelledby=\"elementor-tab-title-1412\"><p>Seguimos todos los est\u00e1ndares del RGPD cuando se trata de proteger su informaci\u00f3n personal.\u00a0<span style=\"background-color: var( --e-global-color-45bfa7a ); color: var(--bb-body-text-color);\">Los datos de su tarjeta se almacenar\u00e1n en la plataforma de pago Stripe, no en nuestra p\u00e1gina web, y la informaci\u00f3n de su perfil estar\u00e1 protegida por nuestro entorno de servidor seguro.\u00a0<\/span><span style=\"background-color: var( --e-global-color-45bfa7a ); color: var(--bb-body-text-color);\">Nuestra p\u00e1gina web est\u00e1 protegida por el software Cloudflare y nuestros servidores son monitoreados las 24 horas del d\u00eda por nuestro proveedor de servidores.\u00a0<\/span><span style=\"background-color: var( --e-global-color-45bfa7a ); color: var(--bb-body-text-color);\">Aqu\u00ed puedes leer nuestro <\/span><a href=\"https:\/\/www.matrixperformancegroup.com\/privacy-policy-2\/\" target=\"_blank\" rel=\"noopener\">Pol\u00edtica privada<\/a><span style=\"background-color: var( --e-global-color-45bfa7a ); color: var(--bb-body-text-color);\">\u00a0y nuestro <\/span><a href=\"https:\/\/www.matrixperformancegroup.com\/terms-of-service\/\" target=\"_blank\" rel=\"noopener\">T\u00e9rminos de servicio <\/a><span style=\"background-color: var( --e-global-color-45bfa7a ); color: var(--bb-body-text-color);\">declaraciones.<\/span><\/p><\/div>\n\t\t\t\t<\/div>\n\t\t\t\t\t\t\t\t<\/div>\n\t\t\t\t\t\t<\/div>\n\t\t\t\t<\/div>\n\t\t\t\t<div class=\"elementor-element elementor-element-9a129d3 elementor-align-center elementor-widget elementor-widget-button\" data-id=\"9a129d3\" data-element_type=\"widget\" data-e-type=\"widget\" data-widget_type=\"button.default\">\n\t\t\t\t<div class=\"elementor-widget-container\">\n\t\t\t\t\t\t\t\t\t<div class=\"elementor-button-wrapper\">\n\t\t\t\t\t<a class=\"elementor-button elementor-button-link elementor-size-sm\" href=\"https:\/\/www.matrixperformancegroup.com\/bookademo\/\" target=\"_blank\" rel=\"noopener\">\n\t\t\t\t\t\t<span class=\"elementor-button-content-wrapper\">\n\t\t\t\t\t\t<span class=\"elementor-button-icon\">\n\t\t\t\t<i aria-hidden=\"true\" class=\"th-linea icon th-linea icon-arrows-right\"><\/i>\t\t\t<\/span>\n\t\t\t\t\t\t\t\t\t<span class=\"elementor-button-text\">ENV\u00cdANOS UN MENSAJE AQU\u00cd<\/span>\n\t\t\t\t\t<\/span>\n\t\t\t\t\t<\/a>\n\t\t\t\t<\/div>\n\t\t\t\t\t\t\t\t<\/div>\n\t\t\t\t<\/div>\n\t\t\t\t\t<\/div>\n\t\t<\/div>\n\t\t\t\t\t<\/div>\n\t\t<\/section>\n\t\t\t\t<\/div>","protected":false},"excerpt":{"rendered":"<p>FAQ We&#8217;re here to help Get instant answers here to all the most common questions about us, or click the chat button and ask our&hellip;<\/p>","protected":false},"author":4,"featured_media":2297,"parent":0,"menu_order":55,"comment_status":"closed","ping_status":"closed","template":"page-fullwidth.php","meta":{"om_disable_all_campaigns":false,"pmpro_default_level":"","_monsterinsights_skip_tracking":false,"_monsterinsights_sitenote_active":false,"_monsterinsights_sitenote_note":"","_monsterinsights_sitenote_category":0,"_uf_show_specific_survey":0,"_uf_disable_surveys":false,"footnotes":""},"class_list":["post-227","page","type-page","status-publish","has-post-thumbnail","hentry","pmpro-has-access"],"_links":{"self":[{"href":"https:\/\/coachtrigger.com\/es\/wp-json\/wp\/v2\/pages\/227","targetHints":{"allow":["GET"]}}],"collection":[{"href":"https:\/\/coachtrigger.com\/es\/wp-json\/wp\/v2\/pages"}],"about":[{"href":"https:\/\/coachtrigger.com\/es\/wp-json\/wp\/v2\/types\/page"}],"author":[{"embeddable":true,"href":"https:\/\/coachtrigger.com\/es\/wp-json\/wp\/v2\/users\/4"}],"replies":[{"embeddable":true,"href":"https:\/\/coachtrigger.com\/es\/wp-json\/wp\/v2\/comments?post=227"}],"version-history":[{"count":0,"href":"https:\/\/coachtrigger.com\/es\/wp-json\/wp\/v2\/pages\/227\/revisions"}],"wp:featuredmedia":[{"embeddable":true,"href":"https:\/\/coachtrigger.com\/es\/wp-json\/wp\/v2\/media\/2297"}],"wp:attachment":[{"href":"https:\/\/coachtrigger.com\/es\/wp-json\/wp\/v2\/media?parent=227"}],"curies":[{"name":"gracias","href":"https:\/\/api.w.org\/{rel}","templated":true}]}}