{"id":6712,"date":"2024-03-22T12:09:00","date_gmt":"2024-03-22T11:09:00","guid":{"rendered":"https:\/\/www.coachtrigger.com\/?post_type=product&#038;p=6712"},"modified":"2024-03-22T12:09:00","modified_gmt":"2024-03-22T11:09:00","slug":"extra-hours-senior-support","status":"publish","type":"product","link":"https:\/\/coachtrigger.com\/de\/product\/extra-hours-senior-support\/","title":{"rendered":"\u00dcberstunden Seniorenbetreuung"},"content":{"rendered":"<p>Mit diesem Paket erhalten Sie 10 Stunden Support von unserem erfahrenen Supportteam.<\/p>\n<p>Diese Stunden k\u00f6nnen Sie f\u00fcr folgende zus\u00e4tzliche Hilfe von uns nutzen:<\/p>\n<ul>\n<li>Wenn Sie m\u00f6chten, dass wir Kurse und Schulungsmodule in unserem LMS-Editor f\u00fcr Sie erstellen<\/li>\n<li>Coach-The-Coach-Schulung, die Sie m\u00f6glicherweise ben\u00f6tigen, um zu erfahren, wie Sie CoachTrigger mit Ihren Kunden oder Teammitgliedern verwenden<\/li>\n<li>Workshops zur Erweiterung Ihres Programms mit kostenpflichtigen Online-Schulungen<\/li>\n<li>Workshops zur Schaffung zus\u00e4tzlicher Einnahmequellen f\u00fcr Ihr Unternehmen<\/li>\n<li>Workshops zum Thema \u201eMehr Kundenanfragen generieren\u201c<\/li>\n<li>\u2026 oder alles andere, zu dem Sie gerne den Rat eines Experten einholen m\u00f6chten.<\/li>\n<\/ul>\n<p>Wir benachrichtigen Sie, wenn Ihre gekauften Stunden aufgebraucht sind und Sie Ihr Guthaben aufladen m\u00fcssen.<\/p>\n<p>Wenn Sie Fragen zu diesem Kauf haben, senden Sie uns bitte eine E-Mail an <a href=\"mailto:contact@coachtrigger.com\">contact@coachtrigger.com<\/a>.<\/p>","protected":false},"excerpt":{"rendered":"<p>Mit diesem Paket erhalten Sie 10 Stunden Support von unserem erfahrenen Supportteam.<\/p>","protected":false},"featured_media":5107,"comment_status":"closed","ping_status":"closed","template":"","meta":{"om_disable_all_campaigns":true,"pmpro_default_level":"","_monsterinsights_skip_tracking":false,"_monsterinsights_sitenote_active":false,"_monsterinsights_sitenote_note":"","_monsterinsights_sitenote_category":0,"_uf_show_specific_survey":0,"_uf_disable_surveys":false},"product_brand":[],"product_cat":[189],"product_tag":[],"class_list":{"0":"post-6712","1":"product","2":"type-product","3":"status-publish","4":"has-post-thumbnail","6":"product_cat-uncategorized","7":"pmpro-has-access","9":"first","10":"instock","11":"taxable","12":"shipping-taxable","13":"purchasable","14":"product-type-simple"},"_links":{"self":[{"href":"https:\/\/coachtrigger.com\/de\/wp-json\/wp\/v2\/product\/6712","targetHints":{"allow":["GET"]}}],"collection":[{"href":"https:\/\/coachtrigger.com\/de\/wp-json\/wp\/v2\/product"}],"about":[{"href":"https:\/\/coachtrigger.com\/de\/wp-json\/wp\/v2\/types\/product"}],"replies":[{"embeddable":true,"href":"https:\/\/coachtrigger.com\/de\/wp-json\/wp\/v2\/comments?post=6712"}],"wp:featuredmedia":[{"embeddable":true,"href":"https:\/\/coachtrigger.com\/de\/wp-json\/wp\/v2\/media\/5107"}],"wp:attachment":[{"href":"https:\/\/coachtrigger.com\/de\/wp-json\/wp\/v2\/media?parent=6712"}],"wp:term":[{"taxonomy":"product_brand","embeddable":true,"href":"https:\/\/coachtrigger.com\/de\/wp-json\/wp\/v2\/product_brand?post=6712"},{"taxonomy":"product_cat","embeddable":true,"href":"https:\/\/coachtrigger.com\/de\/wp-json\/wp\/v2\/product_cat?post=6712"},{"taxonomy":"product_tag","embeddable":true,"href":"https:\/\/coachtrigger.com\/de\/wp-json\/wp\/v2\/product_tag?post=6712"}],"curies":[{"name":"wp","href":"https:\/\/api.w.org\/{rel}","templated":true}]}}