{"id":6698,"date":"2024-03-22T11:59:38","date_gmt":"2024-03-22T10:59:38","guid":{"rendered":"https:\/\/www.coachtrigger.com\/?post_type=product&#038;p=6698"},"modified":"2024-03-22T12:09:56","modified_gmt":"2024-03-22T11:09:56","slug":"coachtrigger-start-package","status":"publish","type":"product","link":"https:\/\/coachtrigger.com\/de\/product\/coachtrigger-start-package\/","title":{"rendered":"CoachTrigger Startpaket"},"content":{"rendered":"<p>F\u00fcr Neukunden, die unsere Hilfe bei der Ersteinrichtung in Anspruch nehmen m\u00f6chten, einschlie\u00dflich:<\/p>\n<ul>\n<li>Ma\u00dfgeschneidertes White Labeling mit Ihrem Logo und Farbschema auf allen Bildschirmen<\/li>\n<li>Ma\u00dfgeschneiderte Einrichtung des Workflows, der zu Ihrer Art des Verkaufs Ihrer Dienstleistungen passt<\/li>\n<li>Ma\u00dfgeschneiderte Produktion all Ihrer Kurse und Schulungsmaterialien in unserem LMS<\/li>\n<li>Ma\u00dfgeschneiderte Kaufmodule f\u00fcr alle Ihre Kurse und Schulungen auf Ihrer Website<\/li>\n<li>2 Monate Plattformgeb\u00fchr ( Normalerweise 2 x 99$ )<\/li>\n<\/ul>\n<p>Dies ist ein Paket, das wir neuen Kunden anbieten. Darin enthalten sind 10 Stunden Arbeit unseres Teams zur Erstellung Ihrer ma\u00dfgeschneiderten CoachTrigger-Plattform, damit Sie sofort mit der Arbeit mit Ihren Kunden beginnen k\u00f6nnen.<\/p>\n<p>Wenn Sie mehr als 10 Stunden Hilfe ben\u00f6tigen, k\u00f6nnen Sie jederzeit ein zus\u00e4tzliches Zeitpaket bestellen.<\/p>\n<p>Wenn Sie Fragen zu diesem Kauf haben, senden Sie uns bitte eine E-Mail an <a href=\"mailto:contact@coachtrigger.com\">contact@coachtrigger.com<\/a>.<\/p>","protected":false},"excerpt":{"rendered":"<p>F\u00fcr neue Kunden, die unsere Hilfe bei der Ersteinrichtung in Anspruch nehmen m\u00f6chten<\/p>","protected":false},"featured_media":5057,"comment_status":"closed","ping_status":"closed","template":"","meta":{"om_disable_all_campaigns":true,"pmpro_default_level":"","_monsterinsights_skip_tracking":false,"_monsterinsights_sitenote_active":false,"_monsterinsights_sitenote_note":"","_monsterinsights_sitenote_category":0,"_uf_show_specific_survey":0,"_uf_disable_surveys":false},"product_brand":[],"product_cat":[189],"product_tag":[],"class_list":{"0":"post-6698","1":"product","2":"type-product","3":"status-publish","4":"has-post-thumbnail","6":"product_cat-uncategorized","7":"pmpro-has-access","9":"first","10":"instock","11":"taxable","12":"shipping-taxable","13":"purchasable","14":"product-type-simple"},"_links":{"self":[{"href":"https:\/\/coachtrigger.com\/de\/wp-json\/wp\/v2\/product\/6698","targetHints":{"allow":["GET"]}}],"collection":[{"href":"https:\/\/coachtrigger.com\/de\/wp-json\/wp\/v2\/product"}],"about":[{"href":"https:\/\/coachtrigger.com\/de\/wp-json\/wp\/v2\/types\/product"}],"replies":[{"embeddable":true,"href":"https:\/\/coachtrigger.com\/de\/wp-json\/wp\/v2\/comments?post=6698"}],"wp:featuredmedia":[{"embeddable":true,"href":"https:\/\/coachtrigger.com\/de\/wp-json\/wp\/v2\/media\/5057"}],"wp:attachment":[{"href":"https:\/\/coachtrigger.com\/de\/wp-json\/wp\/v2\/media?parent=6698"}],"wp:term":[{"taxonomy":"product_brand","embeddable":true,"href":"https:\/\/coachtrigger.com\/de\/wp-json\/wp\/v2\/product_brand?post=6698"},{"taxonomy":"product_cat","embeddable":true,"href":"https:\/\/coachtrigger.com\/de\/wp-json\/wp\/v2\/product_cat?post=6698"},{"taxonomy":"product_tag","embeddable":true,"href":"https:\/\/coachtrigger.com\/de\/wp-json\/wp\/v2\/product_tag?post=6698"}],"curies":[{"name":"wp","href":"https:\/\/api.w.org\/{rel}","templated":true}]}}