{"id":6429,"date":"2024-03-22T08:12:07","date_gmt":"2024-03-22T07:12:07","guid":{"rendered":"https:\/\/www.coachtrigger.com\/?page_id=6429"},"modified":"2024-09-30T21:00:27","modified_gmt":"2024-09-30T19:00:27","slug":"pricing-monochrome","status":"publish","type":"page","link":"https:\/\/coachtrigger.com\/de\/pricing-monochrome\/","title":{"rendered":"Preise \u2013 Live"},"content":{"rendered":"<div data-elementor-type=\"wp-page\" data-elementor-id=\"6429\" class=\"elementor elementor-6429\" data-elementor-post-type=\"page\">\n\t\t\t\t<div class=\"elementor-element elementor-element-378f384 e-flex e-con-boxed e-con e-parent\" data-id=\"378f384\" data-element_type=\"container\" data-e-type=\"container\" data-settings=\"{&quot;background_background&quot;:&quot;classic&quot;}\">\n\t\t\t\t\t<div class=\"e-con-inner\">\n\t\t<div class=\"elementor-element elementor-element-602709f e-con-full e-flex e-con e-child\" data-id=\"602709f\" data-element_type=\"container\" data-e-type=\"container\">\n\t\t\t\t<div class=\"elementor-element elementor-element-476ffc2 elementor-widget elementor-widget-heading\" data-id=\"476ffc2\" data-element_type=\"widget\" data-e-type=\"widget\" data-widget_type=\"heading.default\">\n\t\t\t\t<div class=\"elementor-widget-container\">\n\t\t\t\t\t<h1 class=\"elementor-heading-title elementor-size-default\">CoachTrigger mit KI-Coaching<\/h1>\t\t\t\t<\/div>\n\t\t\t\t<\/div>\n\t\t\t\t<div class=\"elementor-element elementor-element-45f52ec elementor-widget__width-initial mg-none elementor-widget elementor-widget-text-editor\" data-id=\"45f52ec\" data-element_type=\"widget\" data-e-type=\"widget\" data-widget_type=\"text-editor.default\">\n\t\t\t\t<div class=\"elementor-widget-container\">\n\t\t\t\t\t<div class=\"bb-theme-elementor-wrap bb-elementor-custom-color\">\t\t\t\t<p>Wir haben ein universelles Abonnementmodell entwickelt, das sowohl f\u00fcr kleinere Unternehmen als auch f\u00fcr gr\u00f6\u00dfere Unternehmenskunden geeignet ist.<\/p>\n<p><\/p>\n<p><strong>&nbsp;<\/strong><\/p>\n<p><strong>Monatliche Geb\u00fchr f\u00fcr die Plattform $99 + monatlich&nbsp;<\/strong><strong style=\"color: var( --e-global-color-3eed27b ); font-family: var( --e-global-typography-text-font-family ), Sans-serif; font-size: var( --e-global-typography-text-font-size ); background-color: var( --e-global-color-adf82bb );\">Geb\u00fchr pro Benutzer auf der Plattform $9<\/strong><\/p>\n<p><\/p>\n<p>Auf diese Weise steigen Ihre monatlichen Abonnementkosten ganz einfach mit der Anzahl der Benutzer auf Ihrer Plattform.&nbsp;<span style=\"background-color: var( --e-global-color-adf82bb ); color: var( --e-global-color-3eed27b ); font-family: var( --e-global-typography-text-font-family ), Sans-serif; font-size: var( --e-global-typography-text-font-size ); font-weight: var( --e-global-typography-text-font-weight );\">Unser Abonnement ist mit einer K\u00fcndigungsfrist von 30 Tagen ausgestattet, was Ihnen den Einstieg bei uns und auch die unkomplizierte Beendigung des Abonnements erleichtert.<\/span><\/p>\n<p><\/p>\n<p>Sie k\u00f6nnen die monatliche Geb\u00fchr wahlweise per automatischer Kartenzahlung oder per monatlicher automatischer Rechnung per Bank\u00fcberweisung bezahlen.<\/p>\n<p><\/p>\n<p>Wenn Sie uns kontaktieren, vereinbaren wir einen Videoanruf mit Ihnen, um Ihnen mehr \u00fcber die CoachTrigger-Plattform zu erkl\u00e4ren.<\/p>\n<p><\/p>\n<h6>(Preise exkl. MwSt.)<\/h6>\t\t\t\t<\/div>\t\t\t\t<\/div>\n\t\t\t\t<\/div>\n\t\t\t\t<div class=\"elementor-element elementor-element-3bd1685 main-btn elementor-widget elementor-widget-button\" data-id=\"3bd1685\" data-element_type=\"widget\" data-e-type=\"widget\" data-widget_type=\"button.default\">\n\t\t\t\t<div class=\"elementor-widget-container\">\n\t\t\t\t\t\t\t\t\t<div class=\"elementor-button-wrapper\">\n\t\t\t\t\t<a class=\"elementor-button elementor-button-link elementor-size-sm\" href=\"https:\/\/coachtrigger.com\/bookademo\/\">\n\t\t\t\t\t\t<span class=\"elementor-button-content-wrapper\">\n\t\t\t\t\t\t<span class=\"elementor-button-icon\">\n\t\t\t\t<svg xmlns=\"http:\/\/www.w3.org\/2000\/svg\" width=\"25\" height=\"24\" viewbox=\"0 0 25 24\" fill=\"none\"><path d=\"M13.1 12L8.5 7.4L9.9 6L15.9 12L9.9 18L8.5 16.6L13.1 12Z\" fill=\"white\"><\/path><\/svg>\t\t\t<\/span>\n\t\t\t\t\t\t\t\t\t<span class=\"elementor-button-text\">Senden Sie uns hier eine Nachricht<\/span>\n\t\t\t\t\t<\/span>\n\t\t\t\t\t<\/a>\n\t\t\t\t<\/div>\n\t\t\t\t\t\t\t\t<\/div>\n\t\t\t\t<\/div>\n\t\t\t\t<\/div>\n\t\t\t\t\t<\/div>\n\t\t\t\t<\/div>\n\t\t\t\t<\/div>","protected":false},"excerpt":{"rendered":"<p>CoachTrigger mit KI-Coaching Wir haben ein universelles Abonnementmodell entwickelt, das sowohl f\u00fcr kleinere Unternehmen als auch f\u00fcr gr\u00f6\u00dfere Unternehmenskunden geeignet ist. Monatliche Geb\u00fchr f\u00fcr\u2026<\/p>","protected":false},"author":3,"featured_media":2297,"parent":0,"menu_order":46,"comment_status":"closed","ping_status":"closed","template":"elementor_header_footer","meta":{"om_disable_all_campaigns":false,"pmpro_default_level":"","_monsterinsights_skip_tracking":false,"_monsterinsights_sitenote_active":false,"_monsterinsights_sitenote_note":"","_monsterinsights_sitenote_category":0,"_uf_show_specific_survey":0,"_uf_disable_surveys":false,"footnotes":""},"class_list":["post-6429","page","type-page","status-publish","has-post-thumbnail","hentry","pmpro-has-access"],"_links":{"self":[{"href":"https:\/\/coachtrigger.com\/de\/wp-json\/wp\/v2\/pages\/6429","targetHints":{"allow":["GET"]}}],"collection":[{"href":"https:\/\/coachtrigger.com\/de\/wp-json\/wp\/v2\/pages"}],"about":[{"href":"https:\/\/coachtrigger.com\/de\/wp-json\/wp\/v2\/types\/page"}],"author":[{"embeddable":true,"href":"https:\/\/coachtrigger.com\/de\/wp-json\/wp\/v2\/users\/3"}],"replies":[{"embeddable":true,"href":"https:\/\/coachtrigger.com\/de\/wp-json\/wp\/v2\/comments?post=6429"}],"version-history":[{"count":0,"href":"https:\/\/coachtrigger.com\/de\/wp-json\/wp\/v2\/pages\/6429\/revisions"}],"wp:featuredmedia":[{"embeddable":true,"href":"https:\/\/coachtrigger.com\/de\/wp-json\/wp\/v2\/media\/2297"}],"wp:attachment":[{"href":"https:\/\/coachtrigger.com\/de\/wp-json\/wp\/v2\/media?parent=6429"}],"curies":[{"name":"wp","href":"https:\/\/api.w.org\/{rel}","templated":true}]}}