{"id":3101,"date":"2024-02-01T11:37:49","date_gmt":"2024-02-01T10:37:49","guid":{"rendered":"https:\/\/www.coachtrigger.com\/?page_id=3101"},"modified":"2024-02-01T11:37:50","modified_gmt":"2024-02-01T10:37:50","slug":"how-to-request-the-deletion-of-your-account-from-coachtrigger","status":"publish","type":"page","link":"https:\/\/coachtrigger.com\/de\/how-to-request-the-deletion-of-your-account-from-coachtrigger\/","title":{"rendered":"So beantragen Sie die L\u00f6schung Ihres Kontos bei CoachTrigger"},"content":{"rendered":"<h4 class=\"wp-block-heading\">Unsere Datenschutzpraktiken verstehen<\/h4>\n\n\n\n<p>Bei CoachTrigger legen wir Wert auf Ihre Privatsph\u00e4re und verstehen die Bedeutung der pers\u00f6nlichen Daten, die Sie uns anvertrauen. Unsere Datenschutzrichtlinie beschreibt, wie wir mit diesen Daten umgehen. Hier m\u00f6chten wir jedoch speziell erl\u00e4utern, wie Sie die L\u00f6schung Ihres Kontos beantragen k\u00f6nnen und was mit Ihren Daten passiert, wenn Sie dies tun.<\/p>\n\n\n\n<h4 class=\"wp-block-heading\">Schritte zum Beantragen einer Kontol\u00f6schung<\/h4>\n\n\n\n<ol class=\"wp-block-list\">\n<li><strong>Eine E-Mail senden:<\/strong> Um die L\u00f6schung Ihres Kontos zu veranlassen, senden Sie bitte eine E-Mail an unser Support-Team unter <a>support@coachtrigger.com<\/a>.<\/li>\n\n\n\n<li><strong>Geben Sie die erforderlichen Details an:<\/strong> Geben Sie in Ihrer E-Mail Ihre Kontodetails an (z. B. Ihren Namen und Ihre Konto-ID), damit wir Ihr Konto schnell identifizieren k\u00f6nnen.<\/li>\n\n\n\n<li><strong>Geben Sie Ihr Anliegen an:<\/strong> Erw\u00e4hnen Sie deutlich, dass Sie Ihr Konto l\u00f6schen m\u00f6chten.<\/li>\n<\/ol>\n\n\n\n<h4 class=\"wp-block-heading\">Welche Daten wir speichern und warum<\/h4>\n\n\n\n<ul class=\"wp-block-list\">\n<li><strong>Pers\u00f6nliche Identifikationsinformationen:<\/strong> Dazu geh\u00f6ren Ihr Name, Ihre E-Mail-Adresse address, Ihre Postanschrift address und Ihre Telefonnummer. Wir erfassen diese Daten, um Ihr Erlebnis zu personalisieren und Ihnen ma\u00dfgeschneiderte Dienste anzubieten.<\/li>\n\n\n\n<li><strong>Nicht personenbezogene Identifikationsinformationen:<\/strong> Dazu geh\u00f6ren Browsertypen, Computertypen und technische Informationen zu Ihrer Verbindungsweise. Diese Daten helfen uns, die Funktionalit\u00e4t der Website und das Benutzererlebnis zu verbessern.<\/li>\n<\/ul>\n\n\n\n<h4 class=\"wp-block-heading\">Verwendung der gesammelten Informationen<\/h4>\n\n\n\n<ul class=\"wp-block-list\">\n<li><strong>Kommunikation und Feedback:<\/strong> Wir verwenden Ihre Informationen, um auf Ihre Anfragen zu antworten und Feedback zu sammeln.<\/li>\n\n\n\n<li><strong>Marketing und Analyse:<\/strong> Mit Ihrer Einwilligung nutzen wir Ihre Daten f\u00fcr Marketingzwecke und zur Analyse der Site-Nutzung, um unsere Dienste zu verbessern.<\/li>\n<\/ul>\n\n\n\n<h4 class=\"wp-block-heading\">Aufbewahrungsdauer der Daten<\/h4>\n\n\n\n<p>Wir bewahren Ihre personenbezogenen Daten so lange auf, wie dies f\u00fcr legitime Gesch\u00e4ftszwecke erforderlich ist, beispielsweise zur Einhaltung gesetzlicher Verpflichtungen, zur Streitbeilegung und zur Durchsetzung von Vereinbarungen. Nach Ablauf dieses Zeitraums werden Ihre Daten entweder gel\u00f6scht oder anonymisiert.<\/p>\n\n\n\n<h4 class=\"wp-block-heading\">Datensicherheit<\/h4>\n\n\n\n<p>Die Sicherheit Ihrer Daten hat oberste Priorit\u00e4t. Wir ergreifen geeignete Ma\u00dfnahmen, um Ihre Daten zu sch\u00fctzen. Bedenken Sie jedoch, dass keine Internet\u00fcbertragung vollkommen sicher ist.<\/p>\n\n\n\n<h4 class=\"wp-block-heading\">Datenl\u00f6schung beantragen<\/h4>\n\n\n\n<p>Wenn Sie die L\u00f6schung Ihres Kontos beantragen:<\/p>\n\n\n\n<ul class=\"wp-block-list\">\n<li><strong>Datenentfernung:<\/strong> Wir werden Ihre personenbezogenen Daten l\u00f6schen oder anonymisieren, es sei denn, wir m\u00fcssen sie aus rechtlichen, gesch\u00e4ftlichen oder Sicherheitsgr\u00fcnden aufbewahren.<\/li>\n\n\n\n<li><strong>Best\u00e4tigung:<\/strong> Sobald der L\u00f6schvorgang abgeschlossen ist, erhalten Sie eine Best\u00e4tigung.<\/li>\n<\/ul>\n\n\n\n<h4 class=\"wp-block-heading\">Kontaktinformationen<\/h4>\n\n\n\n<p>Bei Fragen zum Datenschutz oder zur Kontol\u00f6schung kontaktieren Sie uns bitte unter <a>contact@coachtrigger.com<\/a> oder per Post an unsere registrierte Adresse address.<\/p>\n\n\n\n<h4 class=\"wp-block-heading\">Akzeptanz der Datenschutzpraktiken<\/h4>\n\n\n\n<p>Durch die Nutzung von CoachTrigger erkennen Sie unsere Datenschutzpraktiken an, wie sie in unserer Datenschutzrichtlinie beschrieben sind, die ab dem 1. Dezember 2023 g\u00fcltig und zuletzt am 15. Dezember 2023 aktualisiert wurde.<\/p>","protected":false},"excerpt":{"rendered":"<p>Understanding Our Data Practices At CoachTrigger, we prioritize your privacy and understand the importance of the personal information you entrust to us. Our Privacy Policy&hellip;<\/p>","protected":false},"author":3,"featured_media":0,"parent":0,"menu_order":0,"comment_status":"closed","ping_status":"closed","template":"","meta":{"om_disable_all_campaigns":false,"pmpro_default_level":"","_monsterinsights_skip_tracking":false,"_monsterinsights_sitenote_active":false,"_monsterinsights_sitenote_note":"","_monsterinsights_sitenote_category":0,"_uf_show_specific_survey":0,"_uf_disable_surveys":false,"footnotes":""},"class_list":["post-3101","page","type-page","status-publish","hentry","pmpro-has-access"],"_links":{"self":[{"href":"https:\/\/coachtrigger.com\/de\/wp-json\/wp\/v2\/pages\/3101","targetHints":{"allow":["GET"]}}],"collection":[{"href":"https:\/\/coachtrigger.com\/de\/wp-json\/wp\/v2\/pages"}],"about":[{"href":"https:\/\/coachtrigger.com\/de\/wp-json\/wp\/v2\/types\/page"}],"author":[{"embeddable":true,"href":"https:\/\/coachtrigger.com\/de\/wp-json\/wp\/v2\/users\/3"}],"replies":[{"embeddable":true,"href":"https:\/\/coachtrigger.com\/de\/wp-json\/wp\/v2\/comments?post=3101"}],"version-history":[{"count":0,"href":"https:\/\/coachtrigger.com\/de\/wp-json\/wp\/v2\/pages\/3101\/revisions"}],"wp:attachment":[{"href":"https:\/\/coachtrigger.com\/de\/wp-json\/wp\/v2\/media?parent=3101"}],"curies":[{"name":"wp","href":"https:\/\/api.w.org\/{rel}","templated":true}]}}