{"id":227,"date":"2017-05-30T23:22:40","date_gmt":"2017-05-30T23:22:40","guid":{"rendered":"http:\/\/import.themovation.com\/embark\/river-rafting\/?page_id=144"},"modified":"2024-03-21T16:26:03","modified_gmt":"2024-03-21T15:26:03","slug":"support-help-faq-old","status":"publish","type":"page","link":"https:\/\/coachtrigger.com\/de\/support-help-faq-old\/","title":{"rendered":"Hilfe-Center alt"},"content":{"rendered":"<div data-elementor-type=\"wp-post\" data-elementor-id=\"227\" class=\"elementor elementor-227\" data-elementor-post-type=\"page\">\n\t\t\t\t\t\t<section class=\"elementor-section elementor-top-section elementor-element elementor-element-jcpoldy elementor-section-height-min-height elementor-section-full_width elementor-section-stretched elementor-section-height-default elementor-section-items-middle\" data-id=\"jcpoldy\" data-element_type=\"section\" data-e-type=\"section\" data-settings=\"{&quot;background_background&quot;:&quot;classic&quot;,&quot;stretch_section&quot;:&quot;section-stretched&quot;}\">\n\t\t\t\t\t\t\t<div class=\"elementor-background-overlay\"><\/div>\n\t\t\t\t\t\t\t<div class=\"elementor-container elementor-column-gap-default\">\n\t\t\t\t\t<div class=\"elementor-column elementor-col-100 elementor-top-column elementor-element elementor-element-bsvdawm\" data-id=\"bsvdawm\" data-element_type=\"column\" data-e-type=\"column\">\n\t\t\t<div class=\"elementor-widget-wrap elementor-element-populated\">\n\t\t\t\t\t\t<div class=\"elementor-element elementor-element-yo2cagj elementor-widget elementor-widget-spacer\" data-id=\"yo2cagj\" data-element_type=\"widget\" data-e-type=\"widget\" data-widget_type=\"spacer.default\">\n\t\t\t\t<div class=\"elementor-widget-container\">\n\t\t\t\t\t\t\t<div class=\"elementor-spacer\">\n\t\t\t<div class=\"elementor-spacer-inner\"><\/div>\n\t\t<\/div>\n\t\t\t\t\t\t<\/div>\n\t\t\t\t<\/div>\n\t\t\t\t<div class=\"elementor-element elementor-element-d1a7e44 elementor-widget elementor-widget-heading\" data-id=\"d1a7e44\" data-element_type=\"widget\" data-e-type=\"widget\" data-widget_type=\"heading.default\">\n\t\t\t\t<div class=\"elementor-widget-container\">\n\t\t\t\t\t<h2 class=\"elementor-heading-title elementor-size-xxl\">FAQ<\/h2>\t\t\t\t<\/div>\n\t\t\t\t<\/div>\n\t\t\t\t<div class=\"elementor-element elementor-element-addubne elementor-widget elementor-widget-spacer\" data-id=\"addubne\" data-element_type=\"widget\" data-e-type=\"widget\" data-widget_type=\"spacer.default\">\n\t\t\t\t<div class=\"elementor-widget-container\">\n\t\t\t\t\t\t\t<div class=\"elementor-spacer\">\n\t\t\t<div class=\"elementor-spacer-inner\"><\/div>\n\t\t<\/div>\n\t\t\t\t\t\t<\/div>\n\t\t\t\t<\/div>\n\t\t\t\t\t<\/div>\n\t\t<\/div>\n\t\t\t\t\t<\/div>\n\t\t<\/section>\n\t\t\t\t<section class=\"elementor-section elementor-top-section elementor-element elementor-element-ruyeqzk elementor-section-boxed elementor-section-height-default elementor-section-height-default\" data-id=\"ruyeqzk\" data-element_type=\"section\" data-e-type=\"section\" data-settings=\"{&quot;background_background&quot;:&quot;classic&quot;}\">\n\t\t\t\t\t\t<div class=\"elementor-container elementor-column-gap-default\">\n\t\t\t\t\t<div class=\"elementor-column elementor-col-100 elementor-top-column elementor-element elementor-element-rqrjwkf\" data-id=\"rqrjwkf\" data-element_type=\"column\" data-e-type=\"column\">\n\t\t\t<div class=\"elementor-widget-wrap elementor-element-populated\">\n\t\t\t\t\t\t<div class=\"elementor-element elementor-element-enrsgoy elementor-invisible elementor-widget elementor-widget-toggle\" data-id=\"enrsgoy\" data-element_type=\"widget\" data-e-type=\"widget\" data-settings=\"{&quot;_animation&quot;:&quot;fadeInLeft&quot;}\" data-widget_type=\"toggle.default\">\n\t\t\t\t<div class=\"elementor-widget-container\">\n\t\t\t\t\t\t\t<div class=\"elementor-toggle\">\n\t\t\t\t\t\t\t<div class=\"elementor-toggle-item\">\n\t\t\t\t\t<div id=\"elementor-tab-title-141\" class=\"elementor-tab-title\" data-tab=\"1\" role=\"button\" aria-controls=\"elementor-tab-content-141\" aria-expanded=\"false\">\n\t\t\t\t\t\t\t\t\t\t\t\t<span class=\"elementor-toggle-icon elementor-toggle-icon-left\" aria-hidden=\"true\">\n\t\t\t\t\t\t\t\t\t\t\t\t\t\t\t<span class=\"elementor-toggle-icon-closed\"><i class=\"fas fa-caret-right\"><\/i><\/span>\n\t\t\t\t\t\t\t\t<span class=\"elementor-toggle-icon-opened\"><i class=\"elementor-toggle-icon-opened fas fa-caret-up\"><\/i><\/span>\n\t\t\t\t\t\t\t\t\t\t\t\t\t<\/span>\n\t\t\t\t\t\t\t\t\t\t\t\t<a class=\"elementor-toggle-title\" tabindex=\"0\">Welche Vorteile bietet die CoachTrigger-Plattform?<\/a>\n\t\t\t\t\t<\/div>\n\n\t\t\t\t\t<div id=\"elementor-tab-content-141\" class=\"elementor-tab-content elementor-clearfix\" data-tab=\"1\" role=\"region\" aria-labelledby=\"elementor-tab-title-141\"><p>Als Business-Coach, Trainer, Teamleiter oder mitarbeiterverantwortlicher Manager bieten die CoachTrigger-Plattformen viele Vorteile.<\/p><ul><li>Einfachere Analyse der Probleme, die Einzelpersonen und Teams im Unternehmen haben.<\/li><li>Leichter zu erkennen, welche Coaching- und Schulungsma\u00dfnahmen auf individueller Ebene erforderlich sind.<\/li><li>Es ist einfacher, die Leistung jeder Person auf Tages-, Wochen-, Monats- und Jahresebene zu verfolgen.<\/li><li>Stellen Sie unser einzigartiges Konzept des \u201eSelbstcoachings\u201c vor, das es jedem Einzelnen erleichtert, h\u00f6here Ziele und Produktivit\u00e4t zu erreichen.<\/li><li>Transparentes Berichtssystem f\u00fcr alle Ebenen von Benutzern und Managern.<\/li><li>Punktesystem zur Motivation der Teammitglieder und zur Schaffung motivierenderer Belohnungssysteme.\u00a0<\/li><li>Bibliothek zum Hochladen von Schulungsvideos, Motivationsvideos und Dokumenten, die die Entwicklung der Teammitglieder unterst\u00fctzen.<\/li><li>Community-Funktion, in der Sie sich mit allen anderen mit CoachTrigger verbundenen Fachleuten vernetzen, diskutieren und Wissen teilen k\u00f6nnen.<\/li><li>Live-Support-Chat, der Ihnen hilft, das Beste aus der CoachTrigger-Plattform herauszuholen.<\/li><li>M\u00f6glichkeit, Live-Videotreffen mit unseren CoachTrigger-Experten zu vereinbaren, um Ihr Wissen und Ihre F\u00e4higkeiten als professioneller Coach oder Trainer zu verbessern.<\/li><\/ul><p>Um alle Vorteile der CoachTrigger-Plattform kennenzulernen, buchen Sie am besten ein Discovery Meeting mit uns. <a href=\"https:\/\/coachtrigger.com\/discovery\/\">Klicken Sie hier, um Ihr Discovery Meeting mit unserem Team zu buchen.<\/a>\u00a0<\/p><\/div>\n\t\t\t\t<\/div>\n\t\t\t\t\t\t\t<div class=\"elementor-toggle-item\">\n\t\t\t\t\t<div id=\"elementor-tab-title-142\" class=\"elementor-tab-title\" data-tab=\"2\" role=\"button\" aria-controls=\"elementor-tab-content-142\" aria-expanded=\"false\">\n\t\t\t\t\t\t\t\t\t\t\t\t<span class=\"elementor-toggle-icon elementor-toggle-icon-left\" aria-hidden=\"true\">\n\t\t\t\t\t\t\t\t\t\t\t\t\t\t\t<span class=\"elementor-toggle-icon-closed\"><i class=\"fas fa-caret-right\"><\/i><\/span>\n\t\t\t\t\t\t\t\t<span class=\"elementor-toggle-icon-opened\"><i class=\"elementor-toggle-icon-opened fas fa-caret-up\"><\/i><\/span>\n\t\t\t\t\t\t\t\t\t\t\t\t\t<\/span>\n\t\t\t\t\t\t\t\t\t\t\t\t<a class=\"elementor-toggle-title\" tabindex=\"0\">Wie kann ich ein Discovery Meeting buchen?<\/a>\n\t\t\t\t\t<\/div>\n\n\t\t\t\t\t<div id=\"elementor-tab-content-142\" class=\"elementor-tab-content elementor-clearfix\" data-tab=\"2\" role=\"region\" aria-labelledby=\"elementor-tab-title-142\"><p>Hier k\u00f6nnen Sie ein Discovery Meeting mit unserem Discovery Team buchen. Dort erfahren Sie alles \u00fcber die Vorteile unserer Plattform. <a href=\"https:\/\/coachtrigger.com\/discovery\/\">Klicken Sie hier, um Ihr Discovery Meeting mit unserem Team zu buchen.<\/a>\u00a0Oder<span style=\"background-color: var( --e-global-color-45bfa7a ); color: var(--bb-body-text-color);\">\u00a0Wenn Sie Fragen haben, k\u00f6nnen Sie sich jederzeit \u00fcber die Chat-Schaltfl\u00e4che auf Ihrem Bildschirm an unseren fantastischen Chat-Support rund um die Uhr wenden<\/span><\/p><\/div>\n\t\t\t\t<\/div>\n\t\t\t\t\t\t\t<div class=\"elementor-toggle-item\">\n\t\t\t\t\t<div id=\"elementor-tab-title-143\" class=\"elementor-tab-title\" data-tab=\"3\" role=\"button\" aria-controls=\"elementor-tab-content-143\" aria-expanded=\"false\">\n\t\t\t\t\t\t\t\t\t\t\t\t<span class=\"elementor-toggle-icon elementor-toggle-icon-left\" aria-hidden=\"true\">\n\t\t\t\t\t\t\t\t\t\t\t\t\t\t\t<span class=\"elementor-toggle-icon-closed\"><i class=\"fas fa-caret-right\"><\/i><\/span>\n\t\t\t\t\t\t\t\t<span class=\"elementor-toggle-icon-opened\"><i class=\"elementor-toggle-icon-opened fas fa-caret-up\"><\/i><\/span>\n\t\t\t\t\t\t\t\t\t\t\t\t\t<\/span>\n\t\t\t\t\t\t\t\t\t\t\t\t<a class=\"elementor-toggle-title\" tabindex=\"0\">Wie erstelle ich ein Konto?<\/a>\n\t\t\t\t\t<\/div>\n\n\t\t\t\t\t<div id=\"elementor-tab-content-143\" class=\"elementor-tab-content elementor-clearfix\" data-tab=\"3\" role=\"region\" aria-labelledby=\"elementor-tab-title-143\"><p>Gehe zum <a href=\"https:\/\/www.matrixperformancegroup.com\/pricing-monochrome\/\" target=\"_blank\" rel=\"noopener\">Preisseite<\/a> und w\u00e4hlen Sie einen Plan und t\u00e4tigen Sie Ihren Kauf. Sie werden aufgefordert, eine E-Mail-Adresse mit der Adresse address einzugeben und ein Passwort und einen Benutzernamen zu erstellen, die als Ihre Anmeldeinformationen dienen. <span style=\"background-color: var( --e-global-color-45bfa7a ); color: var(--bb-body-text-color);\">Wenn Sie Fragen haben, k\u00f6nnen Sie sich jederzeit \u00fcber die Chat-Schaltfl\u00e4che auf Ihrem Bildschirm an unseren fantastischen 24\/7-Chat-Support wenden<\/span><\/p><\/div>\n\t\t\t\t<\/div>\n\t\t\t\t\t\t\t<div class=\"elementor-toggle-item\">\n\t\t\t\t\t<div id=\"elementor-tab-title-144\" class=\"elementor-tab-title\" data-tab=\"4\" role=\"button\" aria-controls=\"elementor-tab-content-144\" aria-expanded=\"false\">\n\t\t\t\t\t\t\t\t\t\t\t\t<span class=\"elementor-toggle-icon elementor-toggle-icon-left\" aria-hidden=\"true\">\n\t\t\t\t\t\t\t\t\t\t\t\t\t\t\t<span class=\"elementor-toggle-icon-closed\"><i class=\"fas fa-caret-right\"><\/i><\/span>\n\t\t\t\t\t\t\t\t<span class=\"elementor-toggle-icon-opened\"><i class=\"elementor-toggle-icon-opened fas fa-caret-up\"><\/i><\/span>\n\t\t\t\t\t\t\t\t\t\t\t\t\t<\/span>\n\t\t\t\t\t\t\t\t\t\t\t\t<a class=\"elementor-toggle-title\" tabindex=\"0\">Gibt es eine kostenlose Testversion der CoachTrigger-Plattform?<\/a>\n\t\t\t\t\t<\/div>\n\n\t\t\t\t\t<div id=\"elementor-tab-content-144\" class=\"elementor-tab-content elementor-clearfix\" data-tab=\"4\" role=\"region\" aria-labelledby=\"elementor-tab-title-144\"><p>Es gibt eine zweiw\u00f6chige kostenlose Testversion der CoachTrigger-Plattform. Bitte <a href=\"https:\/\/coachtrigger.com\/membership-account\/membership-checkout\/?level=10\">Klicken Sie hier, um ein Testkonto zu er\u00f6ffnen.<\/a>\u00a0<span style=\"background-color: var( --e-global-color-45bfa7a ); color: var(--bb-body-text-color);\">Wenn Sie Fragen haben, k\u00f6nnen Sie sich jederzeit \u00fcber die Chat-Schaltfl\u00e4che auf Ihrem Bildschirm an unseren fantastischen 24\/7-Chat-Support wenden<\/span><\/p><\/div>\n\t\t\t\t<\/div>\n\t\t\t\t\t\t\t<div class=\"elementor-toggle-item\">\n\t\t\t\t\t<div id=\"elementor-tab-title-145\" class=\"elementor-tab-title\" data-tab=\"5\" role=\"button\" aria-controls=\"elementor-tab-content-145\" aria-expanded=\"false\">\n\t\t\t\t\t\t\t\t\t\t\t\t<span class=\"elementor-toggle-icon elementor-toggle-icon-left\" aria-hidden=\"true\">\n\t\t\t\t\t\t\t\t\t\t\t\t\t\t\t<span class=\"elementor-toggle-icon-closed\"><i class=\"fas fa-caret-right\"><\/i><\/span>\n\t\t\t\t\t\t\t\t<span class=\"elementor-toggle-icon-opened\"><i class=\"elementor-toggle-icon-opened fas fa-caret-up\"><\/i><\/span>\n\t\t\t\t\t\t\t\t\t\t\t\t\t<\/span>\n\t\t\t\t\t\t\t\t\t\t\t\t<a class=\"elementor-toggle-title\" tabindex=\"0\">Wie sehen Ihre Preispl\u00e4ne aus?<\/a>\n\t\t\t\t\t<\/div>\n\n\t\t\t\t\t<div id=\"elementor-tab-content-145\" class=\"elementor-tab-content elementor-clearfix\" data-tab=\"5\" role=\"region\" aria-labelledby=\"elementor-tab-title-145\"><p>Wir haben drei verschiedene Preisstufen. Sie k\u00f6nnen Ihre kostenpflichtige Stufe jederzeit upgraden oder downgraden. <a href=\"https:\/\/coachtrigger.com\/pricing-monochrome\/\">Bitte sehen Sie sich hier unsere Preisstufen an.<\/a>\u00a0<span style=\"background-color: var( --e-global-color-45bfa7a ); color: var(--bb-body-text-color);\">Wenn Sie Fragen haben, k\u00f6nnen Sie sich jederzeit \u00fcber die Chat-Schaltfl\u00e4che auf Ihrem Bildschirm an unseren fantastischen 24\/7-Chat-Support wenden<\/span><\/p><\/div>\n\t\t\t\t<\/div>\n\t\t\t\t\t\t\t<div class=\"elementor-toggle-item\">\n\t\t\t\t\t<div id=\"elementor-tab-title-146\" class=\"elementor-tab-title\" data-tab=\"6\" role=\"button\" aria-controls=\"elementor-tab-content-146\" aria-expanded=\"false\">\n\t\t\t\t\t\t\t\t\t\t\t\t<span class=\"elementor-toggle-icon elementor-toggle-icon-left\" aria-hidden=\"true\">\n\t\t\t\t\t\t\t\t\t\t\t\t\t\t\t<span class=\"elementor-toggle-icon-closed\"><i class=\"fas fa-caret-right\"><\/i><\/span>\n\t\t\t\t\t\t\t\t<span class=\"elementor-toggle-icon-opened\"><i class=\"elementor-toggle-icon-opened fas fa-caret-up\"><\/i><\/span>\n\t\t\t\t\t\t\t\t\t\t\t\t\t<\/span>\n\t\t\t\t\t\t\t\t\t\t\t\t<a class=\"elementor-toggle-title\" tabindex=\"0\">Wie kann ich mein Abonnement upgraden oder downgraden?<\/a>\n\t\t\t\t\t<\/div>\n\n\t\t\t\t\t<div id=\"elementor-tab-content-146\" class=\"elementor-tab-content elementor-clearfix\" data-tab=\"6\" role=\"region\" aria-labelledby=\"elementor-tab-title-146\"><p>Nachdem Sie einen Plan erworben haben und angemeldet sind, wird im oberen Men\u00fc eine Schaltfl\u00e4che mit der Bezeichnung \u201ePl\u00e4ne\u201c angezeigt.\u00a0<span style=\"background-color: var( --e-global-color-45bfa7a ); color: var(--bb-body-text-color);\">Wenn Sie dort klicken, k\u00f6nnen Sie jederzeit zu einem h\u00f6heren oder niedrigeren Tarif wechseln.\u00a0<\/span><span style=\"background-color: var( --e-global-color-45bfa7a ); color: var(--bb-body-text-color);\">Wenn Sie Fragen haben, k\u00f6nnen Sie sich jederzeit \u00fcber die Chat-Schaltfl\u00e4che auf Ihrem Bildschirm an unseren fantastischen 24\/7-Chat-Support wenden<\/span><\/p><\/div>\n\t\t\t\t<\/div>\n\t\t\t\t\t\t\t<div class=\"elementor-toggle-item\">\n\t\t\t\t\t<div id=\"elementor-tab-title-147\" class=\"elementor-tab-title\" data-tab=\"7\" role=\"button\" aria-controls=\"elementor-tab-content-147\" aria-expanded=\"false\">\n\t\t\t\t\t\t\t\t\t\t\t\t<span class=\"elementor-toggle-icon elementor-toggle-icon-left\" aria-hidden=\"true\">\n\t\t\t\t\t\t\t\t\t\t\t\t\t\t\t<span class=\"elementor-toggle-icon-closed\"><i class=\"fas fa-caret-right\"><\/i><\/span>\n\t\t\t\t\t\t\t\t<span class=\"elementor-toggle-icon-opened\"><i class=\"elementor-toggle-icon-opened fas fa-caret-up\"><\/i><\/span>\n\t\t\t\t\t\t\t\t\t\t\t\t\t<\/span>\n\t\t\t\t\t\t\t\t\t\t\t\t<a class=\"elementor-toggle-title\" tabindex=\"0\">Welche Zahlungsmethoden werden akzeptiert?<\/a>\n\t\t\t\t\t<\/div>\n\n\t\t\t\t\t<div id=\"elementor-tab-content-147\" class=\"elementor-tab-content elementor-clearfix\" data-tab=\"7\" role=\"region\" aria-labelledby=\"elementor-tab-title-147\"><p>Unsere Zahlungsplattform ist mit Stripe verbunden und Sie k\u00f6nnen jede beliebige Debit- oder Kreditkarte verwenden, wenn Sie sich f\u00fcr unser monatliches Abonnement anmelden. Ihre Transaktion ist SSL-verschl\u00fcsselt und y<span style=\"background-color: var( --e-global-color-45bfa7a ); color: var(--bb-body-text-color);\">Unsere Kartendaten werden sicher auf der Stripe-Plattform gespeichert, nicht auf unserer Website.\u00a0<\/span><a href=\"https:\/\/www.matrixperformancegroup.com\/pricing-monochrome\/\" target=\"_blank\" rel=\"noopener\">Sehen Sie sich hier unsere Preisstufen an.<\/a>\u00a0<span style=\"background-color: var( --e-global-color-45bfa7a ); color: var(--bb-body-text-color);\">Wenn Sie Fragen haben, k\u00f6nnen Sie sich jederzeit \u00fcber die Chat-Schaltfl\u00e4che auf Ihrem Bildschirm an unseren fantastischen 24\/7-Chat-Support wenden<\/span><\/p><\/div>\n\t\t\t\t<\/div>\n\t\t\t\t\t\t\t<div class=\"elementor-toggle-item\">\n\t\t\t\t\t<div id=\"elementor-tab-title-148\" class=\"elementor-tab-title\" data-tab=\"8\" role=\"button\" aria-controls=\"elementor-tab-content-148\" aria-expanded=\"false\">\n\t\t\t\t\t\t\t\t\t\t\t\t<span class=\"elementor-toggle-icon elementor-toggle-icon-left\" aria-hidden=\"true\">\n\t\t\t\t\t\t\t\t\t\t\t\t\t\t\t<span class=\"elementor-toggle-icon-closed\"><i class=\"fas fa-caret-right\"><\/i><\/span>\n\t\t\t\t\t\t\t\t<span class=\"elementor-toggle-icon-opened\"><i class=\"elementor-toggle-icon-opened fas fa-caret-up\"><\/i><\/span>\n\t\t\t\t\t\t\t\t\t\t\t\t\t<\/span>\n\t\t\t\t\t\t\t\t\t\t\t\t<a class=\"elementor-toggle-title\" tabindex=\"0\">Wie lauten Ihre Stornierungsbedingungen?<\/a>\n\t\t\t\t\t<\/div>\n\n\t\t\t\t\t<div id=\"elementor-tab-content-148\" class=\"elementor-tab-content elementor-clearfix\" data-tab=\"8\" role=\"region\" aria-labelledby=\"elementor-tab-title-148\"><p>Nachdem Sie sich f\u00fcr einen unserer Pl\u00e4ne angemeldet haben, k\u00f6nnen Sie Ihr Konto jederzeit mit einer 30-t\u00e4gigen K\u00fcndigungsfrist f\u00fcr das Abonnement l\u00f6schen.\u00a0<span style=\"background-color: var( --e-global-color-45bfa7a ); color: var(--bb-body-text-color);\">Wenn Sie Fragen haben, k\u00f6nnen Sie sich jederzeit \u00fcber die Chat-Schaltfl\u00e4che auf Ihrem Bildschirm an unseren fantastischen 24\/7-Chat-Support wenden<\/span><\/p><\/div>\n\t\t\t\t<\/div>\n\t\t\t\t\t\t\t<div class=\"elementor-toggle-item\">\n\t\t\t\t\t<div id=\"elementor-tab-title-149\" class=\"elementor-tab-title\" data-tab=\"9\" role=\"button\" aria-controls=\"elementor-tab-content-149\" aria-expanded=\"false\">\n\t\t\t\t\t\t\t\t\t\t\t\t<span class=\"elementor-toggle-icon elementor-toggle-icon-left\" aria-hidden=\"true\">\n\t\t\t\t\t\t\t\t\t\t\t\t\t\t\t<span class=\"elementor-toggle-icon-closed\"><i class=\"fas fa-caret-right\"><\/i><\/span>\n\t\t\t\t\t\t\t\t<span class=\"elementor-toggle-icon-opened\"><i class=\"elementor-toggle-icon-opened fas fa-caret-up\"><\/i><\/span>\n\t\t\t\t\t\t\t\t\t\t\t\t\t<\/span>\n\t\t\t\t\t\t\t\t\t\t\t\t<a class=\"elementor-toggle-title\" tabindex=\"0\">Wie kann ich mit der Nutzung der CoachTrigger-Software beginnen?<\/a>\n\t\t\t\t\t<\/div>\n\n\t\t\t\t\t<div id=\"elementor-tab-content-149\" class=\"elementor-tab-content elementor-clearfix\" data-tab=\"9\" role=\"region\" aria-labelledby=\"elementor-tab-title-149\"><p>Sobald Sie sich f\u00fcr einen unserer Pl\u00e4ne angemeldet haben, k\u00f6nnen Sie Ihr CoachTrigger-Profil auf unserer Community-Plattform sehen.\u00a0<\/p><p>Wenn Sie auf die Men\u00fcschaltfl\u00e4chen \u201eApp anmelden\u201c und \u201eDashboard anmelden\u201c klicken, werden Sie automatisch in unserer CoachTrigger-Software angemeldet. Sie sehen dann ein Test-Client-System, mit dem Sie herumspielen k\u00f6nnen. Nutzen Sie unsere Tutorials unter der Men\u00fcschaltfl\u00e4che \u201eSupport\u201c, um zu erfahren, wie Sie CoachTrigger einrichten und verwenden, oder klicken Sie einfach auf die Chat-Schaltfl\u00e4che und nutzen Sie unseren fantastischen Live-Chat-Support rund um die Uhr.\u00a0<\/p><\/div>\n\t\t\t\t<\/div>\n\t\t\t\t\t\t\t<div class=\"elementor-toggle-item\">\n\t\t\t\t\t<div id=\"elementor-tab-title-1410\" class=\"elementor-tab-title\" data-tab=\"10\" role=\"button\" aria-controls=\"elementor-tab-content-1410\" aria-expanded=\"false\">\n\t\t\t\t\t\t\t\t\t\t\t\t<span class=\"elementor-toggle-icon elementor-toggle-icon-left\" aria-hidden=\"true\">\n\t\t\t\t\t\t\t\t\t\t\t\t\t\t\t<span class=\"elementor-toggle-icon-closed\"><i class=\"fas fa-caret-right\"><\/i><\/span>\n\t\t\t\t\t\t\t\t<span class=\"elementor-toggle-icon-opened\"><i class=\"elementor-toggle-icon-opened fas fa-caret-up\"><\/i><\/span>\n\t\t\t\t\t\t\t\t\t\t\t\t\t<\/span>\n\t\t\t\t\t\t\t\t\t\t\t\t<a class=\"elementor-toggle-title\" tabindex=\"0\">Wie kann ich mein Passwort zur\u00fccksetzen?<\/a>\n\t\t\t\t\t<\/div>\n\n\t\t\t\t\t<div id=\"elementor-tab-content-1410\" class=\"elementor-tab-content elementor-clearfix\" data-tab=\"10\" role=\"region\" aria-labelledby=\"elementor-tab-title-1410\"><p>Klicken Sie auf die blaue Schaltfl\u00e4che \u201eAnmelden\u201c in der oberen rechten Ecke Ihres Bildschirms. Unter dem Anmeldefenster finden Sie einen blauen Link mit der Aufschrift \u201ePasswort vergessen\u201c. Klicken Sie dort und fordern Sie die Einrichtung eines neuen Passworts an.\u00a0<span style=\"background-color: var( --e-global-color-45bfa7a ); color: var(--bb-body-text-color);\">Wenn Sie Fragen haben, k\u00f6nnen Sie sich jederzeit \u00fcber die Chat-Schaltfl\u00e4che auf Ihrem Bildschirm an unseren fantastischen 24\/7-Chat-Support wenden<\/span><\/p><\/div>\n\t\t\t\t<\/div>\n\t\t\t\t\t\t\t<div class=\"elementor-toggle-item\">\n\t\t\t\t\t<div id=\"elementor-tab-title-1411\" class=\"elementor-tab-title\" data-tab=\"11\" role=\"button\" aria-controls=\"elementor-tab-content-1411\" aria-expanded=\"false\">\n\t\t\t\t\t\t\t\t\t\t\t\t<span class=\"elementor-toggle-icon elementor-toggle-icon-left\" aria-hidden=\"true\">\n\t\t\t\t\t\t\t\t\t\t\t\t\t\t\t<span class=\"elementor-toggle-icon-closed\"><i class=\"fas fa-caret-right\"><\/i><\/span>\n\t\t\t\t\t\t\t\t<span class=\"elementor-toggle-icon-opened\"><i class=\"elementor-toggle-icon-opened fas fa-caret-up\"><\/i><\/span>\n\t\t\t\t\t\t\t\t\t\t\t\t\t<\/span>\n\t\t\t\t\t\t\t\t\t\t\t\t<a class=\"elementor-toggle-title\" tabindex=\"0\">Was passiert, wenn ich meinen Benutzernamen vergesse?<\/a>\n\t\t\t\t\t<\/div>\n\n\t\t\t\t\t<div id=\"elementor-tab-content-1411\" class=\"elementor-tab-content elementor-clearfix\" data-tab=\"11\" role=\"region\" aria-labelledby=\"elementor-tab-title-1411\"><p>Wenn Sie sich nicht an Ihren Benutzernamen erinnern k\u00f6nnen, einfach <a href=\"https:\/\/www.matrixperformancegroup.com\/bookademo\/\" target=\"_blank\" rel=\"noopener\">Senden Sie uns hier eine Nachricht<\/a> und wir werden Ihnen in K\u00fcrze mit Ihrem Benutzernamen antworten.<\/p><\/div>\n\t\t\t\t<\/div>\n\t\t\t\t\t\t\t<div class=\"elementor-toggle-item\">\n\t\t\t\t\t<div id=\"elementor-tab-title-1412\" class=\"elementor-tab-title\" data-tab=\"12\" role=\"button\" aria-controls=\"elementor-tab-content-1412\" aria-expanded=\"false\">\n\t\t\t\t\t\t\t\t\t\t\t\t<span class=\"elementor-toggle-icon elementor-toggle-icon-left\" aria-hidden=\"true\">\n\t\t\t\t\t\t\t\t\t\t\t\t\t\t\t<span class=\"elementor-toggle-icon-closed\"><i class=\"fas fa-caret-right\"><\/i><\/span>\n\t\t\t\t\t\t\t\t<span class=\"elementor-toggle-icon-opened\"><i class=\"elementor-toggle-icon-opened fas fa-caret-up\"><\/i><\/span>\n\t\t\t\t\t\t\t\t\t\t\t\t\t<\/span>\n\t\t\t\t\t\t\t\t\t\t\t\t<a class=\"elementor-toggle-title\" tabindex=\"0\">Wie sch\u00fctzen Sie meine pers\u00f6nlichen Daten?<\/a>\n\t\t\t\t\t<\/div>\n\n\t\t\t\t\t<div id=\"elementor-tab-content-1412\" class=\"elementor-tab-content elementor-clearfix\" data-tab=\"12\" role=\"region\" aria-labelledby=\"elementor-tab-title-1412\"><p>Wir befolgen alle DSGVO-Standards, wenn es um den Schutz Ihrer pers\u00f6nlichen Daten geht.\u00a0<span style=\"background-color: var( --e-global-color-45bfa7a ); color: var(--bb-body-text-color);\">Ihre Kartendaten werden auf der Stripe-Zahlungsplattform und nicht auf unserer Webseite gespeichert und Ihre Profilinformationen werden durch unsere sichere Serverumgebung gesch\u00fctzt.\u00a0<\/span><span style=\"background-color: var( --e-global-color-45bfa7a ); color: var(--bb-body-text-color);\">Unsere Webseite ist durch die Cloudflare-Software gesch\u00fctzt und unsere Server werden 24 Stunden am Tag von unserem Serveranbieter \u00fcberwacht.\u00a0<\/span><span style=\"background-color: var( --e-global-color-45bfa7a ); color: var(--bb-body-text-color);\">Hier k\u00f6nnen Sie unsere lesen <\/span><a href=\"https:\/\/www.matrixperformancegroup.com\/privacy-policy-2\/\" target=\"_blank\" rel=\"noopener\">Privatrichtlinie<\/a><span style=\"background-color: var( --e-global-color-45bfa7a ); color: var(--bb-body-text-color);\">\u00a0und unser <\/span><a href=\"https:\/\/www.matrixperformancegroup.com\/terms-of-service\/\" target=\"_blank\" rel=\"noopener\">Nutzungsbedingungen <\/a><span style=\"background-color: var( --e-global-color-45bfa7a ); color: var(--bb-body-text-color);\">Aussagen.<\/span><\/p><\/div>\n\t\t\t\t<\/div>\n\t\t\t\t\t\t\t\t<\/div>\n\t\t\t\t\t\t<\/div>\n\t\t\t\t<\/div>\n\t\t\t\t<div class=\"elementor-element elementor-element-9a129d3 elementor-align-center elementor-widget elementor-widget-button\" data-id=\"9a129d3\" data-element_type=\"widget\" data-e-type=\"widget\" data-widget_type=\"button.default\">\n\t\t\t\t<div class=\"elementor-widget-container\">\n\t\t\t\t\t\t\t\t\t<div class=\"elementor-button-wrapper\">\n\t\t\t\t\t<a class=\"elementor-button elementor-button-link elementor-size-sm\" href=\"https:\/\/www.matrixperformancegroup.com\/bookademo\/\" target=\"_blank\" rel=\"noopener\">\n\t\t\t\t\t\t<span class=\"elementor-button-content-wrapper\">\n\t\t\t\t\t\t<span class=\"elementor-button-icon\">\n\t\t\t\t<i aria-hidden=\"true\" class=\"th-linea icon th-linea icon-arrows-right\"><\/i>\t\t\t<\/span>\n\t\t\t\t\t\t\t\t\t<span class=\"elementor-button-text\">SENDEN SIE UNS HIER EINE NACHRICHT<\/span>\n\t\t\t\t\t<\/span>\n\t\t\t\t\t<\/a>\n\t\t\t\t<\/div>\n\t\t\t\t\t\t\t\t<\/div>\n\t\t\t\t<\/div>\n\t\t\t\t\t<\/div>\n\t\t<\/div>\n\t\t\t\t\t<\/div>\n\t\t<\/section>\n\t\t\t\t<\/div>","protected":false},"excerpt":{"rendered":"<p>FAQ We&#8217;re here to help Get instant answers here to all the most common questions about us, or click the chat button and ask our&hellip;<\/p>","protected":false},"author":4,"featured_media":2297,"parent":0,"menu_order":55,"comment_status":"closed","ping_status":"closed","template":"page-fullwidth.php","meta":{"om_disable_all_campaigns":false,"pmpro_default_level":"","_monsterinsights_skip_tracking":false,"_monsterinsights_sitenote_active":false,"_monsterinsights_sitenote_note":"","_monsterinsights_sitenote_category":0,"_uf_show_specific_survey":0,"_uf_disable_surveys":false,"footnotes":""},"class_list":["post-227","page","type-page","status-publish","has-post-thumbnail","hentry","pmpro-has-access"],"_links":{"self":[{"href":"https:\/\/coachtrigger.com\/de\/wp-json\/wp\/v2\/pages\/227","targetHints":{"allow":["GET"]}}],"collection":[{"href":"https:\/\/coachtrigger.com\/de\/wp-json\/wp\/v2\/pages"}],"about":[{"href":"https:\/\/coachtrigger.com\/de\/wp-json\/wp\/v2\/types\/page"}],"author":[{"embeddable":true,"href":"https:\/\/coachtrigger.com\/de\/wp-json\/wp\/v2\/users\/4"}],"replies":[{"embeddable":true,"href":"https:\/\/coachtrigger.com\/de\/wp-json\/wp\/v2\/comments?post=227"}],"version-history":[{"count":0,"href":"https:\/\/coachtrigger.com\/de\/wp-json\/wp\/v2\/pages\/227\/revisions"}],"wp:featuredmedia":[{"embeddable":true,"href":"https:\/\/coachtrigger.com\/de\/wp-json\/wp\/v2\/media\/2297"}],"wp:attachment":[{"href":"https:\/\/coachtrigger.com\/de\/wp-json\/wp\/v2\/media?parent=227"}],"curies":[{"name":"wp","href":"https:\/\/api.w.org\/{rel}","templated":true}]}}